{"id":9173,"date":"2018-09-24T10:24:03","date_gmt":"2018-09-24T10:24:03","guid":{"rendered":"http:\/\/tanz-bruecke.de\/ja\/?page_id=9173"},"modified":"2024-01-13T11:26:50","modified_gmt":"2024-01-13T11:26:50","slug":"kosten","status":"publish","type":"page","link":"https:\/\/tanz-bruecke.de\/ja\/mini-kindergarten-die-knirpse\/kosten\/","title":{"rendered":"KOSTEN"},"content":{"rendered":"<p>&nbsp;<\/p>\n<p><span style=\"color: #119999;\"><strong>KOSTEN<\/strong><\/span><\/p>\n<p><span style=\"font-weight: 400; color: #119999;\">\u201e<strong>WUSELINI<\/strong>\u201c\u00a0ist eine anerkannte Kinder-Gro\u00dftagespflegestelle, so dass die Kinderbetreuungsleistungen von der Kindertagespflege bezahlt werden. F\u00fcr einen 8-Stunden-<strong>Gutschein<\/strong> bezahlen die Eltern einen Beitrag entsprechend ihrem Familieneinkommen.<\/span><\/p>\n<p><span style=\"color: #119999;\"><span style=\"font-weight: 400;\">Bitte beachten Sie, dass wir anstelle der Kita-Gutscheine <strong>Tagespflege-Gutscheine<\/strong> akzeptieren. Der Gutschein muss vor dem Beginn der Betreuung gestellt werden. <\/span><span style=\"font-weight: 400;\">Ihr Vorteil ist, dass Sie f\u00fcr eine 6-st\u00fcndige Betreuung (30 Stunden Gutschein) in der Kindertagespflege\u00a0 keinen Beitrag bezahlen.<\/span><\/span><\/p>\n<p><span style=\"font-weight: 400; color: #119999;\">Bezahlung f\u00fcr Unterricht und Mahlzeiten:<\/span><\/p>\n<ul>\n<li style=\"font-weight: 400;\"><span style=\"font-weight: 400; color: #119999;\">Sprachf\u00f6rderung (Russisch, Deutsch) w\u00e4hrend der Betreuungszeit &#8211; kostenlos;<\/span><\/li>\n<li style=\"font-weight: 400;\"><span style=\"font-weight: 400; color: #119999;\">Unterricht von Fachp\u00e4dagogen der Tanzbr\u00fccke Hamburg e.V. (Sport + Musik + Kunst) <strong>50<\/strong> \u20ac\/Monat;<\/span><\/li>\n<li style=\"font-weight: 400;\"><span style=\"font-weight: 400; color: #119999;\">BIO-Essen. Fr\u00fchst\u00fcck &#8211; Buffet. Warmes Mittagessen. Obst, Gem\u00fcse, Getr\u00e4nke w\u00e4hrend des Tages. Festliche Tafel f\u00fcr den Geburtstag jedes Kindes. <strong>50<\/strong> \u20ac\/Monat.\u00a0<\/span><\/li>\n<\/ul>\n<p>&nbsp;<\/p>\n<p><strong><span style=\"color: #0d7d85;\">\u041e\u041f\u041b\u0410\u0422\u0410<\/span><\/strong><\/p>\n<p><span style=\"color: #0d7d85;\">\u0414\u0432\u0443\u044f\u0437\u044b\u0447\u043d\u044b\u0439 \u0434\u0435\u0442\u0441\u043a\u0438\u0439 \u043c\u0438\u043d\u0438-\u0441\u0430\u0434\u0438\u043a\u00a0<span style=\"font-weight: 400; color: #119999;\">\u201e<strong>WUSELINI<\/strong>\u201c<\/span> \u044f\u0432\u043b\u044f\u0435\u0442\u0441\u044f <strong>\u043f\u0440\u0438\u0437\u043d\u0430\u043d\u043d\u043e\u0439 Kinder Gro\u00dftagespflegestelle<\/strong>, \u043f\u043e\u044d\u0442\u043e\u043c\u0443 \u043e\u043f\u043b\u0430\u0442\u0443 \u0443\u0441\u043b\u0443\u0433 \u043f\u043e \u043f\u0440\u0438\u0441\u043c\u043e\u0442\u0440\u0443 \u0437\u0430 \u0440\u0435\u0431\u0451\u043d\u043a\u043e\u043c \u0431\u0435\u0440\u0451\u0442 \u043d\u0430 \u0441\u0435\u0431\u044f Kindertagespflege. \u0417\u0430 8-\u043c\u0438 \u0447\u0430\u0441\u043e\u0432\u043e\u0439 \u0433\u0443\u0442\u0448\u0430\u0439\u043d \u0440\u043e\u0434\u0438\u0442\u0435\u043b\u0438 \u0434\u043e\u043f\u043b\u0430\u0447\u0438\u0432\u0430\u044e\u0442 \u043f\u043e \u0443\u0441\u0442\u0430\u043d\u043e\u0432\u043b\u0435\u043d\u043d\u043e\u0439 \u0441\u0445\u0435\u043c\u0435, \u0432 \u0441\u043e\u043e\u0442\u0432\u0435\u0442\u0441\u0442\u0432\u0438\u0438 \u0441 \u0443\u0440\u043e\u0432\u043d\u0435\u043c \u0434\u043e\u0445\u043e\u0434\u0430 \u0441\u0435\u043c\u044c\u0438.<\/span><\/p>\n<p><span style=\"color: #0d7d85;\">\u041e\u0431\u0440\u0430\u0442\u0438\u0442\u0435 \u0432\u043d\u0438\u043c\u0430\u043d\u0438\u0435, \u0447\u0442\u043e \u043c\u044b \u043f\u0440\u0438\u043d\u0438\u043c\u0430\u0435\u043c <strong>Tagespflege \u0433\u0443\u0442\u0448\u0430\u0439\u043d\u044b<\/strong> \u0432\u043c\u0435\u0441\u0442\u043e Kita \u0433\u0443\u0442\u0448\u0430\u0439\u043d\u043e\u0432. \u0412\u0430\u0448\u0435 \u043f\u0440\u0435\u0438\u043c\u0443\u0449\u0435\u0441\u0442\u0432\u043e &#8211; \u0412\u044b \u041d\u0415 \u0434\u043e\u043f\u043b\u0430\u0447\u0438\u0432\u0430\u0435\u0442\u0435 \u0437\u0430 6-\u0442\u0438 \u0447\u0430\u0441\u043e\u0432\u043e\u0439 \u0433\u0443\u0442\u0448\u0430\u0439\u043d.<\/span><\/p>\n<p><strong><span style=\"color: #0d7d85;\">\u041e\u043f\u043b\u0430\u0442\u0430 \u0437\u0430\u043d\u044f\u0442\u0438\u0439 \u0438 \u043f\u0438\u0442\u0430\u043d\u0438\u044f:<\/span><\/strong><\/p>\n<p><span style=\"color: #0d7d85;\">\u2022 \u0417\u0430\u043d\u044f\u0442\u0438\u044f \u043f\u043e \u0440\u0430\u0437\u0432\u0438\u0442\u0438\u044e \u0440\u0435\u0447\u0438 (\u0440\u0443\u0441\u0441\u043a\u0438\u0439, \u043d\u0435\u043c\u0435\u0446\u043a\u0438\u0439 \u044f\u0437\u044b\u043a\u0438) &#8211; \u0431\u0435\u0441\u043f\u043b\u0430\u0442\u043d\u043e;<\/span><br \/>\n<span style=\"color: #0d7d85;\">\u2022 \u0417\u0430\u043d\u044f\u0442\u0438\u044f \u0441 \u043f\u0435\u0434\u0430\u0433\u043e\u0433\u0430\u043c\u0438 <em>Tanzbr\u00fccke Hamburg e. V.<\/em> (\u0441\u043f\u043e\u0440\u0442 + \u043c\u0443\u0437\u044b\u043a\u0430 + \u0418\u0417\u041e) &#8211; <strong>\u20ac50<\/strong>\/\u043c\u0435\u0441\u044f\u0446;<\/span><br \/>\n<span style=\"color: #0d7d85;\">\u2022 BIO \u043f\u0438\u0442\u0430\u043d\u0438\u0435.<\/span><\/p>\n<p><span style=\"color: #0d7d85;\">\u0417\u0430\u0432\u0442\u0440\u0430\u043a &#8211; \u0431\u0443\u0444\u0435\u0442. \u0413\u043e\u0440\u044f\u0447\u0438\u0439 \u043e\u0431\u0435\u0434. \u041f\u043e\u043b\u0434\u043d\u0438\u043a. \u0424\u0440\u0443\u043a\u0442\u044b, \u043e\u0432\u043e\u0449\u0438, \u043d\u0430\u043f\u0438\u0442\u043a\u0438 \u0432 \u0442\u0435\u0447\u0435\u043d\u0438\u0435 \u0434\u043d\u044f. \u041f\u0440\u0430\u0437\u0434\u043d\u0438\u0447\u043d\u044b\u0439 \u0441\u0442\u043e\u043b \u0432 \u0447\u0435\u0441\u0442\u044c \u0434\u043d\u044f \u0440\u043e\u0436\u0434\u0435\u043d\u0438\u044f \u043a\u0430\u0436\u0434\u043e\u0433\u043e \u0440\u0435\u0431\u0451\u043d\u043a\u0430 &#8211; <strong>\u20ac50<\/strong>\/\u043c\u0435\u0441\u044f\u0446.<\/span><\/p>\n<p>&nbsp;<\/p>\n<p>&nbsp;<\/p>\n","protected":false},"excerpt":{"rendered":"<p>&nbsp; KOSTEN \u201eWUSELINI\u201c\u00a0ist eine anerkannte Kinder-Gro\u00dftagespflegestelle, so dass die Kinderbetreuungsleistungen von der Kindertagespflege bezahlt werden. F\u00fcr einen 8-Stunden-Gutschein bezahlen die Eltern einen Beitrag entsprechend ihrem Familieneinkommen. Bitte beachten Sie, dass wir anstelle der Kita-Gutscheine Tagespflege-Gutscheine akzeptieren. Der Gutschein muss vor dem Beginn der Betreuung gestellt werden. Ihr Vorteil ist, dass Sie f\u00fcr eine 6-st\u00fcndige Betreuung [&hellip;]<\/p>\n","protected":false},"author":3,"featured_media":0,"parent":9162,"menu_order":0,"comment_status":"closed","ping_status":"closed","template":"","meta":{"footnotes":""},"class_list":["post-9173","page","type-page","status-publish","hentry","entry"],"_links":{"self":[{"href":"https:\/\/tanz-bruecke.de\/ja\/wp-json\/wp\/v2\/pages\/9173","targetHints":{"allow":["GET"]}}],"collection":[{"href":"https:\/\/tanz-bruecke.de\/ja\/wp-json\/wp\/v2\/pages"}],"about":[{"href":"https:\/\/tanz-bruecke.de\/ja\/wp-json\/wp\/v2\/types\/page"}],"author":[{"embeddable":true,"href":"https:\/\/tanz-bruecke.de\/ja\/wp-json\/wp\/v2\/users\/3"}],"replies":[{"embeddable":true,"href":"https:\/\/tanz-bruecke.de\/ja\/wp-json\/wp\/v2\/comments?post=9173"}],"version-history":[{"count":17,"href":"https:\/\/tanz-bruecke.de\/ja\/wp-json\/wp\/v2\/pages\/9173\/revisions"}],"predecessor-version":[{"id":12514,"href":"https:\/\/tanz-bruecke.de\/ja\/wp-json\/wp\/v2\/pages\/9173\/revisions\/12514"}],"up":[{"embeddable":true,"href":"https:\/\/tanz-bruecke.de\/ja\/wp-json\/wp\/v2\/pages\/9162"}],"wp:attachment":[{"href":"https:\/\/tanz-bruecke.de\/ja\/wp-json\/wp\/v2\/media?parent=9173"}],"curies":[{"name":"wp","href":"https:\/\/api.w.org\/{rel}","templated":true}]}}