{"id":9169,"date":"2018-09-24T10:23:39","date_gmt":"2018-09-24T10:23:39","guid":{"rendered":"http:\/\/tanz-bruecke.de\/ja\/?page_id=9169"},"modified":"2024-01-13T11:23:51","modified_gmt":"2024-01-13T11:23:51","slug":"unsere-raeumlichkeiten","status":"publish","type":"page","link":"https:\/\/tanz-bruecke.de\/ja\/mini-kindergarten-die-knirpse\/unsere-raeumlichkeiten\/","title":{"rendered":"UNSERE R\u00c4UMLICHKEITEN"},"content":{"rendered":"<p><span style=\"color: #003366;\"><span style=\"font-weight: 400;\">Der MINI Kindergarten<\/span>\u00a0\u201e<strong>WUSELINI<\/strong>\u201c\u00a0<span style=\"font-weight: 400;\">befindet sich innerhalb der R\u00e4ume der<em> Tanzbr\u00fccke Hamburg e.V<\/em>., im Erdgeschoss. Die Gesamtfl\u00e4che der R\u00e4umlichkeiten der <em>Tanzbr\u00fccke Hamburg<\/em> betr\u00e4gt ca. 500 Quadratmeter. Die R\u00e4ume sind entsprechend den Anforderungen des Jugendamtes und der Unfallkasse ausgestattet. Zus\u00e4tzlich zu den Spielzimmern haben die Kinder einen Ruheraum, einen Bewegungsraum, ein Esszimmer, eine speziell ausgestattete Kindertoilette und eine Garderobe.\u00a0<\/span><\/span><\/p>\n<p><span style=\"color: #003366;\">\u0414\u0432\u0443\u044f\u0437\u044b\u0447\u043d\u044b\u0439 \u0434\u0435\u0442\u0441\u043a\u0438\u0439 \u043c\u0438\u043d\u0438-\u0441\u0430\u0434\u0438\u043a\u00a0\u201e<strong>WUSELINI<\/strong>\u201c \u0440\u0430\u0441\u043f\u043e\u043b\u0430\u0433\u0430\u0435\u0442\u0441\u044f \u0432 \u0441\u0442\u0435\u043d\u0430\u0445 <em>Tanzbr\u00fccke Hamburg e. V.<\/em>, \u043d\u0430 \u043f\u0435\u0440\u0432\u043e\u043c \u044d\u0442\u0430\u0436\u0435 (Erdgeschoss). O\u0431\u0449\u0430\u044f \u043f\u043b\u043e\u0449\u0430\u0434\u044c \u043f\u043e\u043c\u0435\u0449\u0435\u043d\u0438\u0439 <em>Tanzbr\u00fccke Hamburg <\/em>\u0441\u043e\u0441\u0442\u0430\u0432\u043b\u044f\u0435\u0442 \u043e\u043a\u043e\u043b\u043e 500 \u043a\u0432.\u043c. \u041f\u043e\u043c\u0435\u0449\u0435\u043d\u0438\u044f \u043e\u0431\u043e\u0440\u0443\u0434\u043e\u0432\u0430\u043d\u044b \u0432 \u0441\u043e\u043e\u0442\u0432\u0435\u0442\u0441\u0442\u0432\u0438\u0438 \u0441 \u0442\u0440\u0435\u0431\u043e\u0432\u0430\u043d\u0438\u044f\u043c\u0438 Jugendamt \u0438 Unfallkasse. \u041f\u043e\u043c\u0438\u043c\u043e \u0438\u0433\u0440\u043e\u0432\u044b\u0445 \u043a\u043e\u043c\u043d\u0430\u0442, \u0432 \u0440\u0430\u0441\u043f\u043e\u0440\u044f\u0436\u0435\u043d\u0438\u0438 \u0434\u0435\u0442\u0435\u0439 \u0438\u043c\u0435\u0435\u0442\u0441\u044f \u043a\u043e\u043c\u043d\u0430\u0442\u0430 \u043e\u0442\u0434\u044b\u0445\u0430, \u0441\u043f\u043e\u0440\u0442\u0438\u0432\u043d\u044b\u0439 \u0437\u0430\u043b, \u0441\u0442\u043e\u043b\u043e\u0432\u0430\u044f, \u0441\u043f\u0435\u0446\u0438\u0430\u043b\u044c\u043d\u043e \u043e\u0431\u043e\u0440\u0443\u0434\u043e\u0432\u0430\u043d\u043d\u044b\u0435 \u0434\u0435\u0442\u0441\u043a\u0438\u0435 \u0442\u0443\u0430\u043b\u0435\u0442\u044b, \u0433\u0430\u0440\u0434\u0435\u0440\u043e\u0431.<\/span><\/p>\n<p>&nbsp;<\/p>\n","protected":false},"excerpt":{"rendered":"<p>Der MINI Kindergarten\u00a0\u201eWUSELINI\u201c\u00a0befindet sich innerhalb der R\u00e4ume der Tanzbr\u00fccke Hamburg e.V., im Erdgeschoss. Die Gesamtfl\u00e4che der R\u00e4umlichkeiten der Tanzbr\u00fccke Hamburg betr\u00e4gt ca. 500 Quadratmeter. Die R\u00e4ume sind entsprechend den Anforderungen des Jugendamtes und der Unfallkasse ausgestattet. Zus\u00e4tzlich zu den Spielzimmern haben die Kinder einen Ruheraum, einen Bewegungsraum, ein Esszimmer, eine speziell ausgestattete Kindertoilette und eine [&hellip;]<\/p>\n","protected":false},"author":3,"featured_media":0,"parent":9162,"menu_order":0,"comment_status":"closed","ping_status":"closed","template":"","meta":{"footnotes":""},"class_list":["post-9169","page","type-page","status-publish","hentry","entry"],"_links":{"self":[{"href":"https:\/\/tanz-bruecke.de\/ja\/wp-json\/wp\/v2\/pages\/9169","targetHints":{"allow":["GET"]}}],"collection":[{"href":"https:\/\/tanz-bruecke.de\/ja\/wp-json\/wp\/v2\/pages"}],"about":[{"href":"https:\/\/tanz-bruecke.de\/ja\/wp-json\/wp\/v2\/types\/page"}],"author":[{"embeddable":true,"href":"https:\/\/tanz-bruecke.de\/ja\/wp-json\/wp\/v2\/users\/3"}],"replies":[{"embeddable":true,"href":"https:\/\/tanz-bruecke.de\/ja\/wp-json\/wp\/v2\/comments?post=9169"}],"version-history":[{"count":14,"href":"https:\/\/tanz-bruecke.de\/ja\/wp-json\/wp\/v2\/pages\/9169\/revisions"}],"predecessor-version":[{"id":12513,"href":"https:\/\/tanz-bruecke.de\/ja\/wp-json\/wp\/v2\/pages\/9169\/revisions\/12513"}],"up":[{"embeddable":true,"href":"https:\/\/tanz-bruecke.de\/ja\/wp-json\/wp\/v2\/pages\/9162"}],"wp:attachment":[{"href":"https:\/\/tanz-bruecke.de\/ja\/wp-json\/wp\/v2\/media?parent=9169"}],"curies":[{"name":"wp","href":"https:\/\/api.w.org\/{rel}","templated":true}]}}