{"id":9167,"date":"2018-09-24T10:23:24","date_gmt":"2018-09-24T10:23:24","guid":{"rendered":"http:\/\/tanz-bruecke.de\/ja\/?page_id=9167"},"modified":"2024-01-13T11:22:30","modified_gmt":"2024-01-13T11:22:30","slug":"unser-konzept","status":"publish","type":"page","link":"https:\/\/tanz-bruecke.de\/ja\/mini-kindergarten-die-knirpse\/unser-konzept\/","title":{"rendered":"UNSER KONZEPT"},"content":{"rendered":"<p>&nbsp;<\/p>\n<ul>\n<li><span style=\"color: #333333;\"><strong>&#8222;Das Kind\u00a0spricht lange\u00a0bevor\u00a0es das erste\u00a0Wort\u00a0gelernt hat.&#8220;<\/strong><\/span><\/li>\n<\/ul>\n<p><span style=\"color: #333333;\"><em>Oswald Spengler, deutscher Philosoph\u00a0<\/em><\/span><\/p>\n<p><span style=\"color: #333333;\"><span style=\"font-weight: 400;\">In unserem russisch-deutschen MINI Kindergarten\u00a0<\/span>\u201e<strong>WUSELINI<\/strong>\u201c\u00a0<span style=\"font-weight: 400;\"><strong>lernt Ihr Kind zwei Sprachen gleichzeitig<\/strong>: Eine Erzieherin spricht mit den Kindern &#8211; Deutsch, die andere Erzieherin &#8211; Russisch. Jede Erzieherin ist eine Muttersprachlerin der jeweiligen Sprache. Auf diese Weise findet das Erlernen beider Sprachen zum Beispiel beim Spielen, Lernen, Malen, Singen und bei anderen allt\u00e4glichen Aktivit\u00e4ten und Besch\u00e4ftigungen auf nat\u00fcrliche Weise statt.<\/span><\/span><\/p>\n<p><span style=\"font-weight: 400; color: #333333;\">Dar\u00fcber hinaus bieten wir Ihr Kind eine kleine Gruppe an, um die gesprochene Sprache Ihres Kindes von klein auf zu entwickeln (Sprachf\u00f6rderung: Deutsch &amp; Russisch).<\/span><\/p>\n<ul>\n<li><span style=\"color: #333333;\"><strong>\u201c\u0420\u0435\u0431\u0435\u043d\u043e\u043a \u043d\u0430\u0447\u0438\u043d\u0430\u0435\u0442 \u0433\u043e\u0432\u043e\u0440\u0438\u0442\u044c \u0435\u0449\u0435 \u0437\u0430\u0434\u043e\u043b\u0433\u043e \u0434\u043e \u0442\u043e\u0433\u043e, \u043a\u0430\u043a \u043f\u0440\u043e\u0438\u0437\u043d\u0435\u0441\u0435\u0442 \u043f\u0435\u0440\u0432\u043e\u0435 \u0441\u043b\u043e\u0432\u043e.\u201d<\/strong><\/span><\/li>\n<\/ul>\n<p><span style=\"color: #333333;\"><em>\u041e\u0441\u0432\u0430\u043b\u044c\u0434 \u0428\u043f\u0435\u043d\u0433\u043b\u0435\u0440,\u00a0\u043d\u0435\u043c\u0435\u0446\u043a\u0438\u0439 \u0444\u0438\u043b\u043e\u0441\u043e\u0444\u00a0<\/em><\/span><\/p>\n<p><span style=\"color: #333333;\">\u0412 \u0440\u0443\u0441\u0441\u043a\u043e-\u043d\u0435\u043c\u0435\u0446\u043a\u043e\u043c \u0434\u0435\u0442\u0441\u043a\u043e\u043c \u0441\u0430\u0434\u0438\u043a\u0435 \u201c\u0421\u0410\u0414\u041a\u041e\u201d <strong>\u0412\u0430\u0448 \u0440\u0435\u0431\u0451\u043d\u043e\u043a \u0438\u0437\u0443\u0447\u0430\u0435\u0442 \u0434\u0432\u0430 \u044f\u0437\u044b\u043a\u0430 \u043e\u0434\u043d\u043e\u0432\u0440\u0435\u043c\u0435\u043d\u043d\u043e<\/strong>: \u043e\u0434\u0438\u043d \u0432\u043e\u0441\u043f\u0438\u0442\u0430\u0442\u0435\u043b\u044c \u0433\u043e\u0432\u043e\u0440\u0438\u0442 \u0441 \u0434\u0435\u0442\u044c\u043c\u0438 \u043d\u0430 \u0440\u0443\u0441\u0441\u043a\u043e\u043c \u044f\u0437\u044b\u043a\u0435, \u0432\u0442\u043e\u0440\u043e\u0439 \u0432\u043e\u0441\u043f\u0438\u0442\u0430\u0442\u0435\u043b\u044c &#8211; \u043d\u0430 \u043d\u0435\u043c\u0435\u0446\u043a\u043e\u043c \u044f\u0437\u044b\u043a\u0435. \u041a\u0430\u0436\u0434\u044b\u0439 \u0432\u043e\u0441\u043f\u0438\u0442\u0430\u0442\u0435\u043b\u044c \u044f\u0432\u043b\u044f\u0435\u0442\u0441\u044f \u043d\u043e\u0441\u0438\u0442\u0435\u043b\u0435\u043c \u044f\u0437\u044b\u043a\u0430. \u0422\u0430\u043a\u0438\u043c \u043e\u0431\u0440\u0430\u0437\u043e\u043c, \u043e\u0441\u0432\u043e\u0435\u043d\u0438\u0435 \u043e\u0431\u043e\u0438\u0445 \u044f\u0437\u044b\u043a\u043e\u0432 \u043f\u0440\u043e\u0438\u0441\u0445\u043e\u0434\u0438\u0442 \u0435\u0441\u0442\u0435\u0441\u0442\u0432\u0435\u043d\u043d\u044b\u043c \u043f\u0443\u0442\u0451\u043c \u0432\u043e \u0432\u0440\u0435\u043c\u044f \u0438\u0433\u0440, \u0440\u0430\u0437\u0432\u0438\u0432\u0430\u044e\u0449\u0438\u0445 \u0437\u0430\u043d\u044f\u0442\u0438\u0439 \u0438 \u0434\u0440\u0443\u0433\u043e\u0439 \u043f\u043e\u0432\u0441\u0435\u0434\u043d\u0435\u0432\u043d\u043e\u0439 \u0434\u0435\u044f\u0442\u0435\u043b\u044c\u043d\u043e\u0441\u0442\u0438. \u0411\u043e\u043b\u0435\u0435 \u0442\u043e\u0433\u043e, \u043c\u044b \u043f\u0440\u043e\u0432\u043e\u0434\u0438\u043c \u0437\u0430\u043d\u044f\u0442\u0438\u044f \u0432 \u043c\u0438\u043d\u0438-\u0433\u0440\u0443\u043f\u043f\u0430\u0445, \u043d\u0430\u043f\u0440\u0430\u0432\u043b\u0435\u043d\u043d\u044b\u0435 \u043d\u0430 \u0440\u0430\u0437\u0432\u0438\u0442\u0438\u0435 \u0440\u0430\u0437\u0433\u043e\u0432\u043e\u0440\u043d\u043e\u0439 \u0440\u0435\u0447\u0438 \u0412\u0430\u0448\u0435\u0433\u043e \u0440\u0435\u0431\u0451\u043d\u043a\u0430 \u0441 \u0441\u0430\u043c\u043e\u0433\u043e \u0440\u0430\u043d\u043d\u0435\u0433\u043e \u0432\u043e\u0437\u0440\u0430\u0441\u0442\u0430 (Sprachf\u00f6rderung: Deutsch &amp; Russisch).<\/span><\/p>\n<p>&nbsp;<\/p>\n<ul>\n<li><span style=\"color: #333333;\"><strong>&#8222;Kinder sollten in einer Welt voller Sch\u00f6nheit, Spiele, M\u00e4rchen, Musik, Zeichnen, Phantasie und Kreativit\u00e4t leben.\u201d<\/strong><\/span><\/li>\n<\/ul>\n<p><span style=\"color: #333333;\"><em>W. A. Suchomlinski, russischer P\u00e4dagoge<\/em><\/span><\/p>\n<p><span style=\"font-weight: 400; color: #333333;\">Die harmonische Entwicklung Ihres Kindes ist das Hauptziel unserer Arbeit. Durch die Zusammenarbeit mit dem Verein <em>Tanzbr\u00fccke Hamburg<\/em> erm\u00f6glicht es uns, die besten P\u00e4dagogen und P\u00e4dagoginnen verschiedener Richtungen (Sport, Musik und Kunst) f\u00fcr unseren MINI Kindergarten zu gewinnen.<\/span><\/p>\n<p><span style=\"color: #333333;\"><span style=\"font-weight: 400;\">Es werden die folgenden <\/span><span style=\"font-weight: 400;\">Kurse<\/span><span style=\"font-weight: 400;\"> f\u00fcr Kinder angeboten:\u00a0<\/span><\/span><\/p>\n<ul>\n<li><span style=\"font-weight: 400; color: #333333;\">k\u00f6rperliche und motorische Entwicklung &#8211; Pampers-Sport (Bewegungslandschaft f\u00fcr die Kleinsten)<\/span><\/li>\n<li style=\"font-weight: 400;\"><span style=\"font-weight: 400; color: #333333;\">musikalische Fr\u00fcherziehung &#8211; Einf\u00fchrung in die Welt der Musik<\/span><\/li>\n<li style=\"font-weight: 400;\"><span style=\"font-weight: 400; color: #333333;\">k\u00fcnstlerische Fr\u00fcherziehung &#8211; Entwicklung von Phantasie und Kreativit\u00e4t<\/span><\/li>\n<\/ul>\n<p><span style=\"color: #333333;\">Unser Team:<\/span><\/p>\n<p><span style=\"color: #333333;\">Elena Dergatcheva &#8211;\u00a0staatlich anerkannte Tagespflegeperson,\u00a0Schwerpunkt &#8211; Deutsche Sprache<\/span><\/p>\n<p><span style=\"color: #333333;\">Natalia Dergatcheva &#8211; MA Education, Tanzp\u00e4dagogin und Diplom Sportwissenschaftlerin &#8211; Gr\u00fcnderin und Gesch\u00e4ftsf\u00fchrerin der <em>Tanzbr\u00fccke Hamburg e.V<\/em>., Ideengeberin.<\/span><\/p>\n<p>&nbsp;<\/p>\n<ul>\n<li><span style=\"color: #333333;\"><strong>\u201c\u0414\u0435\u0442\u0438 \u0434\u043e\u043b\u0436\u043d\u044b \u0436\u0438\u0442\u044c \u0432 \u043c\u0438\u0440\u0435 \u043a\u0440\u0430\u0441\u043e\u0442\u044b, \u0438\u0433\u0440\u044b, \u0441\u043a\u0430\u0437\u043a\u0438, \u043c\u0443\u0437\u044b\u043a\u0438, \u0440\u0438\u0441\u0443\u043d\u043a\u0430, \u0444\u0430\u043d\u0442\u0430\u0437\u0438\u0438, \u0442\u0432\u043e\u0440\u0447\u0435\u0441\u0442\u0432\u0430.\u201d<\/strong><\/span><\/li>\n<\/ul>\n<p><span style=\"color: #333333;\"><em>\u0412. \u0410. \u0421\u0443\u0445\u043e\u043c\u043b\u0438\u043d\u0441\u043a\u0438\u0439, \u043f\u0435\u0434\u0430\u0433\u043e\u0433-\u043d\u043e\u0432\u0430\u0442\u043e\u0440\u00a0<\/em><\/span><\/p>\n<p><span style=\"color: #333333;\"><strong>\u0413\u0430\u0440\u043c\u043e\u043d\u0438\u0447\u043d\u043e\u0435 \u0440\u0430\u0437\u0432\u0438\u0442\u0438\u0435 \u0412\u0430\u0448\u0435\u0433\u043e \u0440\u0435\u0431\u0435\u043d\u043a\u0430<\/strong> \u044f\u0432\u043b\u044f\u0435\u0442\u0441\u044f \u043e\u0441\u043d\u043e\u0432\u043d\u043e\u0439 \u0446\u0435\u043b\u044c\u044e \u043d\u0430\u0448\u0435\u0439 \u0440\u0430\u0431\u043e\u0442\u044b.\u00a0\u0421\u043e\u0442\u0440\u0443\u0434\u043d\u0438\u0447\u0435\u0441\u0442\u0432\u043e \u0441\u00a0\u0430\u043a\u0430\u0434\u0435\u043c\u0438\u0435\u0439\u00a0<em>Tanzbr\u00fccke Hamburg<\/em> \u043f\u043e\u0437\u0432\u043e\u043b\u044f\u0435\u0442 \u043f\u0440\u0438\u0432\u043b\u0435\u043a\u0430\u0442\u044c \u043a \u0440\u0430\u0431\u043e\u0442\u0435 \u0434\u0435\u0442\u0441\u043a\u043e\u0433\u043e \u0441\u0430\u0434\u0438\u043a\u0430 \u043b\u0443\u0447\u0448\u0438\u0445 \u0434\u0435\u0442\u0441\u043a\u0438\u0445 \u043f\u0435\u0434\u0430\u0433\u043e\u0433\u043e\u0432 \u0440\u0430\u0437\u043d\u044b\u0445 \u043d\u0430\u043f\u0440\u0430\u0432\u043b\u0435\u043d\u0438\u0439.<\/span><\/p>\n<p><span style=\"color: #333333;\">\u0412 \u043d\u0430\u0441\u0442\u043e\u044f\u0449\u0435\u0435 \u0432\u0440\u0435\u043c\u044f \u0434\u0435\u0442\u044f\u043c \u043f\u0440\u0435\u0434\u043b\u0430\u0433\u0430\u044e\u0442\u0441\u044f \u0441\u043b\u0435\u0434\u0443\u044e\u0449\u0438\u0435 \u0434\u043e\u043f\u043e\u043b\u043d\u0438\u0442\u0435\u043b\u044c\u043d\u044b\u0435 \u0437\u0430\u043d\u044f\u0442\u0438\u044f \u0434\u043b\u044f \u0412\u0430\u0448\u0435\u0433\u043e \u043c\u0430\u043b\u044b\u0448\u0430:<\/span><\/p>\n<p><span style=\"color: #333333;\">\u2022 \u0444\u0438\u0437\u0438\u0447\u0435\u0441\u043a\u043e\u0435 \u0440\u0430\u0437\u0432\u0438\u0442\u0438\u0435 &#8211; \u043f\u0430\u043c\u043f\u0435\u0440\u0441-\u0444\u0438\u0437\u043a\u0443\u043b\u044c\u0442\u0443\u0440\u0430 (\u0441\u043f\u043e\u0440\u0442\u0438\u0432\u043d\u044b\u0435 \u0437\u0430\u043d\u044f\u0442\u0438\u044f \u0434\u043b\u044f \u0441\u0430\u043c\u044b\u0445 \u043c\u0430\u043b\u0435\u043d\u044c\u043a\u0438\u0445)<\/span><br \/>\n<span style=\"color: #333333;\">\u2022 \u0440\u0430\u043d\u043d\u0435\u0435 \u043c\u0443\u0437\u044b\u043a\u0430\u043b\u044c\u043d\u043e\u0435 \u0440\u0430\u0437\u0432\u0438\u0442\u0438\u0435 &#8211; \u0437\u043d\u0430\u043a\u043e\u043c\u0441\u0442\u0432\u043e \u0441 \u043c\u0438\u0440\u043e\u043c \u043c\u0443\u0437\u044b\u043a\u0438<\/span><br \/>\n<span style=\"color: #333333;\">\u2022 \u0440\u0430\u043d\u043d\u0435\u0435 \u0445\u0443\u0434\u043e\u0436\u0435\u0441\u0442\u0432\u0435\u043d\u043d\u043e\u0435 \u0440\u0430\u0437\u0432\u0438\u0442\u0438\u0435 &#8211; \u0440\u0430\u0437\u0432\u0438\u0442\u0438\u0435 \u0444\u0430\u043d\u0442\u0430\u0437\u0438\u0438 \u0438 \u0442\u0432\u043e\u0440\u0447\u0435\u0441\u0442\u0432\u0430<\/span><\/p>\n<p><span style=\"color: #333333;\">\u0422\u0435\u043b\u0435\u0444\u043e\u043d: 0176 &#8211; 655 944 17<\/span><\/p>\n<p><span style=\"color: #333333;\">E-Mail: e.dergatcheva@hotmail.com<\/span><\/p>\n<p>&nbsp;<\/p>\n","protected":false},"excerpt":{"rendered":"<p>&nbsp; &#8222;Das Kind\u00a0spricht lange\u00a0bevor\u00a0es das erste\u00a0Wort\u00a0gelernt hat.&#8220; Oswald Spengler, deutscher Philosoph\u00a0 In unserem russisch-deutschen MINI Kindergarten\u00a0\u201eWUSELINI\u201c\u00a0lernt Ihr Kind zwei Sprachen gleichzeitig: Eine Erzieherin spricht mit den Kindern &#8211; Deutsch, die andere Erzieherin &#8211; Russisch. Jede Erzieherin ist eine Muttersprachlerin der jeweiligen Sprache. Auf diese Weise findet das Erlernen beider Sprachen zum Beispiel beim Spielen, Lernen, [&hellip;]<\/p>\n","protected":false},"author":3,"featured_media":0,"parent":9162,"menu_order":0,"comment_status":"closed","ping_status":"closed","template":"","meta":{"footnotes":""},"class_list":["post-9167","page","type-page","status-publish","hentry","entry"],"_links":{"self":[{"href":"https:\/\/tanz-bruecke.de\/ja\/wp-json\/wp\/v2\/pages\/9167","targetHints":{"allow":["GET"]}}],"collection":[{"href":"https:\/\/tanz-bruecke.de\/ja\/wp-json\/wp\/v2\/pages"}],"about":[{"href":"https:\/\/tanz-bruecke.de\/ja\/wp-json\/wp\/v2\/types\/page"}],"author":[{"embeddable":true,"href":"https:\/\/tanz-bruecke.de\/ja\/wp-json\/wp\/v2\/users\/3"}],"replies":[{"embeddable":true,"href":"https:\/\/tanz-bruecke.de\/ja\/wp-json\/wp\/v2\/comments?post=9167"}],"version-history":[{"count":30,"href":"https:\/\/tanz-bruecke.de\/ja\/wp-json\/wp\/v2\/pages\/9167\/revisions"}],"predecessor-version":[{"id":12512,"href":"https:\/\/tanz-bruecke.de\/ja\/wp-json\/wp\/v2\/pages\/9167\/revisions\/12512"}],"up":[{"embeddable":true,"href":"https:\/\/tanz-bruecke.de\/ja\/wp-json\/wp\/v2\/pages\/9162"}],"wp:attachment":[{"href":"https:\/\/tanz-bruecke.de\/ja\/wp-json\/wp\/v2\/media?parent=9167"}],"curies":[{"name":"wp","href":"https:\/\/api.w.org\/{rel}","templated":true}]}}