{"id":9165,"date":"2018-09-24T10:23:07","date_gmt":"2018-09-24T10:23:07","guid":{"rendered":"http:\/\/tanz-bruecke.de\/ja\/?page_id=9165"},"modified":"2024-01-13T11:16:31","modified_gmt":"2024-01-13T11:16:31","slug":"ueber-uns","status":"publish","type":"page","link":"https:\/\/tanz-bruecke.de\/ja\/mini-kindergarten-die-knirpse\/ueber-uns\/","title":{"rendered":"\u00dcBER UNS"},"content":{"rendered":"<p>&nbsp;<\/p>\n<p><img loading=\"lazy\" decoding=\"async\" class=\"aligncenter size-medium wp-image-12473\" src=\"https:\/\/tanz-bruecke.de\/ja\/wp-content\/uploads\/2023\/12\/Sascha_o-300x200.jpg\" alt=\"\" width=\"300\" height=\"200\" srcset=\"https:\/\/tanz-bruecke.de\/ja\/wp-content\/uploads\/2023\/12\/Sascha_o-300x200.jpg 300w, https:\/\/tanz-bruecke.de\/ja\/wp-content\/uploads\/2023\/12\/Sascha_o-768x512.jpg 768w, https:\/\/tanz-bruecke.de\/ja\/wp-content\/uploads\/2023\/12\/Sascha_o-1024x682.jpg 1024w, https:\/\/tanz-bruecke.de\/ja\/wp-content\/uploads\/2023\/12\/Sascha_o.jpg 1600w\" sizes=\"auto, (max-width: 300px) 100vw, 300px\" \/><\/p>\n<p><span style=\"font-weight: 400; color: #333399;\">Guten Tag liebe Eltern,<\/span><\/p>\n<p><span style=\"color: #333399;\"><span style=\"font-weight: 400;\">im Februar 2024<\/span>\u00a0er\u00f6ffnet in den R\u00e4umen der Tanzbr\u00fccke Hamburg, Bramfelder Str. 116 \u2013 118, 22305 Hamburg, die zweisprachige Bewegungsgro\u00dftagespflege \u201e<strong>WUSELINI<\/strong>\u201c.<\/span><\/p>\n<p><span style=\"color: #333399;\">Wir sind ein Zusammenschluss von drei engagierten, f\u00fcrsorglichen und erfahrenen Betreuungspersonen, zwei Tagesm\u00fctter und ein Tagesvater.<\/span><\/p>\n<p><span style=\"color: #333399;\">Die \u00d6ffnungszeiten der Gro\u00dftagespflege sind von <strong>08:00<\/strong> bis <strong>14:00<\/strong> Uhr. Die Betreuungszeiten k\u00f6nnen in diesem Rahmen individuell vereinbart werden.<\/span><\/p>\n<p><span style=\"color: #333399;\">Wir akzeptieren <strong>5<\/strong>-Stunden-, <strong>6<\/strong>-Stunden- und<strong> 8<\/strong>-Stunden Gutscheine (Antrag auf F\u00f6rderung in Kindertagespflege). Unser Vorteil ist, dass Sie f\u00fcr 5-Stunden- und 6-Stunden- Gutscheine NICHT extra bezahlen. Die Kosten werden von der Stadt Hamburg \u00fcbernommen.<\/span><\/p>\n<p><span style=\"color: #333399;\"><strong>Altersgruppen:<\/strong><\/span><\/p>\n<ul>\n<li><span style=\"color: #333399;\">Krippe (Kinder unter 3 J.)<\/span><\/li>\n<li><span style=\"color: #333399;\">Elementarbereich (Kinder \u00fcber 3 J.)<\/span><\/li>\n<\/ul>\n<p><span style=\"color: #333399;\">Sie m\u00f6chten, dass Ihr Kind in einer zweisprachigen Umgebung aufw\u00e4chst, russisch und deutsch gleich gut spricht, sich von den ersten Lebensjahren an harmonisch kreativ und k\u00f6rperlich entwickelt \u2013 dann rufen Sie uns an \u2013 wir beantworten alle Ihre Fragen und vereinbaren einen Termin mit Ihnen.<\/span><\/p>\n<p><span style=\"color: #333399;\">Bei Fragen wenden Sie sich gerne an uns. Unter der folgenden Rufnummer sind wir erreichbar:<\/span><\/p>\n<p><span style=\"color: #333399;\">0176 &#8211; 655 944 17<\/span><\/p>\n<p><span style=\"color: #333399;\">oder schreiben Sie uns gerne eine E-Mail: e.dergatcheva@hotmail.com<\/span><\/p>\n<p>&nbsp;<\/p>\n<p><span style=\"color: #333399;\">\u0417\u0434\u0440\u0430\u0432\u0441\u0442\u0432\u0443\u0439\u0442\u0435, \u0434\u043e\u0440\u043e\u0433\u0438\u0435 \u0440\u043e\u0434\u0438\u0442\u0435\u043b\u0438,<\/span><\/p>\n<p><span style=\"color: #333399;\">\u0432 \u0444\u0435\u0432\u0440\u0430\u043b\u0435 2024 \u0432 \u0441\u0442\u0435\u043d\u0430\u0445 \u201c<em>Tanzbr\u00fccke Hamburg<\/em>\u201d, Bramfelder Str. 116-118, 22305 Hamburg \u2013 Barmbek, \u043e\u0442\u043a\u0440\u044b\u0432\u0430\u0435\u0442\u0441\u044f\u00a0<strong>\u0434\u0432\u0443\u044f\u0437\u044b\u0447\u043d\u044b\u0439 <\/strong>\u043c\u0438\u043d\u0438 \u0434\u0435\u0442\u0441\u043a\u0438\u0439 \u0441\u0430\u0434\u0438\u043a \u201c<strong>WUSELINI<\/strong>\u201d.<\/span><\/p>\n<p><span style=\"color: #333399;\">\u0412\u0440\u0435\u043c\u044f \u0440\u0430\u0431\u043e\u0442\u044b \u0434\u0435\u0442\u0441\u043a\u043e\u0433\u043e \u0441\u0430\u0434\u0438\u043a\u0430:\u00a0<strong>08:00 \u2013 14:00<\/strong>\u00a0\u043b\u0438\u0431\u043e \u043e\u0431\u0441\u0443\u0436\u0434\u0430\u0435\u0442\u0441\u044f \u0438\u043d\u0434\u0438\u0432\u0438\u0434\u0443\u0430\u043b\u044c\u043d\u043e.<\/span><\/p>\n<p><span style=\"color: #333399;\">\u041c\u044b \u043f\u0440\u0438\u043d\u0438\u043c\u0430\u0435\u043c 5-\u0442\u0438 \u0447\u0430\u0441\u043e\u0432\u044b\u0435, 6-\u0442\u0438 \u0447\u0430\u0441\u043e\u0432\u044b\u0435 \u0438 8-\u0447\u0430\u0441\u043e\u0432\u044b\u0435 \u0433\u0443\u0442\u0448\u0430\u0439\u043d\u044b \u043e\u0442 \u0433\u043e\u0440\u043e\u0434\u0430. \u041d\u0430\u0448\u0435 \u043f\u0440\u0435\u0438\u043c\u0443\u0449\u0435\u0441\u0442\u0432\u043e \u2013 \u0412\u044b \u041d\u0415 \u0434\u043e\u043f\u043b\u0430\u0447\u0438\u0432\u0430\u0435\u0442\u0435 \u0437\u0430 5-\u0442\u0438 \u0438 6-\u0442\u0438 \u0447\u0430\u0441\u043e\u0432\u043e\u0439 \u0433\u0443\u0442\u0448\u0430\u0439\u043d.<\/span><\/p>\n<p><span style=\"color: #333399;\">\u0412\u043e\u0437\u0440\u0430\u0441\u0442\u043d\u044b\u0435 \u0433\u0440\u0443\u043f\u043f\u044b:<\/span><\/p>\n<ul>\n<li><span style=\"color: #333399;\"><strong>\u041c\u043b\u0430\u0434\u0448\u0430\u044f \u0433\u0440\u0443\u043f\u043f\u0430 <\/strong>(\u0434\u0435\u0442\u0438 \u0434\u043e 3-\u0445 \u043b\u0435\u0442)<\/span><\/li>\n<li><span style=\"color: #333399;\"><strong>\u0421\u0442\u0430\u0440\u0448\u0430\u044f \u0433\u0440\u0443\u043f\u043f\u0430 <\/strong>(\u0434\u0435\u0442\u0438 \u0441\u0442\u0430\u0440\u0448\u0435 3-\u0445 \u043b\u0435\u0442)<\/span><\/li>\n<\/ul>\n<p>&nbsp;<\/p>\n<p><span style=\"color: #333399;\">\u0412\u044b \u0445\u043e\u0442\u0438\u0442\u0435, \u0447\u0442\u043e\u0431\u044b \u0412\u0430\u0448 \u0440\u0435\u0431\u0451\u043d\u043e\u043a \u0440\u043e\u0441 \u0432 \u0434\u0432\u0443\u044f\u0437\u044b\u0447\u043d\u043e\u0439 \u044f\u0437\u044b\u043a\u043e\u0432\u043e\u0439 \u0441\u0440\u0435\u0434\u0435, \u0440\u0430\u0437\u0433\u043e\u0432\u0430\u0440\u0438\u0432\u0430\u043b \u043e\u0434\u0438\u043d\u0430\u043a\u043e\u0432\u043e \u0445\u043e\u0440\u043e\u0448\u043e \u0438 \u043d\u0430 \u0440\u0443\u0441\u0441\u043a\u043e\u043c, \u0438 \u043d\u0430 \u043d\u0435\u043c\u0435\u0446\u043a\u043e\u043c \u044f\u0437\u044b\u043a\u0430\u0445, \u0433\u0430\u0440\u043c\u043e\u043d\u0438\u0447\u043d\u043e \u0440\u0430\u0437\u0432\u0438\u0432\u0430\u043b\u0441\u044f \u0442\u0432\u043e\u0440\u0447\u0435\u0441\u043a\u0438 \u0438 \u0444\u0438\u0437\u0438\u0447\u0435\u0441\u043a\u0438 \u0441 \u043f\u0435\u0440\u0432\u044b\u0445 \u043b\u0435\u0442 \u0436\u0438\u0437\u043d\u0438 \u2013 \u0442\u043e\u0433\u0434\u0430 \u043f\u043e\u0437\u0432\u043e\u043d\u0438\u0442\u0435 \u043d\u0430\u043c \u2013 \u043c\u044b \u043e\u0442\u0432\u0435\u0442\u0438\u043c \u043d\u0430 \u0432\u0441\u0435 \u0432\u043e\u0437\u043d\u0438\u043a\u0448\u0438\u0435 \u0432\u043e\u043f\u0440\u043e\u0441\u044b \u0438 \u0434\u043e\u0433\u043e\u0432\u043e\u0440\u0438\u043c\u0441\u044f \u043e \u0432\u0441\u0442\u0440\u0435\u0447\u0435.<\/span><\/p>\n<p><span style=\"color: #333399;\">\u0422\u0435\u043b\u0435\u0444\u043e\u043d: 0176 &#8211; 655 944 17<\/span><\/p>\n<p><span style=\"color: #333399;\">E-Mail: e.dergatcheva@hotmail.com<\/span><\/p>\n","protected":false},"excerpt":{"rendered":"<p>&nbsp; Guten Tag liebe Eltern, im Februar 2024\u00a0er\u00f6ffnet in den R\u00e4umen der Tanzbr\u00fccke Hamburg, Bramfelder Str. 116 \u2013 118, 22305 Hamburg, die zweisprachige Bewegungsgro\u00dftagespflege \u201eWUSELINI\u201c. Wir sind ein Zusammenschluss von drei engagierten, f\u00fcrsorglichen und erfahrenen Betreuungspersonen, zwei Tagesm\u00fctter und ein Tagesvater. Die \u00d6ffnungszeiten der Gro\u00dftagespflege sind von 08:00 bis 14:00 Uhr. Die Betreuungszeiten k\u00f6nnen in [&hellip;]<\/p>\n","protected":false},"author":3,"featured_media":0,"parent":9162,"menu_order":0,"comment_status":"closed","ping_status":"closed","template":"","meta":{"footnotes":""},"class_list":["post-9165","page","type-page","status-publish","hentry","entry"],"_links":{"self":[{"href":"https:\/\/tanz-bruecke.de\/ja\/wp-json\/wp\/v2\/pages\/9165","targetHints":{"allow":["GET"]}}],"collection":[{"href":"https:\/\/tanz-bruecke.de\/ja\/wp-json\/wp\/v2\/pages"}],"about":[{"href":"https:\/\/tanz-bruecke.de\/ja\/wp-json\/wp\/v2\/types\/page"}],"author":[{"embeddable":true,"href":"https:\/\/tanz-bruecke.de\/ja\/wp-json\/wp\/v2\/users\/3"}],"replies":[{"embeddable":true,"href":"https:\/\/tanz-bruecke.de\/ja\/wp-json\/wp\/v2\/comments?post=9165"}],"version-history":[{"count":28,"href":"https:\/\/tanz-bruecke.de\/ja\/wp-json\/wp\/v2\/pages\/9165\/revisions"}],"predecessor-version":[{"id":12511,"href":"https:\/\/tanz-bruecke.de\/ja\/wp-json\/wp\/v2\/pages\/9165\/revisions\/12511"}],"up":[{"embeddable":true,"href":"https:\/\/tanz-bruecke.de\/ja\/wp-json\/wp\/v2\/pages\/9162"}],"wp:attachment":[{"href":"https:\/\/tanz-bruecke.de\/ja\/wp-json\/wp\/v2\/media?parent=9165"}],"curies":[{"name":"wp","href":"https:\/\/api.w.org\/{rel}","templated":true}]}}