{"id":9162,"date":"2018-09-24T10:22:47","date_gmt":"2018-09-24T10:22:47","guid":{"rendered":"http:\/\/tanz-bruecke.de\/ja\/?page_id=9162"},"modified":"2023-12-05T16:42:20","modified_gmt":"2023-12-05T16:42:20","slug":"mini-kindergarten-die-knirpse","status":"publish","type":"page","link":"https:\/\/tanz-bruecke.de\/ja\/mini-kindergarten-die-knirpse\/","title":{"rendered":"MINI Kindergarten"},"content":{"rendered":"<ul>\n<li><a href=\"https:\/\/tanz-bruecke.de\/ja\/mini-kindergarten-die-knirpse\/ueber-uns\/\">\u00dcber uns<\/a><\/li>\n<li><a href=\"https:\/\/tanz-bruecke.de\/ja\/mini-kindergarten-die-knirpse\/unser-konzept\/\">Unser Konzept<\/a><\/li>\n<li><a href=\"https:\/\/tanz-bruecke.de\/ja\/mini-kindergarten-die-knirpse\/unsere-raeumlichkeiten\/\">Unsere R\u00e4umlichkeiten<\/a><\/li>\n<li><a href=\"https:\/\/tanz-bruecke.de\/ja\/mini-kindergarten-die-knirpse\/tagesablauf\/\">Tagesablauf<\/a><\/li>\n<li><a href=\"https:\/\/tanz-bruecke.de\/ja\/mini-kindergarten-die-knirpse\/kosten\/\">Kosten<\/a><\/li>\n<li><a href=\"https:\/\/tanz-bruecke.de\/ja\/mini-kindergarten-die-knirpse\/freie-plaetze-kontakt\/\">Freie Pl\u00e4tze, Kontakt<\/a><\/li>\n<\/ul>\n\n\t\t<style type=\"text\/css\">\n\t\t\t#gallery-1 {\n\t\t\t\tmargin: auto;\n\t\t\t}\n\t\t\t#gallery-1 .gallery-item {\n\t\t\t\tfloat: left;\n\t\t\t\tmargin-top: 10px;\n\t\t\t\ttext-align: center;\n\t\t\t\twidth: 33%;\n\t\t\t}\n\t\t\t#gallery-1 img {\n\t\t\t\tborder: 2px solid #cfcfcf;\n\t\t\t}\n\t\t\t#gallery-1 .gallery-caption {\n\t\t\t\tmargin-left: 0;\n\t\t\t}\n\t\t\t\/* see gallery_shortcode() in wp-includes\/media.php *\/\n\t\t<\/style>\n\t\t<div id='gallery-1' class='gallery galleryid-9162 gallery-columns-3 gallery-size-thumbnail'><dl class='gallery-item'>\n\t\t\t<dt class='gallery-icon portrait'>\n\t\t\t\t<a href='https:\/\/tanz-bruecke.de\/ja\/ueber-uns\/team\/elena-2-2\/'><img loading=\"lazy\" decoding=\"async\" width=\"150\" height=\"200\" src=\"https:\/\/tanz-bruecke.de\/ja\/wp-content\/uploads\/2021\/10\/ELENA-2-150x200.jpg\" class=\"attachment-thumbnail size-thumbnail\" alt=\"\" aria-describedby=\"gallery-1-11755\" \/><\/a>\n\t\t\t<\/dt>\n\t\t\t\t<dd class='wp-caption-text gallery-caption' id='gallery-1-11755'>\n\t\t\t\tElena Dergatcheva\n\t\t\t\t<\/dd><\/dl>\n\t\t\t<br style='clear: both' \/>\n\t\t<\/div>\n\n","protected":false},"excerpt":{"rendered":"<p>\u00dcber uns Unser Konzept Unsere R\u00e4umlichkeiten Tagesablauf Kosten Freie Pl\u00e4tze, Kontakt<\/p>\n","protected":false},"author":3,"featured_media":0,"parent":0,"menu_order":0,"comment_status":"closed","ping_status":"closed","template":"","meta":{"footnotes":""},"class_list":["post-9162","page","type-page","status-publish","hentry","entry"],"_links":{"self":[{"href":"https:\/\/tanz-bruecke.de\/ja\/wp-json\/wp\/v2\/pages\/9162","targetHints":{"allow":["GET"]}}],"collection":[{"href":"https:\/\/tanz-bruecke.de\/ja\/wp-json\/wp\/v2\/pages"}],"about":[{"href":"https:\/\/tanz-bruecke.de\/ja\/wp-json\/wp\/v2\/types\/page"}],"author":[{"embeddable":true,"href":"https:\/\/tanz-bruecke.de\/ja\/wp-json\/wp\/v2\/users\/3"}],"replies":[{"embeddable":true,"href":"https:\/\/tanz-bruecke.de\/ja\/wp-json\/wp\/v2\/comments?post=9162"}],"version-history":[{"count":9,"href":"https:\/\/tanz-bruecke.de\/ja\/wp-json\/wp\/v2\/pages\/9162\/revisions"}],"predecessor-version":[{"id":12478,"href":"https:\/\/tanz-bruecke.de\/ja\/wp-json\/wp\/v2\/pages\/9162\/revisions\/12478"}],"wp:attachment":[{"href":"https:\/\/tanz-bruecke.de\/ja\/wp-json\/wp\/v2\/media?parent=9162"}],"curies":[{"name":"wp","href":"https:\/\/api.w.org\/{rel}","templated":true}]}}