{"id":905,"date":"2012-08-01T10:59:07","date_gmt":"2012-08-01T10:59:07","guid":{"rendered":"http:\/\/tanz-bruecke.de\/ja\/?page_id=905"},"modified":"2025-11-27T05:57:45","modified_gmt":"2025-11-27T05:57:45","slug":"kontakt","status":"publish","type":"page","link":"https:\/\/tanz-bruecke.de\/ja\/kontakt\/","title":{"rendered":"Kontakt"},"content":{"rendered":"<p>Wir informieren Sie gerne \u00fcber unsere aktuellen Themen wie Unterrichtsangebote f\u00fcr Gro\u00df und Klein. Rufen Sie uns einfach an oder senden Sie uns direkt hier eine E-Mail. Wir setzen uns dann umgehend mit Ihnen in Verbindung.<\/p>\n<div style=\"float: left; width: 50%;\">\n<p>Tanzbr\u00fccke Hamburg e.V.<br \/>\nHaldesdorfer Str. 46,<br \/>\n22179 Hamburg<\/p>\n<p>U-Bahn \/ Wandsbek &#8211; Gartenstadt<\/p>\n<p>Fu\u00dfweg ca. 10 min.<\/p>\n<p><strong>\u00d6ffnungszeiten der Gesch\u00e4ftsstelle:<\/strong><\/p>\n<p>MO 15:00 &#8211; 17:00 Uhr<\/p>\n<p>DO 15:00 &#8211; 17:00 Uhr<\/p>\n<p>FR 15:00 &#8211; 17:00 Uhr<\/p>\n<p>SA 09:00 &#8211; 12:00 Uhr<\/p>\n<p><strong><strong>Tel<\/strong>:<\/strong><\/p>\n<p><strong>+49 (0) 40 697 049 88<\/strong><\/p>\n<p><strong>+49 (0) 40 606 40 30<\/strong><\/p>\n<p><strong>+49 (0) 163 479 47 66\u00a0<\/strong><\/p>\n<p><strong>E-Mail:<\/strong>\u00a0<a href=\"mailto:info@tanz-bruecke.de\">info@tanz-bruecke.de<\/a><\/p>\n<p><strong>Web<\/strong>: http:\/\/www.tanz-bruecke.de<\/p>\n<p><strong>Vorstand:<br \/>\n<\/strong>Tatjana Stelter<br \/>\n+49 17648356982<\/p>\n<p>Horst Schr\u00f6der<br \/>\n+ 49 (0) 40\/ 69704988<\/p>\n<p>Berit Schlachta<br \/>\n+49 1763129793<\/p>\n<p><strong>Jugendwartin:<br \/>\n<\/strong>Lioubov Moch<br \/>\n+49 (0) 1718954616<br \/>\nE-Mail: <a href=\"mailto:l.moch@tanzbruecke.de\">l.moch@tanzbruecke.de<\/a><\/p>\n<p><strong>Buchhaltung:<br \/>\n<\/strong>Liana Schwab<br \/>\n<span style=\"line-height: 1.5;\">+49 (0) 15560150732<br \/>\n<\/span>E-Mail: <a href=\"mailto:buchhaltung@tanz-bruecke.de\">buchhaltung@tanz-bruecke.de<\/a><\/p>\n<p><strong>Bankverbindung:<\/strong><\/p>\n<p>Tanzbr\u00fccke Hamburg e. V.<br \/>\nHamburger Volksbank<\/p>\n<p><strong>IBAN: DE29201900030083373209<\/strong><\/p>\n<p><strong>BIC: GENODEF1HH2<\/strong><\/p>\n<\/div>\n<div style=\"float: right; width: 50%;\">\n<p><iframe loading=\"lazy\" src=\"https:\/\/maps.google.de\/maps?hl=de&amp;q=Haldesdorfer+str.+46&amp;ie=UTF8&amp;hq=&amp;hnear=Haldesdorfer+Stra%C3%9Fe+46,+22179+Hamburg&amp;gl=de&amp;t=m&amp;source=embed&amp;z=14&amp;ll=53.5972991,10.0719874&amp;output=embed\" width=\"325\" height=\"350\" frameborder=\"0\" marginwidth=\"0\" marginheight=\"0\" scrolling=\"no\"><\/iframe><br \/>\n<small><a style=\"color: #0000ff; text-align: left;\" href=\"https:\/\/maps.google.de\/maps?hl=de&amp;q=Haldesdorfer+str.+46a&amp;ie=UTF8&amp;hq=&amp;hnear=Haldesdorfer+Stra%C3%9Fe+46,+22179+Hamburg&amp;gl=de&amp;t=m&amp;source=embed&amp;z=14&amp;ll=53.5972991,10.0719874\">Gr\u00f6\u00dfere Kartenansicht<\/a><\/small><\/p>\n<\/div>\n","protected":false},"excerpt":{"rendered":"<p>Wir informieren Sie gerne \u00fcber unsere aktuellen Themen wie Unterrichtsangebote f\u00fcr Gro\u00df und Klein. Rufen Sie uns einfach an oder senden Sie uns direkt hier eine E-Mail. Wir setzen uns dann umgehend mit Ihnen in Verbindung. Tanzbr\u00fccke Hamburg e.V. Haldesdorfer Str. 46, 22179 Hamburg U-Bahn \/ Wandsbek &#8211; Gartenstadt Fu\u00dfweg ca. 10 min. \u00d6ffnungszeiten der [&hellip;]<\/p>\n","protected":false},"author":3,"featured_media":0,"parent":0,"menu_order":7,"comment_status":"open","ping_status":"open","template":"","meta":{"footnotes":""},"class_list":["post-905","page","type-page","status-publish","hentry","entry"],"_links":{"self":[{"href":"https:\/\/tanz-bruecke.de\/ja\/wp-json\/wp\/v2\/pages\/905","targetHints":{"allow":["GET"]}}],"collection":[{"href":"https:\/\/tanz-bruecke.de\/ja\/wp-json\/wp\/v2\/pages"}],"about":[{"href":"https:\/\/tanz-bruecke.de\/ja\/wp-json\/wp\/v2\/types\/page"}],"author":[{"embeddable":true,"href":"https:\/\/tanz-bruecke.de\/ja\/wp-json\/wp\/v2\/users\/3"}],"replies":[{"embeddable":true,"href":"https:\/\/tanz-bruecke.de\/ja\/wp-json\/wp\/v2\/comments?post=905"}],"version-history":[{"count":73,"href":"https:\/\/tanz-bruecke.de\/ja\/wp-json\/wp\/v2\/pages\/905\/revisions"}],"predecessor-version":[{"id":13862,"href":"https:\/\/tanz-bruecke.de\/ja\/wp-json\/wp\/v2\/pages\/905\/revisions\/13862"}],"wp:attachment":[{"href":"https:\/\/tanz-bruecke.de\/ja\/wp-json\/wp\/v2\/media?parent=905"}],"curies":[{"name":"wp","href":"https:\/\/api.w.org\/{rel}","templated":true}]}}