{"id":882,"date":"2012-08-01T10:28:32","date_gmt":"2012-08-01T10:28:32","guid":{"rendered":"http:\/\/tanz-bruecke.de\/ja\/?page_id=882"},"modified":"2025-12-08T10:23:59","modified_gmt":"2025-12-08T10:23:59","slug":"impressum","status":"publish","type":"page","link":"https:\/\/tanz-bruecke.de\/ja\/impressum\/","title":{"rendered":"Impressum"},"content":{"rendered":"<p>Tanzbr\u00fccke Hamburg e.V.<br \/>\nHaldesdorfer Str. 46,<br \/>\n22179 Hamburg<\/p>\n<p>Inhaltlich Verantwortlicher gem\u00e4\u00df<br \/>\n\u00a7 10 Absatz 3 MDStV: Natalia Dergatcheva\u00a0(Anschrift wie oben)<\/p>\n<p><strong>Vorstand:<\/strong><br \/>\nLiana H\u00e4hnel<br \/>\nMobil: 0178\/3551419<br \/>\nE-Mail:\u00a0<a href=\"mailto:liana@tanz-bruecke.de\">liana@tanz-bruecke.de<\/a><\/p>\n<p>Natalia Dergatcheva<br \/>\nTel: 040-6064030<br \/>\nMobil: 0163\/4794766<br \/>\nE-Mail:\u00a0<a href=\"mailto:info@tanz-bruecke.de\">info@tanz-bruecke.de<\/a><\/p>\n<p><strong>Registeramt:<\/strong><br \/>\nAmtsgericht Hamburg<br \/>\nRegisternummer: VR 19312<\/p>\n<p><strong>Bankverbindung:<\/strong><br \/>\nTanzbr\u00fccke Hamburg e. V.<br \/>\nHamburger Volksbank eG<\/p>\n<p><strong>IBAN: DE29201900030083373209<\/strong><\/p>\n<p><strong>BIC: GENODEF1HH2<\/strong><\/p>\n<h3><\/h3>\n<h3>Tanzbr\u00fccke Hamburg e. V., Datenschutzerkl\u00e4rung<\/h3>\n<p>Am 25.05.2018 treten die neuen Richtlinien der Europ\u00e4ischen Datenschutz-Grundverordnung (DSGVO) in Kraft. Diese sorgen f\u00fcr einen sicheren und transparenten Umgang mit Ihren pers\u00f6nlichen Daten.<\/p>\n<h3>Datenschutzerkl\u00e4rung<\/h3>\n<p>Wir verarbeiten die Daten unserer Mitglieder, Unterst\u00fctzer oder Interessenten entsprechend Art. 6 Abs. 1 lit. b. DSGVO, sofern wir ihnen gegen\u00fcber vertragliche Leistungen anbieten oder im Rahmen bestehender gesch\u00e4ftlicher Beziehung, z.B. gegen\u00fcber Mitgliedern, t\u00e4tig werden oder selbst Empf\u00e4nger von Leistungen und Zuwendungen sind. Im \u00dcbrigen verarbeiten wir die Daten betroffener Personen gem. Art. 6 Abs. 1 lit. f. DSGVO auf Grundlage unserer berechtigten Interessen, z.B. wenn es sich um administrative Aufgaben oder \u00d6ffentlichkeitsarbeit handelt.<\/p>\n<p>Die hierbei verarbeiteten Daten, die Art, der Umfang und der Zweck und die Erforderlichkeit ihrer Verarbeitung bestimmen sich nach dem zugrundeliegenden Vertragsverh\u00e4ltnis. Dazu geh\u00f6ren grunds\u00e4tzlich Bestands- und Stammdaten der Personen (z.B., Name, Adresse, etc.), als auch die Kontaktdaten (z.B., E-Mailadresse, Telefon, etc.), die Vertragsdaten (z.B., in Anspruch genommene Leistungen, mitgeteilte Inhalte und Informationen, Namen von Kontaktpersonen) und sofern wir zahlungspflichtige Leistungen oder Produkte anbieten, Zahlungsdaten (z.B., Bankverbindung, Zahlungshistorie, etc.).<\/p>\n<p>Wir l\u00f6schen Daten, die zur Erbringung unserer satzungs- und gesch\u00e4ftsm\u00e4\u00dfigen Zwecke nicht mehr erforderlich sind. Dies bestimmt sich entsprechend der jeweiligen Aufgaben und vertraglichen Beziehungen. Im Fall gesch\u00e4ftlicher Verarbeitung bewahren wir die Daten so lange auf, wie sie zur Gesch\u00e4ftsabwicklung, als auch im Hinblick auf etwaige Gew\u00e4hrleistungs- oder Haftungspflichten relevant sein k\u00f6nnen. Die Erforderlichkeit der Aufbewahrung der Daten wird alle drei Jahre \u00fcberpr\u00fcft; im \u00dcbrigen gelten die gesetzlichen Aufbewahrungspflichten.<\/p>\n<p>Alle Rechte vorbehalten. S\u00e4mtliche Logos, Firmenschriftz\u00fcge und Abbildungen d\u00fcrfen von den Nutzern dieses Informations-Angebotes nicht f\u00fcr eigene Zwecke, gleich welcher Art, verwendet werden und unterliegen uneingeschr\u00e4nkt den Urheber-, Bild- und Markenrechten der Inhaber\/Quellen. Eine Verwendung f\u00fcr eigene Zwecke bedarf der ausdr\u00fccklichen Zustimmung des Inhabers.<\/p>\n<p>Das Herunterladen der Dateien erfolgt auf eigene Gefahr. Wir \u00fcbernehmen keine Haftung f\u00fcr Sch\u00e4den, die direkt oder indirekt durch das Herunterladen oder die Benutzung dieser Dateien entstehen.<\/p>\n<p>Wir haben andere Seiten im Internet durch Links mit unseren Seiten verbunden. F\u00fcr diese Links gilt: Wir erkl\u00e4ren ausdr\u00fccklich, dass wir keinen Einfluss auf die Gestaltung und die Inhalte der verlinkten Seiten genommen haben oder nehmen k\u00f6nnen. Deshalb distanzieren wir uns ausdr\u00fccklich von den Inhalten aller verlinkten Seiten, die durch unsere Webseiten erreicht werden k\u00f6nnen, und machen uns deren Inhalte nicht zu Eigen. Dies gilt f\u00fcr alle auf unseren Seiten angezeigten Links und deren Inhalte. Jegliche diesbez\u00fcgliche Haftung wird ausgeschlossen.<\/p>\n<p>Die Inhalte unserer Internetseiten wurden sorgf\u00e4ltig zusammengestellt. Dennoch k\u00f6nnen Fehler und Irrt\u00fcmer nicht ausgeschlossen werden. Daf\u00fcr \u00fcbernehmen wir keine Haftung. Im Einzelfall bitten wir um Ihre Nachfrage. F\u00fcr Hinweise auf solche Fehler oder Irrt\u00fcmer sind wir dankbar.<\/p>\n<p>Mit der Nutzung dieses Informationsangebotes erkennen Sie die vorstehenden Bedingungen als rechtlich verbindlich an.<\/p>\n","protected":false},"excerpt":{"rendered":"<p>Tanzbr\u00fccke Hamburg e.V. Haldesdorfer Str. 46, 22179 Hamburg Inhaltlich Verantwortlicher gem\u00e4\u00df \u00a7 10 Absatz 3 MDStV: Natalia Dergatcheva\u00a0(Anschrift wie oben) Vorstand: Liana H\u00e4hnel Mobil: 0178\/3551419 E-Mail:\u00a0liana@tanz-bruecke.de Natalia Dergatcheva Tel: 040-6064030 Mobil: 0163\/4794766 E-Mail:\u00a0info@tanz-bruecke.de Registeramt: Amtsgericht Hamburg Registernummer: VR 19312 Bankverbindung: Tanzbr\u00fccke Hamburg e. V. Hamburger Volksbank eG IBAN: DE29201900030083373209 BIC: GENODEF1HH2 Tanzbr\u00fccke Hamburg e. V., [&hellip;]<\/p>\n","protected":false},"author":3,"featured_media":0,"parent":0,"menu_order":3,"comment_status":"open","ping_status":"open","template":"","meta":{"footnotes":""},"class_list":["post-882","page","type-page","status-publish","hentry","entry"],"_links":{"self":[{"href":"https:\/\/tanz-bruecke.de\/ja\/wp-json\/wp\/v2\/pages\/882","targetHints":{"allow":["GET"]}}],"collection":[{"href":"https:\/\/tanz-bruecke.de\/ja\/wp-json\/wp\/v2\/pages"}],"about":[{"href":"https:\/\/tanz-bruecke.de\/ja\/wp-json\/wp\/v2\/types\/page"}],"author":[{"embeddable":true,"href":"https:\/\/tanz-bruecke.de\/ja\/wp-json\/wp\/v2\/users\/3"}],"replies":[{"embeddable":true,"href":"https:\/\/tanz-bruecke.de\/ja\/wp-json\/wp\/v2\/comments?post=882"}],"version-history":[{"count":8,"href":"https:\/\/tanz-bruecke.de\/ja\/wp-json\/wp\/v2\/pages\/882\/revisions"}],"predecessor-version":[{"id":13865,"href":"https:\/\/tanz-bruecke.de\/ja\/wp-json\/wp\/v2\/pages\/882\/revisions\/13865"}],"wp:attachment":[{"href":"https:\/\/tanz-bruecke.de\/ja\/wp-json\/wp\/v2\/media?parent=882"}],"curies":[{"name":"wp","href":"https:\/\/api.w.org\/{rel}","templated":true}]}}