{"id":760,"date":"2012-08-01T09:53:20","date_gmt":"2012-08-01T09:53:20","guid":{"rendered":"http:\/\/tanz-bruecke.de\/ja\/?page_id=760"},"modified":"2020-09-24T16:59:55","modified_gmt":"2020-09-24T16:59:55","slug":"fitness-2","status":"publish","type":"page","link":"https:\/\/tanz-bruecke.de\/ja\/fitness-2\/","title":{"rendered":"FITNESS"},"content":{"rendered":"<p>Schuljahr 2020_2021<\/p>\n<p><strong><span style=\"color: #ff0000;\">NEU<\/span> LATIN SOLO DANCE\u00a0<\/strong>speziell f\u00fcr Ladys<\/p>\n<p><strong>SA 12:00 &#8211; 13:00 Uhr <\/strong>Raum Leon<\/p>\n<p>Tanzen ohne Partner: Sie erlernen und tanzen die Schrittfolgen aus beliebten lateinamerikanischen T\u00e4nzen (Cha-Cha, Rumba, Samba, Salsa, Jive und Boogie) sorgen f\u00fcr ein effektives ganz-k\u00f6rperliches Workout &amp; stimmungsvolles Tanztraining.<\/p>\n<p>Probiere Sie es aus!<\/p>\n<p><em>Einstieg und Schnupperstunde jederzeit m\u00f6glich!<\/em><\/p>\n<p><img loading=\"lazy\" decoding=\"async\" class=\"aligncenter size-medium wp-image-11125\" src=\"https:\/\/tanz-bruecke.de\/ja\/wp-content\/uploads\/2020\/09\/147-201x300.jpg\" alt=\"\" width=\"201\" height=\"300\" srcset=\"https:\/\/tanz-bruecke.de\/ja\/wp-content\/uploads\/2020\/09\/147-201x300.jpg 201w, https:\/\/tanz-bruecke.de\/ja\/wp-content\/uploads\/2020\/09\/147.jpg 685w\" sizes=\"auto, (max-width: 201px) 100vw, 201px\" \/><\/p>\n<p>&nbsp;<\/p>\n<p><strong>BALLETT F\u00dcR ERWACHSENE<\/strong>\u00a0Raum CHICAGO<\/p>\n<p><strong>DI 17:30 &#8211; 19:00 Uhr<\/strong><\/p>\n<p>Zu alt, zu gro\u00df, zu dick? Spielt alles keine Rolle!\u00a0Wir legen Wert auf professionelle Anleitung, damit Sie\u00a0<strong>eine gesunde Technik<\/strong>\u00a0erlernen k\u00f6nnen. Sie werden\u00a0Freude an der Sch\u00f6nheit und Grazie des Balletts kennen lernen.Komplett neuer Ballett Basis Kurs\u00a0geeignet auch f\u00fcr alle\u00a0<strong>absoluten Beginnerinnen<\/strong>!<\/p>\n<p>Wenn Sie\u00a0zu uns in den Ballettunterricht kommen m\u00f6chten, ist es egal, welche k\u00f6rperlichen Voraussetzungen oder Bewegungserfahrung Sie\u00a0mitbringen.\u00a0Trauen Sie sich, auch ohne jegliche Vorkenntnisse, diese Tanzklasse\u00a0zu besuchen.<\/p>\n<p><em>Einstieg und Schnupperstunde jederzeit m\u00f6glich!<\/em><\/p>\n<p><img loading=\"lazy\" decoding=\"async\" class=\"aligncenter size-medium wp-image-6026\" src=\"https:\/\/tanz-bruecke.de\/ja\/wp-content\/uploads\/2012\/08\/BALLETT-300x200.jpg\" alt=\"bailarinas\" width=\"300\" height=\"200\" srcset=\"https:\/\/tanz-bruecke.de\/ja\/wp-content\/uploads\/2012\/08\/BALLETT-300x200.jpg 300w, https:\/\/tanz-bruecke.de\/ja\/wp-content\/uploads\/2012\/08\/BALLETT-768x512.jpg 768w, https:\/\/tanz-bruecke.de\/ja\/wp-content\/uploads\/2012\/08\/BALLETT.jpg 849w\" sizes=\"auto, (max-width: 300px) 100vw, 300px\" \/><\/p>\n<p>Information und Anmeldung: Telefon: 040 \/ 69 70 49 88 oder \u00a0040 \/ 606 40 30 (<strong>Mo<\/strong>\u00a010:00 bis 12:00 Uhr,\u00a0<strong>Do<\/strong>\u00a016:00 bis 18:00 Uhr) und per E-Mail:\u00a0<a href=\"mailto:info@tanz-bruecke.de\">info@tanz-bruecke.de<\/a><\/p>\n<p><strong>MACHEN SIE MIT!<\/strong><\/p>\n","protected":false},"excerpt":{"rendered":"<p>Schuljahr 2020_2021 NEU LATIN SOLO DANCE\u00a0speziell f\u00fcr Ladys SA 12:00 &#8211; 13:00 Uhr Raum Leon Tanzen ohne Partner: Sie erlernen und tanzen die Schrittfolgen aus beliebten lateinamerikanischen T\u00e4nzen (Cha-Cha, Rumba, Samba, Salsa, Jive und Boogie) sorgen f\u00fcr ein effektives ganz-k\u00f6rperliches Workout &amp; stimmungsvolles Tanztraining. Probiere Sie es aus! Einstieg und Schnupperstunde jederzeit m\u00f6glich! &nbsp; BALLETT [&hellip;]<\/p>\n","protected":false},"author":3,"featured_media":0,"parent":0,"menu_order":15,"comment_status":"open","ping_status":"open","template":"","meta":{"footnotes":""},"class_list":["post-760","page","type-page","status-publish","hentry","entry"],"_links":{"self":[{"href":"https:\/\/tanz-bruecke.de\/ja\/wp-json\/wp\/v2\/pages\/760","targetHints":{"allow":["GET"]}}],"collection":[{"href":"https:\/\/tanz-bruecke.de\/ja\/wp-json\/wp\/v2\/pages"}],"about":[{"href":"https:\/\/tanz-bruecke.de\/ja\/wp-json\/wp\/v2\/types\/page"}],"author":[{"embeddable":true,"href":"https:\/\/tanz-bruecke.de\/ja\/wp-json\/wp\/v2\/users\/3"}],"replies":[{"embeddable":true,"href":"https:\/\/tanz-bruecke.de\/ja\/wp-json\/wp\/v2\/comments?post=760"}],"version-history":[{"count":92,"href":"https:\/\/tanz-bruecke.de\/ja\/wp-json\/wp\/v2\/pages\/760\/revisions"}],"predecessor-version":[{"id":11127,"href":"https:\/\/tanz-bruecke.de\/ja\/wp-json\/wp\/v2\/pages\/760\/revisions\/11127"}],"wp:attachment":[{"href":"https:\/\/tanz-bruecke.de\/ja\/wp-json\/wp\/v2\/media?parent=760"}],"curies":[{"name":"wp","href":"https:\/\/api.w.org\/{rel}","templated":true}]}}