{"id":751,"date":"2012-08-01T09:52:46","date_gmt":"2012-08-01T09:52:46","guid":{"rendered":"http:\/\/tanz-bruecke.de\/ja\/?page_id=751"},"modified":"2020-04-03T16:48:08","modified_gmt":"2020-04-03T16:48:08","slug":"tanzpadagogische-ausbildung","status":"publish","type":"page","link":"https:\/\/tanz-bruecke.de\/ja\/tanzpadagogische-ausbildung\/","title":{"rendered":"TANZP\u00c4DAGOGISCHE AUSBILDUNG"},"content":{"rendered":"\n\t\t<style type=\"text\/css\">\n\t\t\t#gallery-1 {\n\t\t\t\tmargin: auto;\n\t\t\t}\n\t\t\t#gallery-1 .gallery-item {\n\t\t\t\tfloat: left;\n\t\t\t\tmargin-top: 10px;\n\t\t\t\ttext-align: center;\n\t\t\t\twidth: 33%;\n\t\t\t}\n\t\t\t#gallery-1 img {\n\t\t\t\tborder: 2px solid #cfcfcf;\n\t\t\t}\n\t\t\t#gallery-1 .gallery-caption {\n\t\t\t\tmargin-left: 0;\n\t\t\t}\n\t\t\t\/* see gallery_shortcode() in wp-includes\/media.php *\/\n\t\t<\/style>\n\t\t<div id='gallery-1' class='gallery galleryid-751 gallery-columns-3 gallery-size-thumbnail'><dl class='gallery-item'>\n\t\t\t<dt class='gallery-icon landscape'>\n\t\t\t\t<a href='https:\/\/tanz-bruecke.de\/ja\/tanzpadagogische-ausbildung\/verein-tanzbruecke-hamburg-13\/'><img loading=\"lazy\" decoding=\"async\" width=\"150\" height=\"200\" src=\"https:\/\/tanz-bruecke.de\/ja\/wp-content\/uploads\/2019\/07\/52_FM3_1928-150x200.jpg\" class=\"attachment-thumbnail size-thumbnail\" alt=\"\" \/><\/a>\n\t\t\t<\/dt><\/dl><dl class='gallery-item'>\n\t\t\t<dt class='gallery-icon landscape'>\n\t\t\t\t<a href='https:\/\/tanz-bruecke.de\/ja\/tanzpadagogische-ausbildung\/verein-tanzbruecke-hamburg-17\/'><img loading=\"lazy\" decoding=\"async\" width=\"150\" height=\"200\" src=\"https:\/\/tanz-bruecke.de\/ja\/wp-content\/uploads\/2019\/07\/52_FM6_4763-Kopie-150x200.jpg\" class=\"attachment-thumbnail size-thumbnail\" alt=\"\" \/><\/a>\n\t\t\t<\/dt><\/dl><dl class='gallery-item'>\n\t\t\t<dt class='gallery-icon landscape'>\n\t\t\t\t<a href='https:\/\/tanz-bruecke.de\/ja\/tanzpadagogische-ausbildung\/verein-tanzbruecke-hamburg-14\/'><img loading=\"lazy\" decoding=\"async\" width=\"150\" height=\"200\" src=\"https:\/\/tanz-bruecke.de\/ja\/wp-content\/uploads\/2019\/07\/52_FM3_1938-150x200.jpg\" class=\"attachment-thumbnail size-thumbnail\" alt=\"\" \/><\/a>\n\t\t\t<\/dt><\/dl><br style=\"clear: both\" \/>\n\t\t<\/div>\n\n<p style=\"text-align: right;\">Fotos: Frank May<\/p>\n<p><span style=\"color: #333300;\"><strong>Nach den Ergebnissen des Deutschen Ballettwettbewerbes geh\u00f6rt die Tanzbr\u00fccke Hamburg\u00a0seit 2017 zu den VIER erfolgreichsten Ballettschulen Deutschlands!<\/strong><\/span><\/p>\n<p><span style=\"color: #333300;\">Wir bieten ein vielseitiges Programm vom Klassischen Ballett bis zum Tanztheater.\u00a0Der Tanzunterricht findet <strong>zwei<\/strong> oder <strong>drei<\/strong> Mal w\u00f6chentlich statt. Regelm\u00e4\u00dfig nehmen unsere Sch\u00fcler_innen an internationalen Wettbewerben, Theaterauff\u00fchrungen und Benefizveranstaltungen teil . Nach einer Grundausbildung unserer Schule werden die Kinder gerne von der Ballettschule des Hamburg Ballett\u00a0John Neumeier und von der Staatlichen Ballettschule Berlin \u00fcber<\/span><span style=\"color: #333300;\">nommen.<\/span><\/p>\n<p><em>F\u00fcr Fragen und pers\u00f6nliche Gespr\u00e4che stehen wir gerne zur Verf\u00fcgung.\u00a0<\/em><em>F\u00fcr das kommende neue Schuljahr\u00a0<strong>2019_2020\u00a0<\/strong>\u00a0f\u00fchren wir\u00a0<\/em><em>Wartelisten. Bei Interesse s<\/em><em>chreiben Sie bitte an die E-Mail Adresse info@tanz-bruecke.de<\/em><\/p>\n<p><span style=\"color: #333300;\">Schuljahr 2019_2020 START <strong>12.08.2019<\/strong><\/span><\/p>\n<p><span style=\"color: #333300;\"><strong>MONTAG<\/strong><\/span><\/p>\n<p><span style=\"color: #333300;\">Raum CHICAGO<\/span><\/p>\n<p>16:00 \u2013 17:15 Uhr Gruppe\u00a0CHAROIT<span style=\"color: #ff0000;\">*\u00a0<\/span>\u00a0<span style=\"color: #333300;\">(8-9 J.)\u00a0<\/span><\/p>\n<p>17:15 \u2013 18:15 Uhr\u00a0Gruppe KLEEBLATT (5-6 J.)<\/p>\n<p>18:35 \u2013\u00a020:00 Uhr Gruppe\u00a0SMARAGD\u00a0(11-13 J.)<\/p>\n<p><span style=\"color: #333300;\">Raum\u00a0SHANGHAI<\/span><\/p>\n<p>16:00 \u2013 17:15 Uhr Gruppe\u00a0AQUAMARIN\u00a0<span style=\"color: #333300;\">(8-9 J.)\u00a0<\/span><\/p>\n<p>17:15 &#8211; 18:00 Uhr Gruppe\u00a0GL\u00dcHW\u00dcRMCHEN\u00a0(4-5 J.)<\/p>\n<p>18:00 \u2013 18:45 Uhr Gruppe MONDSCHEIN\u00a0(4-5 J.)<\/p>\n<p><span style=\"color: #333300;\"><span style=\"color: #ff0000;\">*<\/span> Gruppen \u201emit Stern\u201c sind z. Zt. nicht aufnahmef\u00e4hig!<\/span><\/p>\n<p>&nbsp;<\/p>\n<p><span style=\"color: #333300;\"><strong>DIENSTAG<\/strong><\/span><\/p>\n<p><span style=\"color: #333300;\">Raum CHICAGO<\/span><\/p>\n<p>15:25 \u2013 15:55 Uhr<strong>\u00a0<span style=\"color: #000000;\"><span style=\"color: #ff0000;\">NEUE\u00a0<\/span><\/span><\/strong><span style=\"color: #000000;\">Gruppe MINI TBHH I (2-3 J.)\u00a0<\/span><\/p>\n<p>16:00\u00a0\u2013\u00a017:00 Uhr\u00a0Gruppe KLEEBLATT (5-6 J.)<\/p>\n<p>17:00\u00a0\u2013\u00a018:30 Uhr\u00a0Gruppe\u00a0AQUAMARIN\u00a0\u00a0<span style=\"color: #333300;\">(8-9 J.) BALLETT<\/span><\/p>\n<p>18:30 \u2013\u00a020:00 Uhr\u00a0Gruppe RUBIN (14-17 J.) Leistungsgruppe\u00a0<span style=\"color: #333300;\">BALLETT<\/span><\/p>\n<p><span style=\"color: #333300;\">Raum\u00a0SHANGHAI<\/span><\/p>\n<p>15:15 \u2013 15:55 Uhr Gruppe SCHWALBEN\u00a0<span style=\"color: #000000;\">(3-4 J.)\u00a0<\/span><em>EX Gruppe\u00a0Gruppe\u00a0MINI TBHH I<\/em><\/p>\n<p>16:00 \u2013 17:00 Uhr\u00a0Gruppe\u00a0SCHMETTERLINGE\u00a0<span style=\"color: #333300;\">(6-7 J.)<\/span><\/p>\n<p>17:00 \u2013 17:40 Uhr\u00a0<strong><span style=\"color: #000000;\"><span style=\"color: #ff0000;\">NEUE<\/span> <\/span><\/strong><span style=\"color: #000000;\">Gruppe\u00a0<\/span><span style=\"color: #000000;\">BIENCHEN\u00a0(3-4 J.)\u00a0<\/span><\/p>\n<p>17:40 \u2013 19:10 Uhr\u00a0Gruppe\u00a0TOPAS\u00a0<span style=\"color: #333300;\">(9-10 J.)\u00a0<\/span><em>MOSAIK<\/em><\/p>\n<p>&nbsp;<\/p>\n<p><span style=\"color: #333300;\"><strong>MITTWOCH<\/strong><\/span><\/p>\n<p><span style=\"color: #333300;\">Raum\u00a0CHICAGO<\/span><\/p>\n<p>15:30 \u2013 16:30 Uhr\u00a0<span style=\"color: #333300;\">Gruppe\u00a0BERNSTEIN (7-8 J.) <em>SONNENSTRAHL<\/em><\/span><\/p>\n<p>16:30\u00a0\u2013\u00a017:30 Uhr Gruppe\u00a0<span style=\"color: #333300;\">MALACHIT\u00a0(7-8 J.)<\/span><\/p>\n<p>17:30\u00a0\u2013\u00a019:00 Uhr\u00a0Gruppe\u00a0CHAROIT<span style=\"color: #ff0000;\">*<\/span>\u00a0\u00a0<span style=\"color: #333300;\">(8-9 J.)<\/span><\/p>\n<p><span style=\"color: #333300;\">Raum\u00a0SHANGHAI<\/span><\/p>\n<p>17:30 \u2013\u00a018:30 Uhr Gruppe\u00a0<span style=\"color: #333300;\">REGENBOGEN (6-7 J.)<\/span><\/p>\n<p><span style=\"color: #333300;\"><span style=\"color: #ff0000;\">*<\/span> Gruppen \u201emit Stern\u201c sind z. Zt. nicht aufnahmef\u00e4hig!<\/span><\/p>\n\n\t\t<style type=\"text\/css\">\n\t\t\t#gallery-2 {\n\t\t\t\tmargin: auto;\n\t\t\t}\n\t\t\t#gallery-2 .gallery-item {\n\t\t\t\tfloat: left;\n\t\t\t\tmargin-top: 10px;\n\t\t\t\ttext-align: center;\n\t\t\t\twidth: 33%;\n\t\t\t}\n\t\t\t#gallery-2 img {\n\t\t\t\tborder: 2px solid #cfcfcf;\n\t\t\t}\n\t\t\t#gallery-2 .gallery-caption {\n\t\t\t\tmargin-left: 0;\n\t\t\t}\n\t\t\t\/* see gallery_shortcode() in wp-includes\/media.php *\/\n\t\t<\/style>\n\t\t<div id='gallery-2' class='gallery galleryid-751 gallery-columns-3 gallery-size-thumbnail'><dl class='gallery-item'>\n\t\t\t<dt class='gallery-icon landscape'>\n\t\t\t\t<a href='https:\/\/tanz-bruecke.de\/ja\/tanzpadagogische-ausbildung\/1-26\/'><img loading=\"lazy\" decoding=\"async\" width=\"150\" height=\"200\" src=\"https:\/\/tanz-bruecke.de\/ja\/wp-content\/uploads\/2019\/07\/1-1-150x200.jpg\" class=\"attachment-thumbnail size-thumbnail\" alt=\"\" \/><\/a>\n\t\t\t<\/dt><\/dl><dl class='gallery-item'>\n\t\t\t<dt class='gallery-icon landscape'>\n\t\t\t\t<a href='https:\/\/tanz-bruecke.de\/ja\/tanzpadagogische-ausbildung\/5-18\/'><img loading=\"lazy\" decoding=\"async\" width=\"150\" height=\"200\" src=\"https:\/\/tanz-bruecke.de\/ja\/wp-content\/uploads\/2019\/07\/5-150x200.jpg\" class=\"attachment-thumbnail size-thumbnail\" alt=\"\" \/><\/a>\n\t\t\t<\/dt><\/dl><dl class='gallery-item'>\n\t\t\t<dt class='gallery-icon landscape'>\n\t\t\t\t<a href='https:\/\/tanz-bruecke.de\/ja\/tanzpadagogische-ausbildung\/6-17\/'><img loading=\"lazy\" decoding=\"async\" width=\"150\" height=\"200\" src=\"https:\/\/tanz-bruecke.de\/ja\/wp-content\/uploads\/2019\/07\/6-150x200.jpg\" class=\"attachment-thumbnail size-thumbnail\" alt=\"\" \/><\/a>\n\t\t\t<\/dt><\/dl><br style=\"clear: both\" \/>\n\t\t<\/div>\n\n<p style=\"text-align: right;\">Fotos: Alex Ribowski<\/p>\n<p>&nbsp;<\/p>\n<p><span style=\"color: #333300;\"><strong>DONNERSTAG<\/strong><\/span><\/p>\n<p><span style=\"color: #333300;\">Raum CHICAGO<\/span><\/p>\n<p>17:30 \u2013\u00a019:30 Uhr\u00a0Gruppe RUBIN (14-17 J.) Leistungsgruppe<\/p>\n<p><span style=\"color: #333300;\">Raum\u00a0SHANGHAI<\/span><\/p>\n<p>15:15-15:55 Uhr<strong>\u00a0<span style=\"color: #000000;\"><span style=\"color: #ff0000;\">NEUE\u00a0<\/span><\/span><\/strong><span style=\"color: #000000;\">Gruppe\u00a0<\/span><span style=\"color: #000000;\">BIENCHEN\u00a0(3-4 J.)\u00a0<\/span><\/p>\n<p>16:00-16:40 Uhr\u00a0Gruppe SCHWALBEN\u00a0<span style=\"color: #000000;\">(3-4 J.)<\/span><\/p>\n<p>17:00 \u2013\u00a019:00 Uhr Gruppe\u00a0TOPAS\u00a0<span style=\"color: #333300;\">(9-10 J.)\u00a0<\/span><\/p>\n<p><span style=\"color: #333300;\"><span style=\"color: #ff0000;\">*<\/span> Gruppen \u201emit Stern\u201c sind z. Zt. nicht aufnahmef\u00e4hig!<\/span><\/p>\n<p>&nbsp;<\/p>\n<p><span style=\"color: #333300;\"><strong>FREITAG<\/strong><\/span><\/p>\n<p><span style=\"color: #333300;\">Raum CHICAGO<\/span><\/p>\n<p>15:00- 16:00 Uhr\u00a0Gruppe MARIENK\u00c4FER (5-6 J.)<\/p>\n<p>16:00 \u2013 17:10 Uhr Gruppe\u00a0<span style=\"color: #333300;\">BERNSTEIN (7-8 J.) <\/span><\/p>\n<p>17:10 \u2013 18:40 Uhr\u00a0Gruppe\u00a0AQUAMARIN\u00a0<span style=\"color: #333300;\">(8-9 J.) <\/span><\/p>\n<p><span style=\"color: #333300;\">Raum\u00a0SHANGHAI<\/span><\/p>\n<p>15:00- 16:00 Uhr\u00a0Gruppe\u00a0STERNSCHNUPPEN\u00a0<span style=\"color: #333300;\"> (5-6 J.)<\/span><\/p>\n<p>16:00-16:45 Uhr\u00a0Gruppe\u00a0MONDSCHEIN\u00a0(4-5 J.)<\/p>\n<p>16:45 \u2013 17:45 Uhr\u00a0Gruppe\u00a0SCHMETTERLINGE\u00a0<span style=\"color: #333300;\">(6-7 J.)<\/span><\/p>\n<p>17:45 \u2013\u00a019:15 Uhr\u00a0Gruppe\u00a0SMARAGD\u00a0(11-13 J.) BALLETT<\/p>\n<p>19:15 \u2013\u00a020:15 Uhr <strong><span style=\"color: #ff0000;\">NEU<\/span><\/strong> HIP HOP ab 9 J., ab September, Kurs 4 Termine<\/p>\n<p><img loading=\"lazy\" decoding=\"async\" class=\"aligncenter size-medium wp-image-9618\" src=\"https:\/\/tanz-bruecke.de\/ja\/wp-content\/uploads\/2019\/07\/IMG-20190223-WA0106-300x189.jpg\" alt=\"\" width=\"300\" height=\"189\" srcset=\"https:\/\/tanz-bruecke.de\/ja\/wp-content\/uploads\/2019\/07\/IMG-20190223-WA0106-300x189.jpg 300w, https:\/\/tanz-bruecke.de\/ja\/wp-content\/uploads\/2019\/07\/IMG-20190223-WA0106-768x485.jpg 768w, https:\/\/tanz-bruecke.de\/ja\/wp-content\/uploads\/2019\/07\/IMG-20190223-WA0106-1024x646.jpg 1024w, https:\/\/tanz-bruecke.de\/ja\/wp-content\/uploads\/2019\/07\/IMG-20190223-WA0106.jpg 1600w\" sizes=\"auto, (max-width: 300px) 100vw, 300px\" \/><\/p>\n<p style=\"text-align: right;\">Foto: Slava Berezovski<\/p>\n<p>&nbsp;<\/p>\n<p><span style=\"color: #333300;\"><strong>SAMSTAG<\/strong><\/span><\/p>\n<p><span style=\"color: #333300;\">Raum CHICAGO<\/span><\/p>\n<p>09:00 \u2013 10:15 Uhr\u00a0Gruppe\u00a0CHAROIT<span style=\"color: #ff0000;\">*\u00a0<\/span><span style=\"color: #333300;\">(8-9 J.)\u00a0<\/span><\/p>\n<p>11:00\u00a0 \u2013 12:00 Uhr Gruppe MARIENK\u00c4FER (5-6 J.)<\/p>\n<p>12:00 \u2013 13:15 Uhr\u00a0<span style=\"color: #333300;\">Gruppe\u00a0REGENBOGEN (6-7 J.)<\/span><\/p>\n<p>13:15 \u2013 15:30 Uhr\u00a0Gruppe RUBIN (14-17 J.) Leistungsgruppe<\/p>\n<p>&nbsp;<\/p>\n<p><span style=\"color: #333300;\">Raum\u00a0SHANGHAI<\/span><\/p>\n<p>08:45 &#8211; 09:45 Uhr\u00a0Gruppe\u00a0STERNSCHNUPPEN\u00a0<span style=\"color: #333300;\"> (5-6 J.)<\/span><\/p>\n<p>09:45 &#8211; 10:15 Uhr Gruppe <span style=\"color: #ff0000;\"><strong>NEUE<\/strong> <\/span>MINI TBHH II (2-3 J.)<\/p>\n<p>10:15 \u2013\u00a011:00 Uhr\u00a0Gruppe\u00a0GL\u00dcHW\u00dcRMCHEN (4-5 J.)<\/p>\n<p>11:00\u00a0\u2013 12:00 Uhr Dance Workshop Erwachsene<\/p>\n<p>12:05 \u2013 13:20 Uhr\u00a0Gruppe\u00a0<span style=\"color: #333300;\">MALACHIT\u00a0(7-8 J.)<\/span><\/p>\n<p>13:15 \u2013 15:30 Uhr\u00a0Gruppe\u00a0SMARAGD\u00a0(11-13 J.)<\/p>\n<p><span style=\"color: #333300;\"><i><span style=\"color: #ff0000;\">*<\/span> Gruppen \u201emit Stern\u201c sind z. Zt. nicht aufnahmef\u00e4hig!\u00a0<\/i><\/span><\/p>\n\n\t\t<style type=\"text\/css\">\n\t\t\t#gallery-3 {\n\t\t\t\tmargin: auto;\n\t\t\t}\n\t\t\t#gallery-3 .gallery-item {\n\t\t\t\tfloat: left;\n\t\t\t\tmargin-top: 10px;\n\t\t\t\ttext-align: center;\n\t\t\t\twidth: 33%;\n\t\t\t}\n\t\t\t#gallery-3 img {\n\t\t\t\tborder: 2px solid #cfcfcf;\n\t\t\t}\n\t\t\t#gallery-3 .gallery-caption {\n\t\t\t\tmargin-left: 0;\n\t\t\t}\n\t\t\t\/* see gallery_shortcode() in wp-includes\/media.php *\/\n\t\t<\/style>\n\t\t<div id='gallery-3' class='gallery galleryid-751 gallery-columns-3 gallery-size-thumbnail'><dl class='gallery-item'>\n\t\t\t<dt class='gallery-icon landscape'>\n\t\t\t\t<a href='https:\/\/tanz-bruecke.de\/ja\/tanzpadagogische-ausbildung\/k1600_dsc_1209\/'><img loading=\"lazy\" decoding=\"async\" width=\"150\" height=\"150\" src=\"https:\/\/tanz-bruecke.de\/ja\/wp-content\/uploads\/2012\/08\/K1600_DSC_1209-200x200.jpg\" class=\"attachment-thumbnail size-thumbnail\" alt=\"\" srcset=\"https:\/\/tanz-bruecke.de\/ja\/wp-content\/uploads\/2012\/08\/K1600_DSC_1209-200x200.jpg 200w, https:\/\/tanz-bruecke.de\/ja\/wp-content\/uploads\/2012\/08\/K1600_DSC_1209-120x120.jpg 120w, https:\/\/tanz-bruecke.de\/ja\/wp-content\/uploads\/2012\/08\/K1600_DSC_1209-80x80.jpg 80w\" sizes=\"auto, (max-width: 150px) 100vw, 150px\" \/><\/a>\n\t\t\t<\/dt><\/dl><dl class='gallery-item'>\n\t\t\t<dt class='gallery-icon landscape'>\n\t\t\t\t<a href='https:\/\/tanz-bruecke.de\/ja\/tanzpadagogische-ausbildung\/_mg_0948\/'><img loading=\"lazy\" decoding=\"async\" width=\"150\" height=\"150\" src=\"https:\/\/tanz-bruecke.de\/ja\/wp-content\/uploads\/2012\/08\/MG_0948-200x200.jpg\" class=\"attachment-thumbnail size-thumbnail\" alt=\"\" srcset=\"https:\/\/tanz-bruecke.de\/ja\/wp-content\/uploads\/2012\/08\/MG_0948-200x200.jpg 200w, https:\/\/tanz-bruecke.de\/ja\/wp-content\/uploads\/2012\/08\/MG_0948-120x120.jpg 120w, https:\/\/tanz-bruecke.de\/ja\/wp-content\/uploads\/2012\/08\/MG_0948-80x80.jpg 80w\" sizes=\"auto, (max-width: 150px) 100vw, 150px\" \/><\/a>\n\t\t\t<\/dt><\/dl><dl class='gallery-item'>\n\t\t\t<dt class='gallery-icon landscape'>\n\t\t\t\t<a href='https:\/\/tanz-bruecke.de\/ja\/tanzpadagogische-ausbildung\/_mg_9062\/'><img loading=\"lazy\" decoding=\"async\" width=\"150\" height=\"150\" src=\"https:\/\/tanz-bruecke.de\/ja\/wp-content\/uploads\/2012\/08\/MG_9062-200x200.jpg\" class=\"attachment-thumbnail size-thumbnail\" alt=\"\" srcset=\"https:\/\/tanz-bruecke.de\/ja\/wp-content\/uploads\/2012\/08\/MG_9062-200x200.jpg 200w, https:\/\/tanz-bruecke.de\/ja\/wp-content\/uploads\/2012\/08\/MG_9062-120x120.jpg 120w, https:\/\/tanz-bruecke.de\/ja\/wp-content\/uploads\/2012\/08\/MG_9062-80x80.jpg 80w\" sizes=\"auto, (max-width: 150px) 100vw, 150px\" \/><\/a>\n\t\t\t<\/dt><\/dl><br style=\"clear: both\" \/>\n\t\t<\/div>\n\n\n\t\t<style type=\"text\/css\">\n\t\t\t#gallery-4 {\n\t\t\t\tmargin: auto;\n\t\t\t}\n\t\t\t#gallery-4 .gallery-item {\n\t\t\t\tfloat: left;\n\t\t\t\tmargin-top: 10px;\n\t\t\t\ttext-align: center;\n\t\t\t\twidth: 33%;\n\t\t\t}\n\t\t\t#gallery-4 img {\n\t\t\t\tborder: 2px solid #cfcfcf;\n\t\t\t}\n\t\t\t#gallery-4 .gallery-caption {\n\t\t\t\tmargin-left: 0;\n\t\t\t}\n\t\t\t\/* see gallery_shortcode() in wp-includes\/media.php *\/\n\t\t<\/style>\n\t\t<div id='gallery-4' class='gallery galleryid-751 gallery-columns-3 gallery-size-thumbnail'><dl class='gallery-item'>\n\t\t\t<dt class='gallery-icon landscape'>\n\t\t\t\t<a href='https:\/\/tanz-bruecke.de\/ja\/tanzpadagogische-ausbildung\/oliver-2\/'><img loading=\"lazy\" decoding=\"async\" width=\"150\" height=\"150\" src=\"https:\/\/tanz-bruecke.de\/ja\/wp-content\/uploads\/2012\/08\/Oliver-200x200.jpg\" class=\"attachment-thumbnail size-thumbnail\" alt=\"\" srcset=\"https:\/\/tanz-bruecke.de\/ja\/wp-content\/uploads\/2012\/08\/Oliver-200x200.jpg 200w, https:\/\/tanz-bruecke.de\/ja\/wp-content\/uploads\/2012\/08\/Oliver-120x120.jpg 120w, https:\/\/tanz-bruecke.de\/ja\/wp-content\/uploads\/2012\/08\/Oliver-80x80.jpg 80w\" sizes=\"auto, (max-width: 150px) 100vw, 150px\" \/><\/a>\n\t\t\t<\/dt><\/dl><dl class='gallery-item'>\n\t\t\t<dt class='gallery-icon landscape'>\n\t\t\t\t<a href='https:\/\/tanz-bruecke.de\/ja\/tanzpadagogische-ausbildung\/polzunec-2\/'><img loading=\"lazy\" decoding=\"async\" width=\"150\" height=\"150\" src=\"https:\/\/tanz-bruecke.de\/ja\/wp-content\/uploads\/2012\/08\/Polzunec-200x200.jpg\" class=\"attachment-thumbnail size-thumbnail\" alt=\"\" srcset=\"https:\/\/tanz-bruecke.de\/ja\/wp-content\/uploads\/2012\/08\/Polzunec-200x200.jpg 200w, https:\/\/tanz-bruecke.de\/ja\/wp-content\/uploads\/2012\/08\/Polzunec-120x120.jpg 120w, https:\/\/tanz-bruecke.de\/ja\/wp-content\/uploads\/2012\/08\/Polzunec-80x80.jpg 80w\" sizes=\"auto, (max-width: 150px) 100vw, 150px\" \/><\/a>\n\t\t\t<\/dt><\/dl><dl class='gallery-item'>\n\t\t\t<dt class='gallery-icon landscape'>\n\t\t\t\t<a href='https:\/\/tanz-bruecke.de\/ja\/tanzpadagogische-ausbildung\/ukraina-2\/'><img loading=\"lazy\" decoding=\"async\" width=\"150\" height=\"150\" src=\"https:\/\/tanz-bruecke.de\/ja\/wp-content\/uploads\/2012\/08\/ukraina-200x200.jpg\" class=\"attachment-thumbnail size-thumbnail\" alt=\"\" srcset=\"https:\/\/tanz-bruecke.de\/ja\/wp-content\/uploads\/2012\/08\/ukraina-200x200.jpg 200w, https:\/\/tanz-bruecke.de\/ja\/wp-content\/uploads\/2012\/08\/ukraina-120x120.jpg 120w, https:\/\/tanz-bruecke.de\/ja\/wp-content\/uploads\/2012\/08\/ukraina-80x80.jpg 80w\" sizes=\"auto, (max-width: 150px) 100vw, 150px\" \/><\/a>\n\t\t\t<\/dt><\/dl><br style=\"clear: both\" \/>\n\t\t<\/div>\n\n<p style=\"text-align: right;\">Fotos: Slava Berezovski<\/p>\n<p>&nbsp;<\/p>\n","protected":false},"excerpt":{"rendered":"<p>Fotos: Frank May Nach den Ergebnissen des Deutschen Ballettwettbewerbes geh\u00f6rt die Tanzbr\u00fccke Hamburg\u00a0seit 2017 zu den VIER erfolgreichsten Ballettschulen Deutschlands! Wir bieten ein vielseitiges Programm vom Klassischen Ballett bis zum Tanztheater.\u00a0Der Tanzunterricht findet zwei oder drei Mal w\u00f6chentlich statt. Regelm\u00e4\u00dfig nehmen unsere Sch\u00fcler_innen an internationalen Wettbewerben, Theaterauff\u00fchrungen und Benefizveranstaltungen teil . Nach einer Grundausbildung unserer [&hellip;]<\/p>\n","protected":false},"author":3,"featured_media":0,"parent":0,"menu_order":11,"comment_status":"open","ping_status":"open","template":"","meta":{"footnotes":""},"class_list":["post-751","page","type-page","status-publish","hentry","entry"],"_links":{"self":[{"href":"https:\/\/tanz-bruecke.de\/ja\/wp-json\/wp\/v2\/pages\/751","targetHints":{"allow":["GET"]}}],"collection":[{"href":"https:\/\/tanz-bruecke.de\/ja\/wp-json\/wp\/v2\/pages"}],"about":[{"href":"https:\/\/tanz-bruecke.de\/ja\/wp-json\/wp\/v2\/types\/page"}],"author":[{"embeddable":true,"href":"https:\/\/tanz-bruecke.de\/ja\/wp-json\/wp\/v2\/users\/3"}],"replies":[{"embeddable":true,"href":"https:\/\/tanz-bruecke.de\/ja\/wp-json\/wp\/v2\/comments?post=751"}],"version-history":[{"count":308,"href":"https:\/\/tanz-bruecke.de\/ja\/wp-json\/wp\/v2\/pages\/751\/revisions"}],"predecessor-version":[{"id":10521,"href":"https:\/\/tanz-bruecke.de\/ja\/wp-json\/wp\/v2\/pages\/751\/revisions\/10521"}],"wp:attachment":[{"href":"https:\/\/tanz-bruecke.de\/ja\/wp-json\/wp\/v2\/media?parent=751"}],"curies":[{"name":"wp","href":"https:\/\/api.w.org\/{rel}","templated":true}]}}