{"id":5554,"date":"2016-05-09T08:37:57","date_gmt":"2016-05-09T08:37:57","guid":{"rendered":"http:\/\/tanz-bruecke.de\/ja\/?page_id=5554"},"modified":"2025-12-18T18:04:42","modified_gmt":"2025-12-18T18:04:42","slug":"integrationssprachkurse","status":"publish","type":"page","link":"https:\/\/tanz-bruecke.de\/ja\/integrationssprachkurse\/","title":{"rendered":"DEUTSCH F\u00dcR ERWACHSENE"},"content":{"rendered":"<p class=\"title\"><strong>DEUTSCHKURSE F\u00dcR ERWACHSENE<\/strong><\/p>\n<p><em>Sie sind k\u00fcrzlich oder schon vor l\u00e4ngerer Zeit nach Deutschland gekommen? F\u00fcr Sie ist vieles neu, unbekannt und ungewohnt. Oft haben Sie sprachliche Probleme, die Sie nur schwierig alleine bew\u00e4ltigen k\u00f6nnen.<\/em><\/p>\n<p>Die Beherrschung der deutschen Sprache ist wichtig, um sich im Land wohl zu f\u00fchlen und sich beruflich zu verwirklichen. Machen Sie den ersten Schritt und kommen Sie zu uns.<\/p>\n<p>In unseren Deutschkursen wird Ihnen fundiertes Grundwissen vermittelt und Sie lernen die grammatikalischen Strukturen kennen. Somit werden Sie Alltagssituationen verstehen und sich darin schnell und gut behaupten k\u00f6nnen.<\/p>\n<p>Zu unseren Kursen bieten wir folgende Niveaustufen an (gem\u00e4\u00df dem Europ\u00e4ischen Referenzrahmen f\u00fcr Sprachen):<\/p>\n<p><strong>Stufe I: Elementare Sprachverwendung\u00a0\u00a0 A1 und A 2\u00a0<\/strong>mit Vorbereitung auf die Pr\u00fcfungen A 1 und A 2<\/p>\n<p><strong>Stufe II: Selbst\u00e4ndige Sprachverwendung\u00a0 B 1 und B 2\u00a0<\/strong>mit Vorbereitung auf die Pr\u00fcfungen B1, Deutschtest f\u00fcr Zuwanderer und B 2<\/p>\n<p><strong>Stufe III: Kompetente Sprachverwendung C 1 und C 2<\/strong><\/p>\n<p><strong>WIR BIETEN AN:<\/strong><\/p>\n<ul>\n<li>kostenlose Einstufung vor dem Beginn; Einstieg in das bereits laufende Kurs nach der Einstufung jederzeit m\u00f6glich.<\/li>\n<li>Kursdauer: <strong>60<\/strong> Unterrichtsstunden<\/li>\n<li>Unterrichtszeit: <strong>zweimal w\u00f6chentlich<\/strong><\/li>\n<\/ul>\n<p><strong>Kursleitung: \u00a0Irina Scheck, <\/strong>Dipl.- Sprachwiss.,<strong>\u00a0<\/strong>Dozentin\u00a0VHS<\/p>\n<p><strong>Kurs A2:\u00a0<\/strong>Kurszeiten: MO + DO\u00a019:45 \u2013 21:15 Uhr<\/p>\n<p><strong>Kurs B1:\u00a0<\/strong>Kurszeiten: MO + DI\u00a09:40 \u2013 11:40 Uhr<\/p>\n<p><strong>Kurs C1:<\/strong>\u00a0Kurszeiten: MO + DO 18:10 \u2013 19:40 Uhr <em>Dieser Kurs richtet sich besonders an Berufst\u00e4tige.<\/em><\/p>\n<p>Information und Anmeldung: Telefon: 040 \/ 69 70 49 88 oder \u00a0040 \/ 606 40 30 (<strong>DI\u00a0<\/strong>10:00 bis 12:00 Uhr,\u00a0<strong>DO<\/strong>\u00a015:00 bis 18:00 Uhr) und per E-Mail:\u00a0<a href=\"mailto:info@tanz-bruecke.de\">info@tanz-bruecke.de<\/a><\/p>\n<p>Ort: Bramfelder Str. 116-118, 22305 Hamburg<\/p>\n<p><strong>MACHEN SIE MIT!<\/strong><\/p>\n","protected":false},"excerpt":{"rendered":"<p>DEUTSCHKURSE F\u00dcR ERWACHSENE Sie sind k\u00fcrzlich oder schon vor l\u00e4ngerer Zeit nach Deutschland gekommen? F\u00fcr Sie ist vieles neu, unbekannt und ungewohnt. Oft haben Sie sprachliche Probleme, die Sie nur schwierig alleine bew\u00e4ltigen k\u00f6nnen. Die Beherrschung der deutschen Sprache ist wichtig, um sich im Land wohl zu f\u00fchlen und sich beruflich zu verwirklichen. Machen Sie [&hellip;]<\/p>\n","protected":false},"author":3,"featured_media":0,"parent":0,"menu_order":0,"comment_status":"closed","ping_status":"closed","template":"","meta":{"footnotes":""},"class_list":["post-5554","page","type-page","status-publish","hentry","entry"],"_links":{"self":[{"href":"https:\/\/tanz-bruecke.de\/ja\/wp-json\/wp\/v2\/pages\/5554","targetHints":{"allow":["GET"]}}],"collection":[{"href":"https:\/\/tanz-bruecke.de\/ja\/wp-json\/wp\/v2\/pages"}],"about":[{"href":"https:\/\/tanz-bruecke.de\/ja\/wp-json\/wp\/v2\/types\/page"}],"author":[{"embeddable":true,"href":"https:\/\/tanz-bruecke.de\/ja\/wp-json\/wp\/v2\/users\/3"}],"replies":[{"embeddable":true,"href":"https:\/\/tanz-bruecke.de\/ja\/wp-json\/wp\/v2\/comments?post=5554"}],"version-history":[{"count":16,"href":"https:\/\/tanz-bruecke.de\/ja\/wp-json\/wp\/v2\/pages\/5554\/revisions"}],"predecessor-version":[{"id":13890,"href":"https:\/\/tanz-bruecke.de\/ja\/wp-json\/wp\/v2\/pages\/5554\/revisions\/13890"}],"wp:attachment":[{"href":"https:\/\/tanz-bruecke.de\/ja\/wp-json\/wp\/v2\/media?parent=5554"}],"curies":[{"name":"wp","href":"https:\/\/api.w.org\/{rel}","templated":true}]}}