{"id":4449,"date":"2015-08-10T12:30:05","date_gmt":"2015-08-10T12:30:05","guid":{"rendered":"http:\/\/tanz-bruecke.de\/ja\/?page_id=4449"},"modified":"2025-12-18T18:03:53","modified_gmt":"2025-12-18T18:03:53","slug":"gesangsunterricht","status":"publish","type":"page","link":"https:\/\/tanz-bruecke.de\/ja\/gesangsunterricht\/","title":{"rendered":"GESANGSUNTERRICHT"},"content":{"rendered":"<p>RAUM DRESDEN<\/p>\n<p><span style=\"color: #993300;\"><strong>Singen ist ein Handwerk.\u00a0Entdecke das unverwechselbarste aller Instrumente \u2013 Deine Stimme!<\/strong><\/span><\/p>\n<p>INDIVIDUELLER\u00a0GESANGSUNTERRICHT<\/p>\n<p>Die intensivste Form, selber Musik zu machen, ist das Singen. Der K\u00f6rper wird zum Instrument, zum Klangk\u00f6rper. Die Atmung, die Intonation, die k\u00f6rperliche Spannung und Entspannung \u2013 all diese Faktoren formen den Klang. Intuition und Technik sind die Basis f\u00fcr jeden guten S\u00e4nger.\u00a0Regelm\u00e4\u00dfig nehmen unsere Sch\u00fclerinnen an nationalen uns internationalen Gesangswettbewerben, The Voice Kids und Benefizveranstaltungen teil.<\/p>\n<p><em>Information und Anmeldung:\u00a0<\/em><strong>0163 479 47 66<\/strong><\/p>\n\n\t\t<style type=\"text\/css\">\n\t\t\t#gallery-1 {\n\t\t\t\tmargin: auto;\n\t\t\t}\n\t\t\t#gallery-1 .gallery-item {\n\t\t\t\tfloat: left;\n\t\t\t\tmargin-top: 10px;\n\t\t\t\ttext-align: center;\n\t\t\t\twidth: 33%;\n\t\t\t}\n\t\t\t#gallery-1 img {\n\t\t\t\tborder: 2px solid #cfcfcf;\n\t\t\t}\n\t\t\t#gallery-1 .gallery-caption {\n\t\t\t\tmargin-left: 0;\n\t\t\t}\n\t\t\t\/* see gallery_shortcode() in wp-includes\/media.php *\/\n\t\t<\/style>\n\t\t<div id='gallery-1' class='gallery galleryid-4449 gallery-columns-3 gallery-size-thumbnail'><dl class='gallery-item'>\n\t\t\t<dt class='gallery-icon landscape'>\n\t\t\t\t<a href='https:\/\/tanz-bruecke.de\/ja\/eltern-info\/dsc_7328-3\/'><img loading=\"lazy\" decoding=\"async\" width=\"150\" height=\"200\" src=\"https:\/\/tanz-bruecke.de\/ja\/wp-content\/uploads\/2018\/07\/DSC_7328-1-150x200.jpg\" class=\"attachment-thumbnail size-thumbnail\" alt=\"\" \/><\/a>\n\t\t\t<\/dt><\/dl><dl class='gallery-item'>\n\t\t\t<dt class='gallery-icon landscape'>\n\t\t\t\t<a href='https:\/\/tanz-bruecke.de\/ja\/gesangsunterricht\/dsc_1760\/'><img loading=\"lazy\" decoding=\"async\" width=\"150\" height=\"200\" src=\"https:\/\/tanz-bruecke.de\/ja\/wp-content\/uploads\/2015\/08\/DSC_1760-150x200.jpg\" class=\"attachment-thumbnail size-thumbnail\" alt=\"\" \/><\/a>\n\t\t\t<\/dt><\/dl><dl class='gallery-item'>\n\t\t\t<dt class='gallery-icon landscape'>\n\t\t\t\t<a href='https:\/\/tanz-bruecke.de\/ja\/prinzessinnen-u-prinzen-ball-tbhh-29-04-18-fotos-slava-berezovski\/dsc_7416\/'><img loading=\"lazy\" decoding=\"async\" width=\"150\" height=\"200\" src=\"https:\/\/tanz-bruecke.de\/ja\/wp-content\/uploads\/2018\/05\/DSC_7416-150x200.jpg\" class=\"attachment-thumbnail size-thumbnail\" alt=\"\" \/><\/a>\n\t\t\t<\/dt><\/dl><br style=\"clear: both\" \/>\n\t\t<\/div>\n\n","protected":false},"excerpt":{"rendered":"<p>RAUM DRESDEN Singen ist ein Handwerk.\u00a0Entdecke das unverwechselbarste aller Instrumente \u2013 Deine Stimme! INDIVIDUELLER\u00a0GESANGSUNTERRICHT Die intensivste Form, selber Musik zu machen, ist das Singen. Der K\u00f6rper wird zum Instrument, zum Klangk\u00f6rper. Die Atmung, die Intonation, die k\u00f6rperliche Spannung und Entspannung \u2013 all diese Faktoren formen den Klang. Intuition und Technik sind die Basis f\u00fcr jeden [&hellip;]<\/p>\n","protected":false},"author":3,"featured_media":0,"parent":0,"menu_order":0,"comment_status":"open","ping_status":"closed","template":"","meta":{"footnotes":""},"class_list":["post-4449","page","type-page","status-publish","hentry","entry"],"_links":{"self":[{"href":"https:\/\/tanz-bruecke.de\/ja\/wp-json\/wp\/v2\/pages\/4449","targetHints":{"allow":["GET"]}}],"collection":[{"href":"https:\/\/tanz-bruecke.de\/ja\/wp-json\/wp\/v2\/pages"}],"about":[{"href":"https:\/\/tanz-bruecke.de\/ja\/wp-json\/wp\/v2\/types\/page"}],"author":[{"embeddable":true,"href":"https:\/\/tanz-bruecke.de\/ja\/wp-json\/wp\/v2\/users\/3"}],"replies":[{"embeddable":true,"href":"https:\/\/tanz-bruecke.de\/ja\/wp-json\/wp\/v2\/comments?post=4449"}],"version-history":[{"count":42,"href":"https:\/\/tanz-bruecke.de\/ja\/wp-json\/wp\/v2\/pages\/4449\/revisions"}],"predecessor-version":[{"id":13888,"href":"https:\/\/tanz-bruecke.de\/ja\/wp-json\/wp\/v2\/pages\/4449\/revisions\/13888"}],"wp:attachment":[{"href":"https:\/\/tanz-bruecke.de\/ja\/wp-json\/wp\/v2\/media?parent=4449"}],"curies":[{"name":"wp","href":"https:\/\/api.w.org\/{rel}","templated":true}]}}