{"id":4447,"date":"2015-08-10T12:29:40","date_gmt":"2015-08-10T12:29:40","guid":{"rendered":"http:\/\/tanz-bruecke.de\/ja\/?page_id=4447"},"modified":"2021-03-14T18:27:21","modified_gmt":"2021-03-14T18:27:21","slug":"chor","status":"publish","type":"page","link":"https:\/\/tanz-bruecke.de\/ja\/musikalische-erziehung\/chor\/","title":{"rendered":"CHOR"},"content":{"rendered":"<p style=\"text-align: right;\"><img loading=\"lazy\" decoding=\"async\" class=\"aligncenter size-medium wp-image-9682\" src=\"https:\/\/tanz-bruecke.de\/ja\/wp-content\/uploads\/2019\/08\/IMG-20190622-WA0013-300x170.jpg\" alt=\"\" width=\"300\" height=\"170\" srcset=\"https:\/\/tanz-bruecke.de\/ja\/wp-content\/uploads\/2019\/08\/IMG-20190622-WA0013-300x170.jpg 300w, https:\/\/tanz-bruecke.de\/ja\/wp-content\/uploads\/2019\/08\/IMG-20190622-WA0013-768x435.jpg 768w, https:\/\/tanz-bruecke.de\/ja\/wp-content\/uploads\/2019\/08\/IMG-20190622-WA0013-1024x580.jpg 1024w, https:\/\/tanz-bruecke.de\/ja\/wp-content\/uploads\/2019\/08\/IMG-20190622-WA0013.jpg 1599w\" sizes=\"auto, (max-width: 300px) 100vw, 300px\" \/><\/p>\n<p><span style=\"color: #333399;\">Schuljahr 2020_2021 RAUM LEON<\/span><\/p>\n<p><span style=\"color: #339966;\"><strong>\u201eDer Gesang bildet den Geschmack, bereichert und\u00a0veredelt\u00a0das Gem\u00fct und richtet den Willen auf das Gute\u201c.<\/strong><\/span><\/p>\n<p><span style=\"color: #333399;\"><em>Eugenie Schumann\u00a0(1851 \u2013 1938), deutsche Musikschriftstellerin.<\/em><\/span><\/p>\n<p><span style=\"color: #333399;\">In allen Gruppen stehen die Freude an der Musik und die Chorgemeinschaft im Mittelpunkt.\u00a0Man muss kein professioneller S\u00e4nger oder keine professionelle S\u00e4ngerin sein, um Spa\u00df am Singen in einem Chor zu haben.<\/span><\/p>\n<p><span style=\"color: #333399;\"><strong>CHOR I:<\/strong><\/span><\/p>\n<p><span style=\"color: #333399;\">An die musikalischen Erfahrungen aus dem Vorschul- und Grundschulalter ankn\u00fcpfend vertiefen die Kinder hier ihre F\u00e4higkeiten. Das spielerische Erlernen durch die drei angesprochenen Sinne H\u00f6ren-Sehen-Bewegen f\u00f6rdert die motorischen F\u00e4higkeiten nebenbei. Die Lieder sind noch einstimmig. Kindgerechte Rhythmusspiele geben neben altersgerechter Stimmentwicklung zunehmend das Gef\u00fchl von Sicherheit.<\/span><\/p>\n<p><span style=\"color: #339966;\"><strong>Gruppe TANSANIT\u00a0<\/strong><\/span><\/p>\n<p><span style=\"color: #333399;\"><strong>SA 13:15\u00a0\u2013 14:00<\/strong> Uhr f\u00fcr Kinder 7<strong>&#8211;<\/strong>8 J.<\/span><\/p>\n<p>&nbsp;<\/p>\n<p><span style=\"color: #333399;\"><strong>CHOR II:<\/strong><\/span><\/p>\n<p><span style=\"color: #333399;\">Der Ausbau der stimmlichen F\u00e4higkeiten und die Hinf\u00fchrung zur Mehrstimmigkeit r\u00fccken in den Vordergrund. Das Heranf\u00fchren an Noten entwickelt sich in langsamen Schritten zu einem sicheren und selbstverst\u00e4ndlichen Umgang. Singen als ganzheitliche F\u00f6rderung in der Entwicklung des Kindes bleibt Teil des p\u00e4dagogischen Konzeptes.<\/span><\/p>\n<p><span style=\"color: #333399;\">Gruppe\u00a0<\/span><span style=\"color: #339966;\"><strong>FA-SOL<\/strong><\/span><\/p>\n<p><span style=\"color: #333399;\"><strong>MI 15:15 \u2013 16:00<\/strong>\u00a0Uhr f\u00fcr Kinder 8-10 J.<\/span><\/p>\n<p><span style=\"color: #333399;\"><em>Einstieg und Schnupperstunde jederzeit m\u00f6glich!\u00a0Vorkenntnisse sind nicht erforderlich.<\/em><\/span><\/p>\n<p><img loading=\"lazy\" decoding=\"async\" class=\"aligncenter size-medium wp-image-9685\" src=\"https:\/\/tanz-bruecke.de\/ja\/wp-content\/uploads\/2019\/08\/IMG-20190623-WA0076-300x200.jpg\" alt=\"\" width=\"300\" height=\"200\" srcset=\"https:\/\/tanz-bruecke.de\/ja\/wp-content\/uploads\/2019\/08\/IMG-20190623-WA0076-300x200.jpg 300w, https:\/\/tanz-bruecke.de\/ja\/wp-content\/uploads\/2019\/08\/IMG-20190623-WA0076-768x512.jpg 768w, https:\/\/tanz-bruecke.de\/ja\/wp-content\/uploads\/2019\/08\/IMG-20190623-WA0076-1024x683.jpg 1024w, https:\/\/tanz-bruecke.de\/ja\/wp-content\/uploads\/2019\/08\/IMG-20190623-WA0076.jpg 1599w\" sizes=\"auto, (max-width: 300px) 100vw, 300px\" \/><\/p>\n<p>&nbsp;<\/p>\n<p>&nbsp;<\/p>\n","protected":false},"excerpt":{"rendered":"<p>Schuljahr 2020_2021 RAUM LEON \u201eDer Gesang bildet den Geschmack, bereichert und\u00a0veredelt\u00a0das Gem\u00fct und richtet den Willen auf das Gute\u201c. Eugenie Schumann\u00a0(1851 \u2013 1938), deutsche Musikschriftstellerin. In allen Gruppen stehen die Freude an der Musik und die Chorgemeinschaft im Mittelpunkt.\u00a0Man muss kein professioneller S\u00e4nger oder keine professionelle S\u00e4ngerin sein, um Spa\u00df am Singen in einem Chor [&hellip;]<\/p>\n","protected":false},"author":3,"featured_media":0,"parent":1317,"menu_order":0,"comment_status":"open","ping_status":"open","template":"","meta":{"footnotes":""},"class_list":["post-4447","page","type-page","status-publish","hentry","entry"],"_links":{"self":[{"href":"https:\/\/tanz-bruecke.de\/ja\/wp-json\/wp\/v2\/pages\/4447","targetHints":{"allow":["GET"]}}],"collection":[{"href":"https:\/\/tanz-bruecke.de\/ja\/wp-json\/wp\/v2\/pages"}],"about":[{"href":"https:\/\/tanz-bruecke.de\/ja\/wp-json\/wp\/v2\/types\/page"}],"author":[{"embeddable":true,"href":"https:\/\/tanz-bruecke.de\/ja\/wp-json\/wp\/v2\/users\/3"}],"replies":[{"embeddable":true,"href":"https:\/\/tanz-bruecke.de\/ja\/wp-json\/wp\/v2\/comments?post=4447"}],"version-history":[{"count":77,"href":"https:\/\/tanz-bruecke.de\/ja\/wp-json\/wp\/v2\/pages\/4447\/revisions"}],"predecessor-version":[{"id":11497,"href":"https:\/\/tanz-bruecke.de\/ja\/wp-json\/wp\/v2\/pages\/4447\/revisions\/11497"}],"up":[{"embeddable":true,"href":"https:\/\/tanz-bruecke.de\/ja\/wp-json\/wp\/v2\/pages\/1317"}],"wp:attachment":[{"href":"https:\/\/tanz-bruecke.de\/ja\/wp-json\/wp\/v2\/media?parent=4447"}],"curies":[{"name":"wp","href":"https:\/\/api.w.org\/{rel}","templated":true}]}}