{"id":4445,"date":"2015-08-10T12:29:21","date_gmt":"2015-08-10T12:29:21","guid":{"rendered":"http:\/\/tanz-bruecke.de\/ja\/?page_id=4445"},"modified":"2021-03-14T18:11:04","modified_gmt":"2021-03-14T18:11:04","slug":"musiktheater","status":"publish","type":"page","link":"https:\/\/tanz-bruecke.de\/ja\/musikalische-erziehung\/musiktheater\/","title":{"rendered":"MUSIKTHEATER"},"content":{"rendered":"<p><span style=\"color: #333399;\">Schuljahr 2020_2021 Raum LEON<\/span><\/p>\n<p><span style=\"color: #333399;\"><i>Einstieg und Schnupperstunde jederzeit m\u00f6glich!\u00a0<\/i><\/span><\/p>\n<p><span style=\"color: #333399;\">Das Unterrichtsangebot \u201e<strong>MUSIKTHEATER<\/strong>\u201c bietet Kindern im Alter von <b>2<\/b>\u00a0bis <b>6<\/b>\u00a0Jahren erste Einblicke in die Welt von <strong>Gesang, Musikalische Fr\u00fcherziehung\u00a0<\/strong>und <strong>Schauspiel<\/strong>.\u00a0In Unterrichtseinheiten \u00e0 30-50 Minuten pro Woche erlernen die kleinen Sch\u00fclerinnen und Sch\u00fcler in der Gruppe spielerisch die ersten gesanglichen, stimmlichen, \u00a0szenischen und schauspielerischen Grundlagen.\u00a0Erg\u00e4nzt wird der Unterricht durch kleine schauspielerische \u00dcbungen, die Sprache, Selbstbewusstsein und B\u00fchnenpr\u00e4senz st\u00e4rken sollen.<\/span><\/p>\n<p>&nbsp;<\/p>\n<p><span style=\"color: #333399;\"><strong>MONTAG<\/strong><\/span><\/p>\n<p><span style=\"color: #333399;\">16:05\u2013 16:45 Uhr\u00a0Gruppe\u00a0L\u00d6WENZAHN\u00a0f\u00fcr Kinder 3-4 J.\u00a0<\/span><\/p>\n<p><span style=\"color: #333399;\">17:00 \u2013 17:50\u00a0Uhr Gruppe\u00a0GL\u00dcHW\u00dcRMCHEN f\u00fcr Kinder 5-6 J.<\/span><\/p>\n<p><span style=\"color: #333399;\">18:00 \u2013 18:50\u00a0Uhr Gruppe\u00a0MONDSCHEIN\u00a0f\u00fcr Kinder 5-6 J.<\/span><\/p>\n<p>&nbsp;<\/p>\n<p><span style=\"color: #333399;\"><strong>DIENSTAG<\/strong><\/span><\/p>\n<p><span style=\"color: #333399;\">15:15 \u2013 15:55\u00a0Uhr\u00a0Gruppe\u00a0G\u00c4NSEBL\u00dcMCHEN\u00a0f\u00fcr Kinder 3-4 J.<\/span><\/p>\n<p><span style=\"color: #333399;\">16:00 \u2013\u00a016:45 Uhr Gruppe SCHWALBEN\u00a0f\u00fcr Kinder 4-5 J.<\/span><\/p>\n<p>&nbsp;<\/p>\n<p><span style=\"color: #333399;\"><strong>FREITAG<\/strong><\/span><\/p>\n<p><span style=\"color: #339966;\"><span style=\"color: #333399;\">17:40 \u2013 18:40 Uhr<\/span>\u00a0<\/span><span style=\"color: #ff0000;\"><strong>NEUE<\/strong><\/span> <span style=\"color: #333399;\">Gruppe\u00a0IOLITH + OPAL\u00a0f\u00fcr Kinder 6-7 J.<\/span><\/p>\n<p>&nbsp;<\/p>\n<p><span style=\"color: #333399;\"><strong>SAMSTAG<\/strong><\/span><\/p>\n<p><span style=\"color: #000000;\"><span style=\"color: #333399;\">09:45 \u2013 10:15 Uhr<\/span> <\/span><span style=\"color: #ff0000;\"><strong>NEUE<\/strong><\/span> <span style=\"color: #333399;\">Gruppe MINI TBHH II f\u00fcr Kinder 2-3 J.<\/span><\/p>\n<p><span style=\"color: #333399;\"><span style=\"color: #ff0000;\">*<\/span> <em>Gruppen \u201emit Stern\u201c sind z. Zt. nicht aufnahmef\u00e4hig!<\/em><\/span><\/p>\n\n\t\t<style type=\"text\/css\">\n\t\t\t#gallery-1 {\n\t\t\t\tmargin: auto;\n\t\t\t}\n\t\t\t#gallery-1 .gallery-item {\n\t\t\t\tfloat: left;\n\t\t\t\tmargin-top: 10px;\n\t\t\t\ttext-align: center;\n\t\t\t\twidth: 33%;\n\t\t\t}\n\t\t\t#gallery-1 img {\n\t\t\t\tborder: 2px solid #cfcfcf;\n\t\t\t}\n\t\t\t#gallery-1 .gallery-caption {\n\t\t\t\tmargin-left: 0;\n\t\t\t}\n\t\t\t\/* see gallery_shortcode() in wp-includes\/media.php *\/\n\t\t<\/style>\n\t\t<div id='gallery-1' class='gallery galleryid-4445 gallery-columns-3 gallery-size-thumbnail'><dl class='gallery-item'>\n\t\t\t<dt class='gallery-icon landscape'>\n\t\t\t\t<a href='https:\/\/tanz-bruecke.de\/ja\/sonntags-matinee-18-02-2018\/dsc_8795\/'><img loading=\"lazy\" decoding=\"async\" width=\"150\" height=\"200\" src=\"https:\/\/tanz-bruecke.de\/ja\/wp-content\/uploads\/2018\/05\/DSC_8795-150x200.jpg\" class=\"attachment-thumbnail size-thumbnail\" alt=\"\" \/><\/a>\n\t\t\t<\/dt><\/dl><dl class='gallery-item'>\n\t\t\t<dt class='gallery-icon landscape'>\n\t\t\t\t<a href='https:\/\/tanz-bruecke.de\/ja\/sonntags-matinee-18-02-2018\/dsc_8768\/'><img loading=\"lazy\" decoding=\"async\" width=\"150\" height=\"200\" src=\"https:\/\/tanz-bruecke.de\/ja\/wp-content\/uploads\/2018\/05\/DSC_8768-150x200.jpg\" class=\"attachment-thumbnail size-thumbnail\" alt=\"\" \/><\/a>\n\t\t\t<\/dt><\/dl><dl class='gallery-item'>\n\t\t\t<dt class='gallery-icon landscape'>\n\t\t\t\t<a href='https:\/\/tanz-bruecke.de\/ja\/musiktheater-vormittag\/img_7506\/'><img loading=\"lazy\" decoding=\"async\" width=\"150\" height=\"200\" src=\"https:\/\/tanz-bruecke.de\/ja\/wp-content\/uploads\/2017\/03\/IMG_7506-150x200.jpg\" class=\"attachment-thumbnail size-thumbnail\" alt=\"\" \/><\/a>\n\t\t\t<\/dt><\/dl><br style=\"clear: both\" \/><dl class='gallery-item'>\n\t\t\t<dt class='gallery-icon landscape'>\n\t\t\t\t<a href='https:\/\/tanz-bruecke.de\/ja\/musiktheater-vormittag\/img_7385\/'><img loading=\"lazy\" decoding=\"async\" width=\"150\" height=\"200\" src=\"https:\/\/tanz-bruecke.de\/ja\/wp-content\/uploads\/2017\/03\/IMG_7385-150x200.jpg\" class=\"attachment-thumbnail size-thumbnail\" alt=\"\" \/><\/a>\n\t\t\t<\/dt><\/dl><dl class='gallery-item'>\n\t\t\t<dt class='gallery-icon landscape'>\n\t\t\t\t<a href='https:\/\/tanz-bruecke.de\/ja\/musiktheater-vormittag\/img_7313\/'><img loading=\"lazy\" decoding=\"async\" width=\"150\" height=\"200\" src=\"https:\/\/tanz-bruecke.de\/ja\/wp-content\/uploads\/2017\/03\/IMG_7313-150x200.jpg\" class=\"attachment-thumbnail size-thumbnail\" alt=\"\" \/><\/a>\n\t\t\t<\/dt><\/dl><dl class='gallery-item'>\n\t\t\t<dt class='gallery-icon landscape'>\n\t\t\t\t<a href='https:\/\/tanz-bruecke.de\/ja\/musiktheater-vormittag\/img_7285\/'><img loading=\"lazy\" decoding=\"async\" width=\"150\" height=\"200\" src=\"https:\/\/tanz-bruecke.de\/ja\/wp-content\/uploads\/2017\/03\/IMG_7285-150x200.jpg\" class=\"attachment-thumbnail size-thumbnail\" alt=\"\" \/><\/a>\n\t\t\t<\/dt><\/dl><br style=\"clear: both\" \/>\n\t\t<\/div>\n\n<p style=\"text-align: right;\">Fotos: Slava Berezovski<\/p>\n","protected":false},"excerpt":{"rendered":"<p>Schuljahr 2020_2021 Raum LEON Einstieg und Schnupperstunde jederzeit m\u00f6glich!\u00a0 Das Unterrichtsangebot \u201eMUSIKTHEATER\u201c bietet Kindern im Alter von 2\u00a0bis 6\u00a0Jahren erste Einblicke in die Welt von Gesang, Musikalische Fr\u00fcherziehung\u00a0und Schauspiel.\u00a0In Unterrichtseinheiten \u00e0 30-50 Minuten pro Woche erlernen die kleinen Sch\u00fclerinnen und Sch\u00fcler in der Gruppe spielerisch die ersten gesanglichen, stimmlichen, \u00a0szenischen und schauspielerischen Grundlagen.\u00a0Erg\u00e4nzt wird der [&hellip;]<\/p>\n","protected":false},"author":3,"featured_media":0,"parent":1317,"menu_order":0,"comment_status":"open","ping_status":"open","template":"","meta":{"footnotes":""},"class_list":["post-4445","page","type-page","status-publish","hentry","entry"],"_links":{"self":[{"href":"https:\/\/tanz-bruecke.de\/ja\/wp-json\/wp\/v2\/pages\/4445","targetHints":{"allow":["GET"]}}],"collection":[{"href":"https:\/\/tanz-bruecke.de\/ja\/wp-json\/wp\/v2\/pages"}],"about":[{"href":"https:\/\/tanz-bruecke.de\/ja\/wp-json\/wp\/v2\/types\/page"}],"author":[{"embeddable":true,"href":"https:\/\/tanz-bruecke.de\/ja\/wp-json\/wp\/v2\/users\/3"}],"replies":[{"embeddable":true,"href":"https:\/\/tanz-bruecke.de\/ja\/wp-json\/wp\/v2\/comments?post=4445"}],"version-history":[{"count":81,"href":"https:\/\/tanz-bruecke.de\/ja\/wp-json\/wp\/v2\/pages\/4445\/revisions"}],"predecessor-version":[{"id":11490,"href":"https:\/\/tanz-bruecke.de\/ja\/wp-json\/wp\/v2\/pages\/4445\/revisions\/11490"}],"up":[{"embeddable":true,"href":"https:\/\/tanz-bruecke.de\/ja\/wp-json\/wp\/v2\/pages\/1317"}],"wp:attachment":[{"href":"https:\/\/tanz-bruecke.de\/ja\/wp-json\/wp\/v2\/media?parent=4445"}],"curies":[{"name":"wp","href":"https:\/\/api.w.org\/{rel}","templated":true}]}}