{"id":4435,"date":"2015-08-04T20:50:51","date_gmt":"2015-08-04T20:50:51","guid":{"rendered":"http:\/\/tanz-bruecke.de\/ja\/?page_id=4435"},"modified":"2019-08-06T16:46:14","modified_gmt":"2019-08-06T16:46:14","slug":"klavierunterricht","status":"publish","type":"page","link":"https:\/\/tanz-bruecke.de\/ja\/musikalische-erziehung\/klavierunterricht\/","title":{"rendered":"KLAVIERUNTERRICHT"},"content":{"rendered":"<p>&nbsp;<\/p>\n\n\t\t<style type=\"text\/css\">\n\t\t\t#gallery-1 {\n\t\t\t\tmargin: auto;\n\t\t\t}\n\t\t\t#gallery-1 .gallery-item {\n\t\t\t\tfloat: left;\n\t\t\t\tmargin-top: 10px;\n\t\t\t\ttext-align: center;\n\t\t\t\twidth: 33%;\n\t\t\t}\n\t\t\t#gallery-1 img {\n\t\t\t\tborder: 2px solid #cfcfcf;\n\t\t\t}\n\t\t\t#gallery-1 .gallery-caption {\n\t\t\t\tmargin-left: 0;\n\t\t\t}\n\t\t\t\/* see gallery_shortcode() in wp-includes\/media.php *\/\n\t\t<\/style>\n\t\t<div id='gallery-1' class='gallery galleryid-4435 gallery-columns-3 gallery-size-thumbnail'><dl class='gallery-item'>\n\t\t\t<dt class='gallery-icon landscape'>\n\t\t\t\t<a href='https:\/\/tanz-bruecke.de\/ja\/musikalische-erziehung\/klavierunterricht\/dsc_8971\/'><img loading=\"lazy\" decoding=\"async\" width=\"150\" height=\"200\" src=\"https:\/\/tanz-bruecke.de\/ja\/wp-content\/uploads\/2018\/04\/DSC_8971-150x200.jpg\" class=\"attachment-thumbnail size-thumbnail\" alt=\"\" \/><\/a>\n\t\t\t<\/dt><\/dl><dl class='gallery-item'>\n\t\t\t<dt class='gallery-icon landscape'>\n\t\t\t\t<a href='https:\/\/tanz-bruecke.de\/ja\/musikalische-erziehung\/klavierunterricht\/dsc_8886\/'><img loading=\"lazy\" decoding=\"async\" width=\"150\" height=\"200\" src=\"https:\/\/tanz-bruecke.de\/ja\/wp-content\/uploads\/2018\/04\/DSC_8886-150x200.jpg\" class=\"attachment-thumbnail size-thumbnail\" alt=\"\" \/><\/a>\n\t\t\t<\/dt><\/dl>\n\t\t\t<br style='clear: both' \/>\n\t\t<\/div>\n\n<p>&nbsp;<\/p>\n<p><strong>Raum PRAG<\/strong><\/p>\n<p><span style=\"color: #993300;\"><strong>INDIVIDUELLER KLAVIERUNTERRICHT<\/strong><\/span>\u00a0bei qualifizierten Klavierlehrer_innen,\u00a0die ihre Ausbildung an international renommierten Musikhochschulen und Konservatorien erhalten haben. Damit sichern wir unseren Sch\u00fclern eine\u00a0<strong>hohe Lernqualit\u00e4t<\/strong>.<\/p>\n<p>Sie k\u00f6nnen bei uns zun\u00e4chst eine <strong>kostenlose und unverbindliche Probestunde<\/strong> nehmen. Das ist f\u00fcr Sie bzw. Ihr Kind die ideale Gelegenheit unsere Klavierlehrer_innen und deren Unterrichtsmethodiken sowie ggf. unsere Unterrichtsr\u00e4ume und Instrumente kennen zu lernen.<\/p>\n<p><em>Information und Anmeldung:\u00a0<\/em><strong>\u00a00163 479 47 66<\/strong><\/p>\n","protected":false},"excerpt":{"rendered":"<p>&nbsp; &nbsp; Raum PRAG INDIVIDUELLER KLAVIERUNTERRICHT\u00a0bei qualifizierten Klavierlehrer_innen,\u00a0die ihre Ausbildung an international renommierten Musikhochschulen und Konservatorien erhalten haben. Damit sichern wir unseren Sch\u00fclern eine\u00a0hohe Lernqualit\u00e4t. Sie k\u00f6nnen bei uns zun\u00e4chst eine kostenlose und unverbindliche Probestunde nehmen. Das ist f\u00fcr Sie bzw. Ihr Kind die ideale Gelegenheit unsere Klavierlehrer_innen und deren Unterrichtsmethodiken sowie ggf. unsere Unterrichtsr\u00e4ume [&hellip;]<\/p>\n","protected":false},"author":2,"featured_media":0,"parent":1317,"menu_order":0,"comment_status":"open","ping_status":"open","template":"","meta":{"footnotes":""},"class_list":["post-4435","page","type-page","status-publish","hentry","entry"],"_links":{"self":[{"href":"https:\/\/tanz-bruecke.de\/ja\/wp-json\/wp\/v2\/pages\/4435","targetHints":{"allow":["GET"]}}],"collection":[{"href":"https:\/\/tanz-bruecke.de\/ja\/wp-json\/wp\/v2\/pages"}],"about":[{"href":"https:\/\/tanz-bruecke.de\/ja\/wp-json\/wp\/v2\/types\/page"}],"author":[{"embeddable":true,"href":"https:\/\/tanz-bruecke.de\/ja\/wp-json\/wp\/v2\/users\/2"}],"replies":[{"embeddable":true,"href":"https:\/\/tanz-bruecke.de\/ja\/wp-json\/wp\/v2\/comments?post=4435"}],"version-history":[{"count":33,"href":"https:\/\/tanz-bruecke.de\/ja\/wp-json\/wp\/v2\/pages\/4435\/revisions"}],"predecessor-version":[{"id":4570,"href":"https:\/\/tanz-bruecke.de\/ja\/wp-json\/wp\/v2\/pages\/4435\/revisions\/4570"}],"up":[{"embeddable":true,"href":"https:\/\/tanz-bruecke.de\/ja\/wp-json\/wp\/v2\/pages\/1317"}],"wp:attachment":[{"href":"https:\/\/tanz-bruecke.de\/ja\/wp-json\/wp\/v2\/media?parent=4435"}],"curies":[{"name":"wp","href":"https:\/\/api.w.org\/{rel}","templated":true}]}}