{"id":2965,"date":"2014-06-03T14:06:39","date_gmt":"2014-06-03T14:06:39","guid":{"rendered":"http:\/\/tanz-bruecke.de\/ja\/?page_id=2965"},"modified":"2025-03-23T21:04:08","modified_gmt":"2025-03-23T21:04:08","slug":"bankverbindung","status":"publish","type":"page","link":"https:\/\/tanz-bruecke.de\/ja\/bankverbindung\/","title":{"rendered":"Mitgliedschaft\/ Bankverbindung"},"content":{"rendered":"<p>Der Beitrag\u00a0 wurde von der Mitgliederversammlung beschlossen und vom Vorstand genehmigt. Der Monatsbeitrag setzt sich zusammen aus <strong>Grund<\/strong>&#8211; und\u00a0<strong>Sparten<\/strong><strong>beitr\u00e4ge.<\/strong><\/p>\n<p>F\u00fcr weitere Vereinsangebote werden nur Spartenbeitr\u00e4ge erhoben.<\/p>\n<p><strong><span style=\"text-decoration: underline;\">Grundbeitrag<\/span><\/strong>: 30\u20ac (Geschwister 20\u20ac pro Kind, drittes Kind 5\u20ac)<\/p>\n<p><strong><span style=\"text-decoration: underline;\">Spartenbeitr\u00e4ge<\/span><\/strong>:<\/p>\n<p><strong>Gesundheitssport<\/strong> Lungensport, Orthop\u00e4dische Gymnastik, mit \u00e4rzlicher Verordnung Kosten FREI<\/p>\n<p><strong>Sprachf\u00f6rderung\u00a0<\/strong>(DEUTSCH, ENGLISCH, RUSSISCH<em>) <\/em>20\u20ac\/ 27\u20ac (45 Min.\/60 Min.)<\/p>\n<p><strong>Literatur<\/strong> 20\u20ac<\/p>\n<p><strong>Kunst<\/strong> 22\u20ac,\u00a0inkl. Materialkosten<\/p>\n<p><strong>Kunst\u00a0II<\/strong> 27\u20ac (90 Min.), inkl. Materialkosten<\/p>\n<p><strong>Mathematik,\u00a0<\/strong><strong>Logisches Denken<\/strong> 20\u20ac \/27\u20ac<\/p>\n<p><strong>Chor<\/strong>,\u00a0<strong>Musiktheater<\/strong> 20\u20ac<\/p>\n<p><strong>Chor II<\/strong>\u00a0(kleine Gruppe) 22\u20ac<\/p>\n<p><strong>Akrobatik<\/strong> 20\u20ac<\/p>\n<p><strong>Ballett<\/strong> 30\u20ac<\/p>\n<p><strong>Tanzen<\/strong> Kinder, Jugendliche 33\u20ac (bis zu 2 Std. in der Woche) \/ 42\u20ac (3 Std. w\u00f6chentlich)<\/p>\n<p><strong>Karate<\/strong> 20\u20ac<\/p>\n<p><strong>Individueller Unterricht<\/strong> 79\u20ac<\/p>\n<p><strong><em>Ab der weiterf\u00fchrenden f\u00fcnften Sparte betr\u00e4gt der Beitrag pro Sparte 12\u20ac, Ausnahme individueller Unterricht.<\/em><\/strong><\/p>\n<p><strong>Sparpaket 55\u20ac<\/strong> (3 Sparten) f\u00fcr Kinder 2 J., Unterricht 1x in der Woche<\/p>\n<p>Die Beitr\u00e4ge sind Monatsbeitr\u00e4ge. Sie sind monatlich per Lastschrift zu bezahlen. Die im Zusammenhang mit dem Beitragseinzug ggf. zus\u00e4tzlich entstehenden Kosten, z. B. aufgrund mangelnder Deckung des Kontos, R\u00fcckbuchungsgeb\u00fchren der Bank usw. m\u00fcssen vom Mitglied getragen werden.<\/p>\n<p>Die <strong>Aufnahmegeb\u00fchr<\/strong> 28\u20ac, <strong>Jahresbeitrag<\/strong> 24\u20ac (Familie 36\u20ac). <strong>K\u00fcndigungsfrist<\/strong> betr\u00e4gt <strong>6 Wochen<\/strong> zum jeweiligen Quartalsende.<\/p>\n<p><span style=\"color: #339966;\"><strong>F\u00d6RDERUNG: BILDUNGSPAKET WIRD ANGERECHNET.<\/strong><\/span><\/p>\n<p><strong>Die Teilnehmer mit einer \u00e4rztlichen Verordnung sind nicht an die K\u00fcndigungsfrist gebunden und zahlen keinen Aufnahme- und Jahresbeitrag.<\/strong><\/p>\n<p><strong>Bankverbindung:<\/strong><\/p>\n<p>Tanzbr\u00fccke Hamburg e. V.<\/p>\n<p>Hamburger Volksbank<\/p>\n<p><strong>IBAN: DE29201900030083373209<\/strong><\/p>\n<p><strong>BIC: GENODEF1HH2<\/strong><\/p>\n","protected":false},"excerpt":{"rendered":"<p>Der Beitrag\u00a0 wurde von der Mitgliederversammlung beschlossen und vom Vorstand genehmigt. Der Monatsbeitrag setzt sich zusammen aus Grund&#8211; und\u00a0Spartenbeitr\u00e4ge. F\u00fcr weitere Vereinsangebote werden nur Spartenbeitr\u00e4ge erhoben. Grundbeitrag: 30\u20ac (Geschwister 20\u20ac pro Kind, drittes Kind 5\u20ac) Spartenbeitr\u00e4ge: Gesundheitssport Lungensport, Orthop\u00e4dische Gymnastik, mit \u00e4rzlicher Verordnung Kosten FREI Sprachf\u00f6rderung\u00a0(DEUTSCH, ENGLISCH, RUSSISCH) 20\u20ac\/ 27\u20ac (45 Min.\/60 Min.) Literatur 20\u20ac [&hellip;]<\/p>\n","protected":false},"author":2,"featured_media":0,"parent":0,"menu_order":0,"comment_status":"open","ping_status":"open","template":"","meta":{"footnotes":""},"class_list":["post-2965","page","type-page","status-publish","hentry","entry"],"_links":{"self":[{"href":"https:\/\/tanz-bruecke.de\/ja\/wp-json\/wp\/v2\/pages\/2965","targetHints":{"allow":["GET"]}}],"collection":[{"href":"https:\/\/tanz-bruecke.de\/ja\/wp-json\/wp\/v2\/pages"}],"about":[{"href":"https:\/\/tanz-bruecke.de\/ja\/wp-json\/wp\/v2\/types\/page"}],"author":[{"embeddable":true,"href":"https:\/\/tanz-bruecke.de\/ja\/wp-json\/wp\/v2\/users\/2"}],"replies":[{"embeddable":true,"href":"https:\/\/tanz-bruecke.de\/ja\/wp-json\/wp\/v2\/comments?post=2965"}],"version-history":[{"count":61,"href":"https:\/\/tanz-bruecke.de\/ja\/wp-json\/wp\/v2\/pages\/2965\/revisions"}],"predecessor-version":[{"id":13269,"href":"https:\/\/tanz-bruecke.de\/ja\/wp-json\/wp\/v2\/pages\/2965\/revisions\/13269"}],"wp:attachment":[{"href":"https:\/\/tanz-bruecke.de\/ja\/wp-json\/wp\/v2\/media?parent=2965"}],"curies":[{"name":"wp","href":"https:\/\/api.w.org\/{rel}","templated":true}]}}