{"id":1400,"date":"2012-11-29T14:32:37","date_gmt":"2012-11-29T14:32:37","guid":{"rendered":"http:\/\/tanz-bruecke.de\/ja\/?page_id=1400"},"modified":"2024-02-16T00:16:44","modified_gmt":"2024-02-16T00:16:44","slug":"ueber-uns","status":"publish","type":"page","link":"https:\/\/tanz-bruecke.de\/ja\/ueber-uns\/","title":{"rendered":"\u00dcber uns"},"content":{"rendered":"<blockquote>\n<h3><span style=\"color: #800080;\">Unser Motto<\/span><\/h3>\n<p>Br\u00fccken schlagen zwischen den verschiedenen Kulturen und Altersgruppen, Verst\u00e4ndnis und Verst\u00e4ndigung zwischen ihnen schaffen. Wir sehen unsere Aktivit\u00e4ten viel mehr als eine Freizeitbesch\u00e4ftigung: In Seniorenheimen, Schulen und bei verschiedenen Wohlt\u00e4tigkeitsveranstaltungen ist unser Verein sehr engagiert. In unserer Zusammenarbeit spiegeln sich\u00a0aktuelle Themen der heutigen Zeit wieder. Ausdrucksvolle K\u00f6rpersprache, Kreativit\u00e4t und nicht zuletzt auch Humor spielen dabei eine wichtige Rolle.<\/p><\/blockquote>\n<p>Der Verein Tanzbr\u00fccke Hamburg e.V. sieht sich nicht als reinen Talentf\u00f6rderungsverein, in dem nur die Besten eine Chance haben, sondern als ein Verein, welcher sein\u00a0au\u00dferschulisches Kunst-, Sport-, Musik-, Sprachf\u00f6rderungs-, Mathematik-, Tanz- und Theaterangebot allen Kindern und Jugendlichen unterschiedlicher Begabungen, unabh\u00e4ngig von ihrem Alter, Geschlecht, religi\u00f6sen Bekenntnis oder ihrer Nationalit\u00e4t, zur Verf\u00fcgung stellt. Der integrativen Zielsetzung des Vereins entsprechend, ist jeder willkommen und wird je nach seinen Begabungen gefordert und gef\u00f6rdert.<\/p>\n<p><a href=\"https:\/\/tanz-bruecke.de\/ja\/ueber-uns\/natalia_dergatcheva\/\" rel=\"attachment wp-att-1401\"><img loading=\"lazy\" decoding=\"async\" class=\"size-medium wp-image-1401\" title=\"Natalia Dergatcheva\" src=\"https:\/\/tanz-bruecke.de\/ja\/wp-content\/uploads\/2012\/11\/natalia_dergatcheva-300x293.jpg\" alt=\"Natalia Dergatcheva\" width=\"300\" height=\"293\" srcset=\"https:\/\/tanz-bruecke.de\/ja\/wp-content\/uploads\/2012\/11\/natalia_dergatcheva-300x293.jpg 300w, https:\/\/tanz-bruecke.de\/ja\/wp-content\/uploads\/2012\/11\/natalia_dergatcheva.jpg 900w\" sizes=\"auto, (max-width: 300px) 100vw, 300px\" \/><\/a><\/p>\n<p>Unser Verein wurde im Jahre 1997 von Natalia Dergatcheva, MA Education, Tanzp\u00e4dagogin und Diplom Sportwissenschaftlerin gegr\u00fcndet. Ihre Professionalit\u00e4t, Kreativit\u00e4t und gro\u00dfes soziales Engagement tragen dazu bei, dass in kurzer Zeit aus einem kleinen Verein eine richtige Gemeinschaft wurde, die sich in ganz Hamburg einen guten Ruf erwarb.<\/p>\n<h2><\/h2>\n","protected":false},"excerpt":{"rendered":"<p>Unser Motto Br\u00fccken schlagen zwischen den verschiedenen Kulturen und Altersgruppen, Verst\u00e4ndnis und Verst\u00e4ndigung zwischen ihnen schaffen. Wir sehen unsere Aktivit\u00e4ten viel mehr als eine Freizeitbesch\u00e4ftigung: In Seniorenheimen, Schulen und bei verschiedenen Wohlt\u00e4tigkeitsveranstaltungen ist unser Verein sehr engagiert. In unserer Zusammenarbeit spiegeln sich\u00a0aktuelle Themen der heutigen Zeit wieder. Ausdrucksvolle K\u00f6rpersprache, Kreativit\u00e4t und nicht zuletzt auch Humor [&hellip;]<\/p>\n","protected":false},"author":3,"featured_media":0,"parent":0,"menu_order":5,"comment_status":"open","ping_status":"open","template":"","meta":{"footnotes":""},"class_list":["post-1400","page","type-page","status-publish","hentry","entry"],"_links":{"self":[{"href":"https:\/\/tanz-bruecke.de\/ja\/wp-json\/wp\/v2\/pages\/1400","targetHints":{"allow":["GET"]}}],"collection":[{"href":"https:\/\/tanz-bruecke.de\/ja\/wp-json\/wp\/v2\/pages"}],"about":[{"href":"https:\/\/tanz-bruecke.de\/ja\/wp-json\/wp\/v2\/types\/page"}],"author":[{"embeddable":true,"href":"https:\/\/tanz-bruecke.de\/ja\/wp-json\/wp\/v2\/users\/3"}],"replies":[{"embeddable":true,"href":"https:\/\/tanz-bruecke.de\/ja\/wp-json\/wp\/v2\/comments?post=1400"}],"version-history":[{"count":25,"href":"https:\/\/tanz-bruecke.de\/ja\/wp-json\/wp\/v2\/pages\/1400\/revisions"}],"predecessor-version":[{"id":12565,"href":"https:\/\/tanz-bruecke.de\/ja\/wp-json\/wp\/v2\/pages\/1400\/revisions\/12565"}],"wp:attachment":[{"href":"https:\/\/tanz-bruecke.de\/ja\/wp-json\/wp\/v2\/media?parent=1400"}],"curies":[{"name":"wp","href":"https:\/\/api.w.org\/{rel}","templated":true}]}}