{"id":1367,"date":"2012-11-12T11:25:04","date_gmt":"2012-11-12T11:25:04","guid":{"rendered":"http:\/\/tanz-bruecke.de\/ja\/?page_id=1367"},"modified":"2024-02-06T23:02:55","modified_gmt":"2024-02-06T23:02:55","slug":"projekte","status":"publish","type":"page","link":"https:\/\/tanz-bruecke.de\/ja\/ueber-uns\/projekte\/","title":{"rendered":"PROJEKTE"},"content":{"rendered":"<h4>Seit unserem Bestehen nehmen wir am kulturellen Leben Hamburgs aktiv teil:<\/h4>\n<ul>\n<li><em>Kultursportliche Woch<\/em>e 2014 &#8211; 2023<\/li>\n<li>Sprachaustauschprojekt <em>&#8222;Br\u00fccken schlagen durch Wort und Spiel&#8220;\u00a0<\/em>St. Petersburg<i>\u00a0<\/i>2014, Antalya 2015<\/li>\n<li><em>Dance World Cup<\/em> 2010, 2011, 2014, 2017, 2019<\/li>\n<li><em>Hamburger M\u00e4rchentage<\/em>\u00a02010 &#8211; 2023<\/li>\n<li><em>Hamburger Familientag<\/em> 2013<\/li>\n<li><em>Das letzte L\u00e4uten der Schulklingel <\/em>im Ernst Deutsch Theater 2007-2013, 2015, 2016 &#8211; 2023<\/li>\n<li><em>eigenarten festival<\/em>\u00a02002 &#8211; 2004, 2006 &#8211; 2009, 2012<\/li>\n<li>Planten un Blomen:<br \/>\n&#8211; <em>Laut und Luise<\/em>\u00a01997 &#8211; 2023<br \/>\n&#8211; Park Spezial <em>Russischer Familiennachmittag<\/em>, 2002 &#8211; 2021<\/li>\n<li>&#8211; Park Spezial <em>Internationaler Nachmittag<\/em>, 2022, 2023<\/li>\n<li><em>Altonale<\/em>\u00a02002-2010, 2012<\/li>\n<li><em>Nacht der Jugend<\/em> im Hamburger Rathaus 2007, 2009, 2011, 2013<\/li>\n<li>Internationales Frauenfestival 2011, 2014<\/li>\n<li>Europafest 2001 &#8211; 2004<\/li>\n<li><em>Meile f\u00fcr Toleranz<\/em>\u00a02002 &#8211; 2003<\/li>\n<li><em>Freundschaft macht Schule<\/em>\u00a02002 &#8211; 2003<\/li>\n<\/ul>\n<h4><\/h4>\n<h4>UNSERE B\u00dcHNENPROJEKTE:<\/h4>\n<p>&nbsp;<\/p>\n<h4 style=\"text-align: center;\"><span style=\"color: #000000;\">PETRUSCHKA, Premiere Januar 2015 im Ernst Deutsch Theater<\/span><\/h4>\n<p><a href=\"https:\/\/tanz-bruecke.de\/ja\/wp-content\/uploads\/2015\/01\/7.jpg\"><img loading=\"lazy\" decoding=\"async\" class=\"aligncenter size-medium wp-image-3650\" src=\"https:\/\/tanz-bruecke.de\/ja\/wp-content\/uploads\/2015\/01\/7-300x200.jpg\" alt=\"7\" width=\"300\" height=\"200\" srcset=\"https:\/\/tanz-bruecke.de\/ja\/wp-content\/uploads\/2015\/01\/7-300x200.jpg 300w, https:\/\/tanz-bruecke.de\/ja\/wp-content\/uploads\/2015\/01\/7.jpg 2048w\" sizes=\"auto, (max-width: 300px) 100vw, 300px\" \/><\/a><\/p>\n<p>Ein faszinierendes St\u00fcck Russland in Hamburg \u2013 exzellent aufgef\u00fchrt von der \u203aTanzbr\u00fccke Hamburg\u2039 von und mit 70 Kindern und Jugendlichen zur Musik von Igor Strawinsky.<\/p>\n<p class=\"bodytext\">Ein bunter Jahrmarkt in Russland um 1830. Hier tummeln sich Adlige und Bauern, Schausteller und Schnapstrinker, Gaukler und Akrobaten in buntem, exotischem Trubel. Das ber\u00fchmte Ballett aus dem Repertoire des legend\u00e4ren Ballets Russes kommt auf die gro\u00dfe B\u00fchne des Ernst Deutsch Theaters. Igor Strawinskys unverwechselbare Musik erweckt Petruschka, die ungl\u00fcckliche Holzpuppe eines Gauklers, auf eben diesem Jahrmarkt zum Leben.<\/p>\n<p>Mit einer Besonderheit: All das bunte Treiben wird nicht von Erwachsenen aufgef\u00fchrt, sondern von den rund 70 Kindern und Jugendlichen der <em>internationalen Hamburger Tanzbr\u00fccke<\/em>, die in den letzten Jahren bereits mehrfach f\u00fcr Furore auf der B\u00fchne des Ernst Deutsch Theaters gesorgt haben.<\/p>\n<p>Petruschka, die Holzpuppe, wird durch das Fl\u00f6tenspiel ihres Besitzers, eines Schaustellers, zum Leben erweckt. Gemeinsam mit zwei weiteren Holzpuppen, der eitlen Ballerina und dem groben Moor, mischt Petruschka sich unter die Menschen und entwickelt menschliche Gef\u00fchle: Liebe, Wut, Trauer.<\/p>\n<p>&nbsp;<\/p>\n<h4 style=\"text-align: center;\"><span style=\"color: #000000;\"><strong>MEIN KLEINER GR\u00dcNER KAKTUS,<\/strong>\u00a0Premiere 2012<\/span><\/h4>\n<p><a href=\"https:\/\/tanz-bruecke.de\/ja\/wp-content\/uploads\/2012\/11\/45.jpg\"><img loading=\"lazy\" decoding=\"async\" class=\"aligncenter size-medium wp-image-1389\" src=\"https:\/\/tanz-bruecke.de\/ja\/wp-content\/uploads\/2012\/11\/45-300x199.jpg\" alt=\"45\" width=\"300\" height=\"199\" srcset=\"https:\/\/tanz-bruecke.de\/ja\/wp-content\/uploads\/2012\/11\/45-300x199.jpg 300w, https:\/\/tanz-bruecke.de\/ja\/wp-content\/uploads\/2012\/11\/45.jpg 2000w\" sizes=\"auto, (max-width: 300px) 100vw, 300px\" \/><\/a><\/p>\n<p>Mit Ohrw\u00fcrmern wie \u201eMein kleiner gr\u00fcner Kaktus\u201c oder \u201eVeronika, der Lenz ist da\u201c wurden die \u201eComedian Harmonists\u201c in den 20er und 30er Jahren ber\u00fchmt. Diesen leicht angestaubten Liedern wird durch die Bearbeitung und deren t\u00e4nzerisch-schauspielerische Darstellung neues Leben eingehaucht.<\/p>\n<p>Ca. 50 Mitwirkende, deren Wurzeln aus zw\u00f6lf verschiedenen L\u00e4ndern stammen, werden an diese f\u00fcr sie noch unbekannte Materie herangef\u00fchrt um damit dem Publikum ein Teil der deutschen Musikgeschichte n\u00e4her zu bringen.<\/p>\n<h3><\/h3>\n<h4 style=\"text-align: center;\"><span style=\"color: #000000;\"><strong>VOM RAG ZUM RAP,<\/strong>\u00a0Premiere 2011<\/span><\/h4>\n<p><a href=\"https:\/\/tanz-bruecke.de\/ja\/wp-content\/uploads\/2013\/05\/289600_462684883752573_445443240_o11.jpg\"><img loading=\"lazy\" decoding=\"async\" class=\"aligncenter size-medium wp-image-2284\" src=\"https:\/\/tanz-bruecke.de\/ja\/wp-content\/uploads\/2013\/05\/289600_462684883752573_445443240_o11-300x179.jpg\" alt=\"Vom Rag zum Rap: Gospel John\" width=\"300\" height=\"179\" srcset=\"https:\/\/tanz-bruecke.de\/ja\/wp-content\/uploads\/2013\/05\/289600_462684883752573_445443240_o11-300x179.jpg 300w, https:\/\/tanz-bruecke.de\/ja\/wp-content\/uploads\/2013\/05\/289600_462684883752573_445443240_o11.jpg 2000w\" sizes=\"auto, (max-width: 300px) 100vw, 300px\" \/><\/a><\/p>\n<p><em>100 Jahre Musik in Ton und Tanz!\u00a0Eine mitrei\u00dfende, schwei\u00df- und spa\u00dftreibende Revue der TANZBR\u00dcCKE HAMBURG und der DOWNTOWN BIGBAND &#8211; \u00fcber 70 Mitwirkende spielen und tanzen die Geschichte des Jazz.<\/em><\/p>\n<p>100 Jahre und kein bisschen leise, weise oder greise: Das kann nur der JAZZ! Seine Geschichte startete in den Hinterh\u00f6fen, f\u00fchrte in so schillernde Musentempel wie die Carnegie Hall und verlor dennoch nie den Puls der Stra\u00dfe. Am Anfang war der Ragtime \u2013 wir pfeifen im Kopf Scott Joplins \u201eThe Entertainer\u201c \u2013 und der trieb in seiner unaufhaltsamen Entwicklung \u00fcber die Jahre und Jahrzehnte sanfte und wilde Bl\u00fcten wie Dixieland, Swing, Bebop, Soul, Modern und viele mehr. Bis hin zum heutigen Rap f\u00fchren uns seine blauen Noten \u2013 wieder hinein in die Hinterh\u00f6fe der Gro\u00dfst\u00e4dte, nun ein Jahrhundert sp\u00e4ter.<\/p>\n<h3><\/h3>\n<h4 style=\"text-align: center;\"><span style=\"color: #000000;\"><strong>DAS FUNDB\u00dcRO,<\/strong>\u00a0Premiere 2009<\/span><\/h4>\n<p><a href=\"https:\/\/tanz-bruecke.de\/ja\/wp-content\/uploads\/2012\/11\/palladio-r\u00fccken-Kopie.jpg\"><img loading=\"lazy\" decoding=\"async\" class=\"aligncenter size-medium wp-image-3298\" src=\"https:\/\/tanz-bruecke.de\/ja\/wp-content\/uploads\/2012\/11\/palladio-r\u00fccken-Kopie-300x200.jpg\" alt=\"palladio r\u00fccken - Kopie\" width=\"300\" height=\"200\" srcset=\"https:\/\/tanz-bruecke.de\/ja\/wp-content\/uploads\/2012\/11\/palladio-r\u00fccken-Kopie-300x200.jpg 300w, https:\/\/tanz-bruecke.de\/ja\/wp-content\/uploads\/2012\/11\/palladio-r\u00fccken-Kopie.jpg 1024w\" sizes=\"auto, (max-width: 300px) 100vw, 300px\" \/><\/a><\/p>\n<p>Ein rasanter Wandel findet in unserer Gesellschaft statt. Alles soll schneller, besser und effizienter werden. Die materiellen Werte werden oft in den Mittelpunkt gestellt. Falls einige der allt\u00e4glichen Dinge abhanden kommen, kann ein Ersatz schnell gefunden werden. Die nicht unmittelbar sp\u00fcrbaren Werte, die daf\u00fcr aufgegeben wurden, gehen f\u00fcr immer verloren und k\u00f6nnen danach in keinem Fundb\u00fcro abgeholt werden.<\/p>\n<h3><\/h3>\n<h4 style=\"text-align: center;\"><span style=\"color: #000000;\"><strong>DIE ZW\u00d6LF MONATE,<\/strong>\u00a0Premiere 2007<\/span><\/h4>\n<p><a href=\"https:\/\/tanz-bruecke.de\/ja\/wp-content\/uploads\/2012\/11\/flyer_05.jpg\"><img loading=\"lazy\" decoding=\"async\" class=\"aligncenter size-medium wp-image-1709\" src=\"https:\/\/tanz-bruecke.de\/ja\/wp-content\/uploads\/2012\/11\/flyer_05-300x200.jpg\" alt=\"flyer_05\" width=\"300\" height=\"200\" srcset=\"https:\/\/tanz-bruecke.de\/ja\/wp-content\/uploads\/2012\/11\/flyer_05-300x200.jpg 300w, https:\/\/tanz-bruecke.de\/ja\/wp-content\/uploads\/2012\/11\/flyer_05.jpg 1024w\" sizes=\"auto, (max-width: 300px) 100vw, 300px\" \/><\/a><\/p>\n<p>Diesem sehr beliebten, mehrmals aufgef\u00fchrten und verfilmten St\u00fcck liegt ein f\u00fcr ein M\u00e4rchen traditionelles Sujet zugrunde, das sich um das Schicksal eines armen M\u00e4dchens rankt. Von der b\u00f6sen und geizigen Stiefmutter in K\u00e4lte und Frost geschickt, soll sie Ende Dezember nach Schneegl\u00f6ckchen im Wald suchen. Sie darf nicht ohne Blumen nach Hause kommen, weil die verzogene und eigenwillige 14-jahrige K\u00f6nigin, verlangt dass zu Neujahr die Schneegl\u00f6ckchen bl\u00fchen, und daf\u00fcr eine hohe Belohnung verspricht. Im Wald trifft das M\u00e4dchen die zw\u00f6lf Monate, mit denen sie sich anfreundet. Mit ihrer Unterst\u00fctzung erlangt die Stieftochter ihr Gl\u00fcck, die K\u00f6nigin sowie die Stiefmutter erleben eine Niederlage. Alle k\u00f6nigliche Macht und aller k\u00f6niglicher Reichtum sind machtlos vor der seelischen Reinheit der jungen Heldin, vor ihrer Freundschaft mit den zw\u00f6lf Monaten.<\/p>\n<h4 style=\"text-align: center;\"><\/h4>\n<h4 style=\"text-align: center;\"><\/h4>\n<h4 style=\"text-align: center;\"><span style=\"color: #000000;\"><strong>DIESE GRO\u00dfE<\/strong> <strong>KLEINE WELT,\u00a0<\/strong>Premiere 2006<\/span><\/h4>\n<p><a href=\"https:\/\/tanz-bruecke.de\/ja\/wp-content\/uploads\/2012\/08\/10.jpeg\"><img loading=\"lazy\" decoding=\"async\" class=\"aligncenter size-medium wp-image-1005\" src=\"https:\/\/tanz-bruecke.de\/ja\/wp-content\/uploads\/2012\/08\/10-300x200.jpeg\" alt=\"10\" width=\"300\" height=\"200\" srcset=\"https:\/\/tanz-bruecke.de\/ja\/wp-content\/uploads\/2012\/08\/10-300x200.jpeg 300w, https:\/\/tanz-bruecke.de\/ja\/wp-content\/uploads\/2012\/08\/10.jpeg 640w\" sizes=\"auto, (max-width: 300px) 100vw, 300px\" \/><\/a><\/p>\n<p>Ist unsere Welt gro\u00df oder klein? Ist der Mensch als Teil dieser Welt klein und unbedeutend? Oder ist jeder Einzelne gro\u00df und kann an dieser Welt etwas \u00e4ndern? Zwei Au\u00dferirdische fliegen Richtung Erde, um die Bekanntschaft mit unserer Welt zu machen. Einer Welt, die einerseits gro\u00df und ewig erscheint, andererseits klein und zerbrechlich ist. Sie haben eine sehr wichtige Aufgabe zu erf\u00fcllen: die Welt vor dem m\u00e4chtigen B\u00f6sewicht, der Einfluss nicht nur auf\u00a0 die Naturereignisse sondern auch auf die Menschen nimmt, zu sch\u00fctzen. Nach der Landung beginnt die Odyssee, voll mit \u00dcberraschungen und abenteuerlichen Hindernissen. Aber mit Hilfe der Menschen werden sie die Reise gl\u00fccklich \u00fcberstehen.<\/p>\n<p>&nbsp;<\/p>\n<h4 style=\"text-align: center;\"><span style=\"color: #000000;\"><strong>STADT DER ZAREN,\u00a0<\/strong>Premiere 2004<\/span><\/h4>\n<p><a href=\"https:\/\/tanz-bruecke.de\/ja\/wp-content\/uploads\/2014\/01\/IMG_0491-Kopie.jpg\"><img loading=\"lazy\" decoding=\"async\" class=\"aligncenter size-medium wp-image-2758\" src=\"https:\/\/tanz-bruecke.de\/ja\/wp-content\/uploads\/2014\/01\/IMG_0491-Kopie-300x200.jpg\" alt=\"IMG_0491 - Kopie\" width=\"300\" height=\"200\" srcset=\"https:\/\/tanz-bruecke.de\/ja\/wp-content\/uploads\/2014\/01\/IMG_0491-Kopie-300x200.jpg 300w, https:\/\/tanz-bruecke.de\/ja\/wp-content\/uploads\/2014\/01\/IMG_0491-Kopie.jpg 1024w\" sizes=\"auto, (max-width: 300px) 100vw, 300px\" \/><\/a><\/p>\n<p style=\"color: #444444;\"><span style=\"color: #000000;\">Eine aufregende Reise mit Tanz und Theater durch die wechselvolle Geschichte der russischen Metropole St. Petersburg. Mehr als 50 T\u00e4nzerinnen und T\u00e4nzer pr\u00e4sentieren die Faszination der Hamburger Partnerstadt. Sie werden zu einem Ball der Zaren entf\u00fchrt, erleben Sie die ber\u00fchmten \u201eWei\u00dfen N\u00e4chte\u201c an der Neva, sp\u00fcren den Geist der Oktoberrevolution oder gehen zusammen mit den Verliebten \u00fcber die zahllosen Br\u00fccken dieser traumhaften Stadt.<\/span><\/p>\n<h4 style=\"text-align: center;\"><span style=\"color: #000000;\"><strong>DIE JAHRESZEITEN, Premiere\u00a0<\/strong>2003<\/span><\/h4>\n<p><a href=\"https:\/\/tanz-bruecke.de\/ja\/wp-content\/uploads\/2012\/11\/IMG_6937.jpg\"><img loading=\"lazy\" decoding=\"async\" class=\"aligncenter size-medium wp-image-3310\" src=\"https:\/\/tanz-bruecke.de\/ja\/wp-content\/uploads\/2012\/11\/IMG_6937-300x200.jpg\" alt=\"IMG_6937\" width=\"300\" height=\"200\" srcset=\"https:\/\/tanz-bruecke.de\/ja\/wp-content\/uploads\/2012\/11\/IMG_6937-300x200.jpg 300w, https:\/\/tanz-bruecke.de\/ja\/wp-content\/uploads\/2012\/11\/IMG_6937.jpg 1024w\" sizes=\"auto, (max-width: 300px) 100vw, 300px\" \/><\/a><\/p>\n<p>Bunt, einf\u00fchlsam, manchmal auch keck, aber immer t\u00e4nzerisch verziert, haben die T\u00e4nzer des Ensembles jeden Monat der Jahreszeiten interpretiert. Die ausdrucksvollen T\u00e4nze wurden mit Gedichten der Klassiker untermalt.<\/p>\n<p>&nbsp;<\/p>\n<h4 style=\"text-align: center;\"><span style=\"color: #000000;\"><strong>DIE WELTKUGEL, Premiere\u00a0<\/strong>2002<\/span><\/h4>\n<p><a href=\"https:\/\/tanz-bruecke.de\/ja\/wp-content\/uploads\/2012\/06\/7.jpeg\"><img loading=\"lazy\" decoding=\"async\" class=\"aligncenter size-medium wp-image-1035\" src=\"https:\/\/tanz-bruecke.de\/ja\/wp-content\/uploads\/2012\/06\/7-300x200.jpeg\" alt=\"7\" width=\"300\" height=\"200\" srcset=\"https:\/\/tanz-bruecke.de\/ja\/wp-content\/uploads\/2012\/06\/7-300x200.jpeg 300w, https:\/\/tanz-bruecke.de\/ja\/wp-content\/uploads\/2012\/06\/7.jpeg 640w\" sizes=\"auto, (max-width: 300px) 100vw, 300px\" \/><\/a><\/p>\n<p>Die Reise um die Welt, in der das kulturelle Erbe der verschiedenen V\u00f6lker unserer Erde dargestellt wird.<\/p>\n<p><strong>Mit Musik, Tanz, Gesang und Schauspiel wollen die mehr als 70 Kinder, Jugendlichen und jungen Erwachsenen des Ensembles die Zuschauer aufr\u00fctteln und zum Nachdenken anregen. Nachdenkliche, humor- und anspruchsvolle Darstellungen f\u00fcr Jung und Alt.<\/strong><\/p>\n<p>Die Premieren dieser Tanztheaterst\u00fccke wurden auf den Hamburger B\u00fchnen mit freundlicher Unterst\u00fctzung der Kulturbeh\u00f6rde der Freien und Hansestadt Hamburg pr\u00e4sentiert.<\/p>\n","protected":false},"excerpt":{"rendered":"<p>Seit unserem Bestehen nehmen wir am kulturellen Leben Hamburgs aktiv teil: Kultursportliche Woche 2014 &#8211; 2023 Sprachaustauschprojekt &#8222;Br\u00fccken schlagen durch Wort und Spiel&#8220;\u00a0St. Petersburg\u00a02014, Antalya 2015 Dance World Cup 2010, 2011, 2014, 2017, 2019 Hamburger M\u00e4rchentage\u00a02010 &#8211; 2023 Hamburger Familientag 2013 Das letzte L\u00e4uten der Schulklingel im Ernst Deutsch Theater 2007-2013, 2015, 2016 &#8211; 2023 [&hellip;]<\/p>\n","protected":false},"author":3,"featured_media":0,"parent":1400,"menu_order":1,"comment_status":"open","ping_status":"open","template":"","meta":{"footnotes":""},"class_list":["post-1367","page","type-page","status-publish","hentry","entry"],"_links":{"self":[{"href":"https:\/\/tanz-bruecke.de\/ja\/wp-json\/wp\/v2\/pages\/1367","targetHints":{"allow":["GET"]}}],"collection":[{"href":"https:\/\/tanz-bruecke.de\/ja\/wp-json\/wp\/v2\/pages"}],"about":[{"href":"https:\/\/tanz-bruecke.de\/ja\/wp-json\/wp\/v2\/types\/page"}],"author":[{"embeddable":true,"href":"https:\/\/tanz-bruecke.de\/ja\/wp-json\/wp\/v2\/users\/3"}],"replies":[{"embeddable":true,"href":"https:\/\/tanz-bruecke.de\/ja\/wp-json\/wp\/v2\/comments?post=1367"}],"version-history":[{"count":51,"href":"https:\/\/tanz-bruecke.de\/ja\/wp-json\/wp\/v2\/pages\/1367\/revisions"}],"predecessor-version":[{"id":12552,"href":"https:\/\/tanz-bruecke.de\/ja\/wp-json\/wp\/v2\/pages\/1367\/revisions\/12552"}],"up":[{"embeddable":true,"href":"https:\/\/tanz-bruecke.de\/ja\/wp-json\/wp\/v2\/pages\/1400"}],"wp:attachment":[{"href":"https:\/\/tanz-bruecke.de\/ja\/wp-json\/wp\/v2\/media?parent=1367"}],"curies":[{"name":"wp","href":"https:\/\/api.w.org\/{rel}","templated":true}]}}