{"id":1356,"date":"2012-11-12T11:16:14","date_gmt":"2012-11-12T11:16:14","guid":{"rendered":"http:\/\/tanz-bruecke.de\/ja\/?page_id=1356"},"modified":"2025-12-16T05:50:06","modified_gmt":"2025-12-16T05:50:06","slug":"foerderer","status":"publish","type":"page","link":"https:\/\/tanz-bruecke.de\/ja\/foerderer\/","title":{"rendered":"SPENDEN"},"content":{"rendered":"<div class=\"wp-block-image\">\n<figure class=\"aligncenter\"><img loading=\"lazy\" decoding=\"async\" width=\"300\" height=\"200\" src=\"https:\/\/tanz-bruecke.de\/ja\/wp-content\/uploads\/2019\/07\/19702983_1625916790753362_5513051708901530621_o-1-Kopie-300x200.jpg\" alt=\"\" class=\"wp-image-9550\" srcset=\"https:\/\/tanz-bruecke.de\/ja\/wp-content\/uploads\/2019\/07\/19702983_1625916790753362_5513051708901530621_o-1-Kopie-300x200.jpg 300w, https:\/\/tanz-bruecke.de\/ja\/wp-content\/uploads\/2019\/07\/19702983_1625916790753362_5513051708901530621_o-1-Kopie-768x512.jpg 768w, https:\/\/tanz-bruecke.de\/ja\/wp-content\/uploads\/2019\/07\/19702983_1625916790753362_5513051708901530621_o-1-Kopie-1024x683.jpg 1024w, https:\/\/tanz-bruecke.de\/ja\/wp-content\/uploads\/2019\/07\/19702983_1625916790753362_5513051708901530621_o-1-Kopie.jpg 1160w\" sizes=\"auto, (max-width: 300px) 100vw, 300px\" \/><\/figure>\n<\/div>\n\n\n<p><\/p>\n\n\n\n<p><strong><em><span style=\"color: #339966;\">Wir danken herzlich unseren Unterst\u00fctzern und F\u00f6rderern f\u00fcr die&nbsp;wertvolle Unterst\u00fctzung unseren Vereins.&nbsp;Ohne Ihr finanzielles Engagement w\u00e4re die Realisation unserer&nbsp;gro\u00dfen und kleinen Projekte in dieser Qualit\u00e4t nicht m\u00f6glich.<\/span><\/em><\/strong><\/p>\n\n\n\n<p><strong>Wir bitten weiterhin um Ihre Unterst\u00fctzung. <\/strong><\/p>\n\n\n\n<p>Das Finanzamt hat den Verein Tanzbr\u00fccke Hamburg als gemeinn\u00fctzig anerkannt.<\/p>\n\n\n\n<p>F\u00fcr Ihre Spenden erhalten Sie selbstverst\u00e4ndlich eine Spendenbescheinigung.<\/p>\n\n\n\n<p><span style=\"color: #ff0000;\"><strong>Unser Verein braucht dringend Hilfe! Ihre Hilfe! <\/strong><\/span>Unsere R\u00e4umlichkeiten sind vom Vermieter zum 31.12.2024 gek\u00fcndigt worden. Das bedeutet, dass wir sehr bald umziehen m\u00fcssen \u2013 in wesentlich teurere R\u00e4ume, da sich zum bisherigen Mietpreis in Hamburg kaum etwas finden l\u00e4sst. Neben Ideen zu passenden und gleichzeitig finanzierbaren R\u00e4umlichkeiten ab 500 qm brauchen wir vor allem eins: GELD!<\/p>\n\n\n\n<p><strong>Bitte spenden Sie, damit wir als Verein weiterhin existieren und unsere Kinder und Jugendliche weiterbilden und f\u00f6rdern k\u00f6nnen!<\/strong><\/p>\n\n\n\n<p><span style=\"color: #ff0000;\"><strong>JEDE SPENDE Z\u00c4HLT !!!<br><\/strong><\/span><\/p>\n\n\n\n<p>Tanzbr\u00fccke Hamburg e. V.<\/p>\n\n\n\n<p>IBAN: DE29201900030083373209<\/p>\n\n\n\n<p>BIC: GENODEF1HH2<\/p>\n\n\n\n<p>Hamburger Volksbank<\/p>\n\n\n\n<p>&nbsp;<\/p>\n\n\n\n<div id=\"donate-button-container\">\n<div id=\"donate-button\">&nbsp;<\/div>\n<p><script src=\"https:\/\/www.paypalobjects.com\/donate\/sdk\/donate-sdk.js\" charset=\"UTF-8\"><\/script><br><script><br \/>\nPayPal.Donation.Button({<br \/>\nenv:'production',<br \/>\nhosted_button_id:'GTTR8MUJY3WCQ',<br \/>\nimage: {<br \/>\nsrc:'https:\/\/www.paypalobjects.com\/de_DE\/DE\/i\/btn\/btn_donateCC_LG.gif',<br \/>\nalt:'Spenden mit dem PayPal-Button',<br \/>\ntitle:'PayPal - The safer, easier way to pay online!',<br \/>\n}<br \/>\n}).render('#donate-button');<br \/>\n<\/script><\/p>\n<\/div>\n\n\n\n<p><strong>UNSERE UNTERST\u00dcTZER:<\/strong><\/p>\n\n\n\n<p><span style=\"color: #008000;\"><strong>Herzlichen Dank an die Schultz BGM GmbH<\/strong><\/span><\/p>\n\n\n\n<p>Wir danken der Schultz BGM GmbH ganz herzlich f\u00fcr ihre gro\u00dfz\u00fcgige Spende und die tatkr\u00e4ftige Unterst\u00fctzung bei der Umsetzung unseres Umbaus. Dank ihres Engagements k\u00f6nnen wir unsere R\u00e4ume noch besser gestalten und f\u00fcr unsere Angebote zur Verf\u00fcgung stellen.<\/p>\n\n\n\n<figure class=\"wp-block-image size-full is-resized\"><img loading=\"lazy\" decoding=\"async\" width=\"1283\" height=\"563\" src=\"https:\/\/tanz-bruecke.de\/ja\/wp-content\/uploads\/2025\/12\/Schultz-BGM_template-RGB__horizontal.png\" alt=\"\" class=\"wp-image-13872\" style=\"width:580px;height:auto\" srcset=\"https:\/\/tanz-bruecke.de\/ja\/wp-content\/uploads\/2025\/12\/Schultz-BGM_template-RGB__horizontal.png 1283w, https:\/\/tanz-bruecke.de\/ja\/wp-content\/uploads\/2025\/12\/Schultz-BGM_template-RGB__horizontal-300x132.png 300w, https:\/\/tanz-bruecke.de\/ja\/wp-content\/uploads\/2025\/12\/Schultz-BGM_template-RGB__horizontal-1024x449.png 1024w, https:\/\/tanz-bruecke.de\/ja\/wp-content\/uploads\/2025\/12\/Schultz-BGM_template-RGB__horizontal-768x337.png 768w\" sizes=\"auto, (max-width: 1283px) 100vw, 1283px\" \/><\/figure>\n\n\n\n<figure class=\"wp-block-embed is-type-wp-embed is-provider-schultz-gruppe wp-block-embed-schultz-gruppe\"><div class=\"wp-block-embed__wrapper\">\n<blockquote class=\"wp-embedded-content\" data-secret=\"dGMlM0u2KD\"><a href=\"https:\/\/www.schultz-gruppe.de\/schultz-bgm-unterstuetzt-tanzbruecke-hamburg-e-v\/\">Schultz BGM unterst\u00fctzt Tanzbr\u00fccke Hamburg e.V.<\/a><\/blockquote><iframe loading=\"lazy\" class=\"wp-embedded-content\" sandbox=\"allow-scripts\" security=\"restricted\" style=\"position: absolute; visibility: hidden;\" title=\"&#8222;Schultz BGM unterst\u00fctzt Tanzbr\u00fccke Hamburg e.V.&#8220; &#8211; SCHULTZ GRUPPE\" src=\"https:\/\/www.schultz-gruppe.de\/schultz-bgm-unterstuetzt-tanzbruecke-hamburg-e-v\/embed\/#?secret=DyxRmK4iCj#?secret=dGMlM0u2KD\" data-secret=\"dGMlM0u2KD\" width=\"600\" height=\"338\" frameborder=\"0\" marginwidth=\"0\" marginheight=\"0\" scrolling=\"no\"><\/iframe>\n<\/div><\/figure>\n\n\n\n<div class=\"wp-block-columns is-layout-flex wp-container-corecolumns-is-layout-9d6595d7 wp-block-columns-is-layout-flex\">\n<div class=\"wp-block-column is-layout-flow wp-block-column-is-layout-flow\"><\/div>\n\n\n\n<div class=\"wp-block-column is-layout-flow wp-block-column-is-layout-flow\"><\/div>\n<\/div>\n\n\n\n<p><span style=\"color: #008000;\"><strong>B\u00dcHNENPROJEKT<\/strong> <strong>&#8222;HARRY, HOL`SCHON MAL DEN WAGEN&#8220;, September &#8211; Oktober 2023<\/strong><\/span><\/p>\n\n\n\n<p>DVP Audit GmbH, Dr. Vollbrecht, LUNO Export &amp; Logistic Services GmbH, ASG Selection GmbH, Fam. Merklin<\/p>\n\n\n\n<p>&nbsp;<\/p>\n\n\n\n<p><span style=\"color: #008000;\"><strong>KULTURSPORTLICHES JAHR 2014 &#8211; 2024<\/strong><\/span><\/p>\n\n\n\n<p class=\"has-text-align-left\">DOSB Programm Integration durch Sport<\/p>\n\n\n<div class=\"wp-block-image\">\n<figure class=\"alignleft\"><img loading=\"lazy\" decoding=\"async\" width=\"300\" height=\"40\" src=\"https:\/\/tanz-bruecke.de\/ja\/wp-content\/uploads\/2012\/11\/Logoleiste-neu-JPG-300x40.jpg\" alt=\"\" class=\"wp-image-7386\" srcset=\"https:\/\/tanz-bruecke.de\/ja\/wp-content\/uploads\/2012\/11\/Logoleiste-neu-JPG-300x40.jpg 300w, https:\/\/tanz-bruecke.de\/ja\/wp-content\/uploads\/2012\/11\/Logoleiste-neu-JPG-768x104.jpg 768w, https:\/\/tanz-bruecke.de\/ja\/wp-content\/uploads\/2012\/11\/Logoleiste-neu-JPG-1024x138.jpg 1024w\" sizes=\"auto, (max-width: 300px) 100vw, 300px\" \/><\/figure>\n<\/div>\n\n\n<p><\/p>\n\n\n\n<p>&nbsp;<\/p>\n\n\n\n<p><strong>&nbsp;<\/strong><\/p>\n\n\n\n<p>&nbsp;<\/p>\n\n\n\n<p><span style=\"color: #008000;\"><strong>RENOVIERUNGSARBEITEN JULI \u2013 SEPTEMBER 2015, Spenden<\/strong><\/span><\/p>\n\n\n\n<p class=\"entry-title\">Monika Achatzi, Tatyana Arndt, Svetlana&nbsp;Baliukonis, Ivan und Nina Becker, Slava Berezovski, Liudmila Bertram, Laryza und Yevgeny Bumagina, Juri Buterus, Elena und Natalia Dergatcheva, Liana Frank, Nadja und Vjaceslav Garbuz, Irene Giebeler, Maria Giske, Dr. Jan Gronemeyer, Natalia Hildebrandt, Pavlo Kanyuka, Svetlana Kichigina, Ellen K\u00f6nig, Oliver&nbsp;Kriege, Eduard und Margareta Kungel, Olga und Pavel Lam, Larisa Levitina, Liudmila Lipke, Thomas L\u00fcdemann, Christiane Maassen, Natalia Migai, Marina Preimesser, Erwin Prostka, Heinz&nbsp; und Susi Ritsch, Jochen und Gerda Sch\u00e4fer, Marina Schartner, Elfride und G\u00fcnter Schaufler, Horst Schr\u00f6der, Sigrid und Karl-Heinz Sch\u00fctt, Anna und Vladimir Simakov, Alina Sirsikova, Tatjana Stark, Elena Stroiakovski, Elena Termer, Evgeny Volotkovich, Elena Will, Rita Wrogemann, Svetlana und Oleg Zhytomyrsky, Natalia und Viktor Zinn<\/p>\n\n\n<div class=\"wp-block-image\">\n<figure class=\"alignleft\"><img loading=\"lazy\" decoding=\"async\" width=\"276\" height=\"150\" src=\"https:\/\/tanz-bruecke.de\/ja\/wp-content\/uploads\/2012\/11\/HSB_logo.png\" alt=\"\" class=\"wp-image-7375\" \/><\/figure>\n<\/div>\n\n\n<p><\/p>\n\n\n\n<p>&nbsp;<\/p>\n\n\n\n<p>&nbsp;<\/p>\n\n\n\n<p>&nbsp;<\/p>\n\n\n\n<p><strong><span style=\"color: #008000;\">INTERDISZIPLIN\u00c4RES PROJEKT &#8222;PETRUSCHKA &amp; Co&#8220;<\/span><\/strong><\/p>\n\n\n\n<figure class=\"wp-block-image\"><a href=\"http:\/\/www.buergerstiftung-hamburg.de\/home\/\"><img loading=\"lazy\" decoding=\"async\" width=\"300\" height=\"209\" src=\"https:\/\/tanz-bruecke.de\/ja\/wp-content\/uploads\/2012\/11\/Buerger_Stiftung-300x209.jpg\" alt=\"Buerger_Stiftung\" class=\"wp-image-2791\" srcset=\"https:\/\/tanz-bruecke.de\/ja\/wp-content\/uploads\/2012\/11\/Buerger_Stiftung-300x209.jpg 300w, https:\/\/tanz-bruecke.de\/ja\/wp-content\/uploads\/2012\/11\/Buerger_Stiftung-202x140.jpg 202w, https:\/\/tanz-bruecke.de\/ja\/wp-content\/uploads\/2012\/11\/Buerger_Stiftung.jpg 689w\" sizes=\"auto, (max-width: 300px) 100vw, 300px\" \/><\/a><\/figure>\n\n\n<div class=\"wp-block-image\">\n<figure class=\"alignleft\"><a href=\"http:\/\/www.stiftungmaritim.de\/Stiftung_Maritim\/Kultur_Bewegt.html\"><img loading=\"lazy\" decoding=\"async\" width=\"300\" height=\"185\" src=\"https:\/\/tanz-bruecke.de\/ja\/wp-content\/uploads\/2012\/11\/Stiftung_Maritim-300x185.jpg\" alt=\"Stiftung_Maritim\" class=\"wp-image-2794\" srcset=\"https:\/\/tanz-bruecke.de\/ja\/wp-content\/uploads\/2012\/11\/Stiftung_Maritim-300x185.jpg 300w, https:\/\/tanz-bruecke.de\/ja\/wp-content\/uploads\/2012\/11\/Stiftung_Maritim.jpg 1100w\" sizes=\"auto, (max-width: 300px) 100vw, 300px\" \/><\/a><\/figure>\n<\/div>\n\n\n<p>&nbsp;<\/p>\n\n\n\n<h2 class=\"wp-block-heading\">&nbsp;<\/h2>\n\n\n\n<p class=\"has-text-align-left\"><strong><span style=\"color: #008000;\">TANZTHEATERINSZENIERUNG &#8222;MEIN KLEINER GR\u00dcNES KAKTUS&#8220;<\/span><\/strong><\/p>\n\n\n\n<blockquote class=\"wp-block-quote is-layout-flow wp-block-quote-is-layout-flow\"><div class=\"wp-block-image\">\n<figure class=\"alignleft\"><a href=\"http:\/\/www.hamburg.de\/amt-kb\/\" target=\"_blank\" rel=\"noopener noreferrer\"><img decoding=\"async\" src=\"http:\/\/tanz-bruecke.de\/images\/spon02.gif\" alt=\"\" \/><\/a><\/figure>\n<\/div>\n\n\n<p><\/p>\n\n\n\n<p>&nbsp;<\/p>\n\n\n\n<p class=\"has-text-align-left\"><strong>&nbsp;<\/strong><\/p>\n<\/blockquote>\n\n\n\n<p>&nbsp;<\/p>\n\n\n\n<p><strong><span style=\"color: #008000;\">B\u00dcHNENPROJEKT &#8222;VOM RAG ZUM RAP&#8220;, MUSIK DES JAHRHUNDERS<\/span><\/strong><\/p>\n\n\n\n<figure class=\"wp-block-image\"><a href=\"http:\/\/www.dr-langner-stiftung.org\/\" target=\"_blank\" rel=\"noopener noreferrer\"><img decoding=\"async\" src=\"http:\/\/tanz-bruecke.de\/images\/spon12.gif\" alt=\"\" \/><\/a><\/figure>\n\n\n\n<figure class=\"wp-block-image\"><a href=\"http:\/\/www.itsplus.de\/de\/about\/\" target=\"_blank\" rel=\"noopener noreferrer\"><img decoding=\"async\" src=\"http:\/\/tanz-bruecke.de\/images\/spon07.gif\" alt=\"\" \/><\/a><\/figure>\n\n\n\n<figure class=\"wp-block-image\"><a href=\"http:\/\/www.stravex.com\/\" target=\"_blank\" rel=\"noopener noreferrer\"><img decoding=\"async\" src=\"http:\/\/tanz-bruecke.de\/images\/spon11.gif\" alt=\"\" \/><\/a><\/figure>\n\n\n\n<p class=\"has-text-align-left\"><strong><br><\/strong><\/p>\n\n\n\n<p>&nbsp;<\/p>\n\n\n\n<p>&nbsp;<\/p>\n\n\n\n<p><strong><span style=\"color: #008000;\">DANCE WORLD CUP 2010, 2011<\/span><\/strong><\/p>\n\n\n\n<p>Anna und Vladimir Simakov<br><a href=\"http:\/\/www.hamburg-hram.de\/\" target=\"_blank\" rel=\"noopener noreferrer\"><img loading=\"lazy\" decoding=\"async\" src=\"http:\/\/tanz-bruecke.de\/images\/spon10.gif\" alt=\"\" width=\"245\" height=\"54\" border=\"0\" \/><\/a><\/p>\n\n\n\n<p class=\"has-text-align-left\">Stiftung Lulu und Robert Bartholomay<\/p>\n\n\n\n<figure class=\"wp-block-image\"><a href=\"http:\/\/www.vhs-verein.de\/freizeitsport.html\" target=\"_blank\" rel=\"noopener noreferrer\"><img decoding=\"async\" src=\"http:\/\/tanz-bruecke.de\/images\/spon09.gif\" alt=\"\" \/><\/a><\/figure>\n\n\n\n<figure class=\"wp-block-image\"><a href=\"http:\/\/www.stravex.com\/\" target=\"_blank\" rel=\"noopener noreferrer\"><img decoding=\"async\" src=\"http:\/\/tanz-bruecke.de\/images\/spon11.gif\" alt=\"\" \/><\/a><\/figure>\n\n\n\n<figure class=\"wp-block-image\"><a href=\"http:\/\/www.salmco.de\/\" target=\"_blank\" rel=\"noopener noreferrer\"><img decoding=\"async\" src=\"http:\/\/tanz-bruecke.de\/images\/spon08.gif\" alt=\"\" \/><\/a><\/figure>\n\n\n\n<p class=\"has-text-align-left\"><\/p>\n\n\n\n<p>&nbsp;<\/p>\n\n\n\n<p>&nbsp;<\/p>\n\n\n\n<p><span style=\"color: #008000;\"><strong>XIV. DEUTSCHER BALLETTWETTBEWERB 2010<\/strong><\/span><\/p>\n\n\n\n<figure class=\"wp-block-image\"><a href=\"http:\/\/www.itsplus.de\/de\/about\/\" target=\"_blank\" rel=\"noopener noreferrer\"><img decoding=\"async\" src=\"http:\/\/tanz-bruecke.de\/images\/spon07.gif\" alt=\"\" \/><\/a><\/figure>\n\n\n\n<figure class=\"wp-block-image\"><a href=\"http:\/\/www.ein-herz-fuer-kinder.de\/EHFK\/deutsch\/Home\/Startseite.html\" target=\"_blank\" rel=\"noopener noreferrer\"><img decoding=\"async\" src=\"http:\/\/tanz-bruecke.de\/images\/spon06.gif\" alt=\"\" \/><\/a><\/figure>\n\n\n\n<figure class=\"wp-block-image\"><a href=\"http:\/\/www.buih.de\/VARIABEL\/r3.html\" target=\"_blank\" rel=\"noopener noreferrer\"><img decoding=\"async\" src=\"http:\/\/tanz-bruecke.de\/images\/spon05.gif\" alt=\"\" \/><\/a><\/figure>\n\n\n\n<p><\/p>\n\n\n\n<p>&nbsp;<\/p>\n\n\n\n<p><strong><span style=\"color: #008000;\">GENERATIONS\u00dcBERGREIFENDES PROJEKT &#8222;BR\u00dcCKEN SCHLAGEN DURCH DEN TANZ&#8220; 2010<br><\/span><\/strong><\/p>\n\n\n\n<figure class=\"wp-block-image\"><a href=\"http:\/\/tbhh.de\/wpseite\/\" target=\"_blank\" rel=\"noopener noreferrer\"><img decoding=\"async\" src=\"http:\/\/tanz-bruecke.de\/images\/spon04.gif\" alt=\"\" \/><\/a><\/figure>\n\n\n\n<figure class=\"wp-block-image\"><a href=\"http:\/\/www.stiftung-drja.de\/\" target=\"_blank\" rel=\"noopener noreferrer\"><img decoding=\"async\" src=\"http:\/\/tanz-bruecke.de\/images\/spon03.gif\" alt=\"\" \/><\/a><\/figure>\n\n\n\n<p><\/p>\n\n\n\n<p>&nbsp;<\/p>\n\n\n\n<p>&nbsp;<\/p>\n\n\n\n<p><strong><span style=\"color: #008000;\">BUNDESWETTBEWERB &#8222;JUGEND TANZT&#8220; 2005, 2007<\/span><\/strong><\/p>\n\n\n\n<p>Per Gr\u00f6nfeldt<\/p>\n\n\n<div class=\"wp-block-image\">\n<figure class=\"alignleft\"><a href=\"http:\/\/www.vmf-partnership.de\/\" target=\"_blank\" rel=\"noopener noreferrer\"><img decoding=\"async\" src=\"http:\/\/tanz-bruecke.de\/images\/spon01.gif\" alt=\"\" \/><\/a><\/figure>\n<\/div>\n\n\n<p><\/p>\n","protected":false},"excerpt":{"rendered":"<p>Wir danken herzlich unseren Unterst\u00fctzern und F\u00f6rderern f\u00fcr die&nbsp;wertvolle Unterst\u00fctzung unseren Vereins.&nbsp;Ohne Ihr finanzielles Engagement w\u00e4re die Realisation unserer&nbsp;gro\u00dfen und kleinen Projekte in dieser Qualit\u00e4t nicht m\u00f6glich. Wir bitten weiterhin um Ihre Unterst\u00fctzung. Das Finanzamt hat den Verein Tanzbr\u00fccke Hamburg als gemeinn\u00fctzig anerkannt. F\u00fcr Ihre Spenden erhalten Sie selbstverst\u00e4ndlich eine Spendenbescheinigung. Unser Verein braucht dringend [&hellip;]<\/p>\n","protected":false},"author":3,"featured_media":0,"parent":0,"menu_order":6,"comment_status":"open","ping_status":"open","template":"","meta":{"footnotes":""},"class_list":["post-1356","page","type-page","status-publish","hentry","entry"],"_links":{"self":[{"href":"https:\/\/tanz-bruecke.de\/ja\/wp-json\/wp\/v2\/pages\/1356","targetHints":{"allow":["GET"]}}],"collection":[{"href":"https:\/\/tanz-bruecke.de\/ja\/wp-json\/wp\/v2\/pages"}],"about":[{"href":"https:\/\/tanz-bruecke.de\/ja\/wp-json\/wp\/v2\/types\/page"}],"author":[{"embeddable":true,"href":"https:\/\/tanz-bruecke.de\/ja\/wp-json\/wp\/v2\/users\/3"}],"replies":[{"embeddable":true,"href":"https:\/\/tanz-bruecke.de\/ja\/wp-json\/wp\/v2\/comments?post=1356"}],"version-history":[{"count":102,"href":"https:\/\/tanz-bruecke.de\/ja\/wp-json\/wp\/v2\/pages\/1356\/revisions"}],"predecessor-version":[{"id":13884,"href":"https:\/\/tanz-bruecke.de\/ja\/wp-json\/wp\/v2\/pages\/1356\/revisions\/13884"}],"wp:attachment":[{"href":"https:\/\/tanz-bruecke.de\/ja\/wp-json\/wp\/v2\/media?parent=1356"}],"curies":[{"name":"wp","href":"https:\/\/api.w.org\/{rel}","templated":true}]}}