{"id":1350,"date":"2012-11-12T11:06:51","date_gmt":"2012-11-12T11:06:51","guid":{"rendered":"http:\/\/tanz-bruecke.de\/ja\/?page_id=1350"},"modified":"2023-05-18T23:28:42","modified_gmt":"2023-05-18T23:28:42","slug":"erfolge","status":"publish","type":"page","link":"https:\/\/tanz-bruecke.de\/ja\/ueber-uns\/erfolge\/","title":{"rendered":"ERFOLGE"},"content":{"rendered":"<h2 style=\"text-align: left;\" align=\"center\"><span style=\"color: #072a75;\">2023<\/span><\/h2>\n<p class=\"entry-title\"><span style=\"color: #072a75;\"><strong>XXV. DEUTSCHER BALLETTWETTBEWERB<\/strong><\/span><\/p>\n<p><span style=\"color: #072a75;\">GOLD 5x , SILBER 3x<\/span><\/p>\n<p><img loading=\"lazy\" decoding=\"async\" class=\"aligncenter size-medium wp-image-12169\" src=\"https:\/\/tanz-bruecke.de\/ja\/wp-content\/uploads\/2023\/05\/077A3663-Kopie-286x300.jpg\" alt=\"\" width=\"286\" height=\"300\" srcset=\"https:\/\/tanz-bruecke.de\/ja\/wp-content\/uploads\/2023\/05\/077A3663-Kopie-286x300.jpg 286w, https:\/\/tanz-bruecke.de\/ja\/wp-content\/uploads\/2023\/05\/077A3663-Kopie.jpg 569w\" sizes=\"auto, (max-width: 286px) 100vw, 286px\" \/><\/p>\n<p>&nbsp;<\/p>\n<p><span style=\"color: #072a75;\"><strong>REGIONALWETTBEWERB zum XXV. Deutschen Ballettwettbewerb<\/strong><\/span><\/p>\n<p><span style=\"color: #072a75;\">GOLD 9x, SILBER 2x, BRONZE 3x<\/span><\/p>\n<h2 style=\"text-align: left;\" align=\"center\"><span style=\"color: #072a75;\">2022<\/span><\/h2>\n<p style=\"text-align: left;\" align=\"center\"><span style=\"color: #072a75;\">MEDAILLE in Bronze f\u00fcr TREUE ARBEIT IM DIENSTE DES VOLKES<\/span><\/p>\n<p><img loading=\"lazy\" decoding=\"async\" class=\"size-medium wp-image-12188 aligncenter\" src=\"https:\/\/tanz-bruecke.de\/ja\/wp-content\/uploads\/2023\/05\/1-Kopie-263x300.jpg\" alt=\"\" width=\"263\" height=\"300\" srcset=\"https:\/\/tanz-bruecke.de\/ja\/wp-content\/uploads\/2023\/05\/1-Kopie-263x300.jpg 263w, https:\/\/tanz-bruecke.de\/ja\/wp-content\/uploads\/2023\/05\/1-Kopie.jpg 724w\" sizes=\"auto, (max-width: 263px) 100vw, 263px\" \/><\/p>\n<p style=\"text-align: left;\" align=\"center\"><span style=\"color: #072a75;\">Der B\u00fcrgermeister der Hansestadt Hamburg, Dr. Tschentscher, verleiht an Natalia Dergatcheva die Medaille f\u00fcr TREUE ARBEIT IM DIENSTE DES VOLKES in Bronze.<\/span><\/p>\n<h2><span style=\"color: #072a75;\">2021<\/span><\/h2>\n<p><span style=\"color: #072a75;\"><strong>WORLD DANCE CONTEST, M\u00dcNCHEN<\/strong><\/span><\/p>\n<p><span style=\"color: #072a75;\">GOLD x 8, SILBER x 5, BRONZE x 2<\/span><\/p>\n<p><span style=\"color: #072a75;\"><strong>INTERNATIONALER ONLINE WETTBEWERB MOROSHKA, ST. PETERSBURG<\/strong><\/span><\/p>\n<p><span style=\"color: #072a75;\">Preistr\u00e4ger ersten Grades<\/span><\/p>\n<p><img loading=\"lazy\" decoding=\"async\" class=\"aligncenter size-medium wp-image-11773\" src=\"https:\/\/tanz-bruecke.de\/ja\/wp-content\/uploads\/2021\/12\/\u041a\u043e\u043c\u0430\u043d\u0434\u0430-\u0422\u0411-300x200.jpg\" alt=\"\" width=\"300\" height=\"200\" srcset=\"https:\/\/tanz-bruecke.de\/ja\/wp-content\/uploads\/2021\/12\/\u041a\u043e\u043c\u0430\u043d\u0434\u0430-\u0422\u0411-300x200.jpg 300w, https:\/\/tanz-bruecke.de\/ja\/wp-content\/uploads\/2021\/12\/\u041a\u043e\u043c\u0430\u043d\u0434\u0430-\u0422\u0411-768x512.jpg 768w, https:\/\/tanz-bruecke.de\/ja\/wp-content\/uploads\/2021\/12\/\u041a\u043e\u043c\u0430\u043d\u0434\u0430-\u0422\u0411-1024x683.jpg 1024w, https:\/\/tanz-bruecke.de\/ja\/wp-content\/uploads\/2021\/12\/\u041a\u043e\u043c\u0430\u043d\u0434\u0430-\u0422\u0411.jpg 2048w\" sizes=\"auto, (max-width: 300px) 100vw, 300px\" \/><\/p>\n<h2 style=\"text-align: left;\" align=\"center\"><span style=\"color: #072a75;\">2019<\/span><\/h2>\n<p><span style=\"color: #072a75;\"><strong>Dance World Cup, Portugal, <\/strong>Juli 2019<\/span><\/p>\n<p><span style=\"color: #ff0000;\"><strong>Vizeweltmeister<\/strong>,<\/span> <span style=\"color: #072a75;\">Kategorie Nationaltanz,\u00a0Altersklasse u. 9 J.<\/span><\/p>\n<p><span style=\"color: #072a75;\"><strong>16. TANZOLYMP Internationaler Tanzwettbewerb, Berlin<\/strong><\/span><\/p>\n<p><span style=\"color: #ff0000;\"><strong>GOLD<\/strong><\/span> <span style=\"color: #072a75;\">Kategorie\u00a0Modern, Altersklasse 13-16 J.<\/span><\/p>\n<h2 style=\"text-align: left;\" align=\"center\"><span style=\"color: #072a75;\">2018<\/span><\/h2>\n<p><span style=\"color: #072a75;\"><strong>Kinder- u. Jugendwettbewerb HAMBURGER ABRECHNUNG<\/strong><\/span><\/p>\n<p><span style=\"color: #072a75;\">1. Platz: CHOREOGRAPHIE<\/span><\/p>\n<p><span style=\"color: #072a75;\">3. Platz: Vocal<\/span><\/p>\n<h2 style=\"text-align: left;\" align=\"center\"><span style=\"color: #072a75;\">2017<\/span><\/h2>\n<p><span style=\"color: #072a75;\"><strong>Dance World Cup 2017, Offenburg, <\/strong>Juli 2017<\/span><\/p>\n<p><span style=\"color: #072a75;\">Nach den Ergebnissen dieser Weltmeisterschaft ist die Tanzbr\u00fccke Hamburg <\/span><strong><span style=\"color: #ff0000;\">WELTMEISTER<\/span> <\/strong>i<span style=\"color: #072a75;\">n der Kategorie Nationaltanz geworden. Au\u00dferdem wurden von der Jury die frischgebackenen Weltmeister f\u00fcr deren hervorragende Leistungen mit einem Sonderpreis BEST BALLET FOR NATIONAL GROUP 2017 ausgezeichnet.<\/span><\/p>\n<p><span style=\"color: #ff0000;\"><strong>3.<\/strong>\u00a0Platz<\/span>\u00a0<span style=\"color: #072a75;\">Kategorie <em>Jazz, Show Dance, Trio,\u00a0<\/em>Alter bis 9 J.<\/span><br \/>\n<span style=\"color: #ff0000;\"><strong>3.<\/strong>\u00a0Platz<\/span>\u00a0<span style=\"color: #072a75;\">Kategorie\u00a0<em>Nationaltanz, Solo,<\/em>\u00a0Alter bis 9 J.<\/span><\/p>\n<p><span style=\"color: #072a75;\"><strong>Mai 2017: Der Deutsche Olympische Sportbund hat die Tanzbr\u00fccke Hamburg f\u00fcr den ersten Nationalen Integrationspreis der Bundeskanzlerin nominiert.<\/strong><\/span><\/p>\n<p><img loading=\"lazy\" decoding=\"async\" class=\"aligncenter size-medium wp-image-12186\" src=\"https:\/\/tanz-bruecke.de\/ja\/wp-content\/uploads\/2023\/05\/Integrationspreis_2-Kopie-768x1024-225x300.jpg\" alt=\"\" width=\"225\" height=\"300\" srcset=\"https:\/\/tanz-bruecke.de\/ja\/wp-content\/uploads\/2023\/05\/Integrationspreis_2-Kopie-768x1024-225x300.jpg 225w, https:\/\/tanz-bruecke.de\/ja\/wp-content\/uploads\/2023\/05\/Integrationspreis_2-Kopie-768x1024-150x200.jpg 150w, https:\/\/tanz-bruecke.de\/ja\/wp-content\/uploads\/2023\/05\/Integrationspreis_2-Kopie-768x1024.jpg 768w\" sizes=\"auto, (max-width: 225px) 100vw, 225px\" \/><\/p>\n<p><span style=\"color: #072a75;\"><strong>XXI. Deutscher Ballettwettbewerb, M\u00fcnchen, <\/strong>April 2017\u00a0<\/span><\/p>\n<p><span style=\"color: #4e0e80;\"><strong><em>Nach den Ergebnissen des Deutschen Ballettwettbewerbes 2017 geh\u00f6rt die Tanzbr\u00fccke Hamburg\u00a0zu den VIER erfolgreichsten Ballettschulen Deutschlands!<\/em><\/strong><\/span><\/p>\n<p><strong><span style=\"color: #ff0000;\">Deutscher Meister<\/span>\u00a0<\/strong><span style=\"color: #072a75;\">Kategorie\u00a0<em>Modern Dance, Solo\u00a0<\/em>Alter bis 9 J.<strong>\u00a0\u00a0<\/strong><\/span><br \/>\n<strong><span style=\"color: #ff0000;\">Deutscher Meister<\/span>\u00a0<\/strong><span style=\"color: #072a75;\">Kategorie\u00a0<em>Nationaltanz, Solo,<\/em>\u00a0Alter bis 9 J.<\/span><br \/>\n<strong><span style=\"color: #ff0000;\">Deutscher Meister<\/span>\u00a0<\/strong><span style=\"color: #072a75;\">Kategorie <em>Jazz, Show Dance, Trio,\u00a0<\/em>Alter bis 9 J.<\/span><br \/>\n<strong><span style=\"color: #ff0000;\">Deutscher Meister<\/span>\u00a0<\/strong><span style=\"color: #072a75;\">Kategorie <em>Nationaltanz, Gruppe,<\/em>\u00a0Alter bis 13 J.<\/span><br \/>\n<strong><span style=\"color: #ff0000;\">Deutscher Meister\u00a0<\/span><\/strong><span style=\"color: #072a75;\">Kategorie <em>Gesang und Tanz,\u00a0<\/em>Alter bis 13 J.\u00a0<strong>\u00a0<\/strong><\/span><br \/>\n<strong><span style=\"color: #ff0000;\">Deutscher Meister<\/span>\u00a0<\/strong><span style=\"color: #072a75;\">Kategorie\u00a0<em>Jazz, Show Dance\u00a0<\/em>Alter bis 13 J.<\/span><br \/>\n<strong><span style=\"color: #ff0000;\">Deutscher Meister<\/span>\u00a0<\/strong><span style=\"color: #072a75;\">Kategorie\u00a0<em>Nationaltanz, Trio,<\/em>\u00a0Alter bis 17 J.<\/span><\/p>\n<p><span style=\"color: #ff0000;\"><strong>2.<\/strong>\u00a0Platz\u00a0<\/span><span style=\"color: #072a75;\">Kategorie\u00a0<em>Gesang und Tanz, Trio,\u00a0<\/em>Alter bis 13 J.<\/span><br \/>\n<span style=\"color: #ff0000;\"><strong>2.<\/strong>\u00a0Platz<\/span>\u00a0<span style=\"color: #072a75;\">Kategorie <em>Modern, Gruppe, <\/em>Alter bis 17.<\/span><br \/>\n<span style=\"color: #ff0000;\"><strong>3.<\/strong>\u00a0Platz<\/span>\u00a0<span style=\"color: #072a75;\"><em>Gesang und Tanz, Solo,\u00a0<\/em>Alter bis 13 J.<\/span><\/p>\n<h2 style=\"text-align: left;\" align=\"center\"><span style=\"color: #072a75;\">2016<\/span><\/h2>\n<p><span style=\"color: #072a75;\"><strong>Kinder- u. Jugendwettbewerb HAMBURGER ABRECHNUNG<\/strong><\/span><\/p>\n<p><span style=\"color: #072a75;\">Bester, Genre: VOCAL<\/span><\/p>\n<p><span style=\"color: #072a75;\">Bester, Genre: CHOREOGRAPHIE<\/span><\/p>\n<p><span style=\"color: #072a75;\"><strong>13. Tanzolymp Internationaler Tanzwettbewerb, Berlin<\/strong><\/span><\/p>\n<p><span style=\"color: #ff0000;\"><strong>2.<\/strong> Platz<\/span> <span style=\"color: #072a75;\"><em>Kategorie\u00a0Modern Dance<\/em><\/span><\/p>\n<p><span style=\"color: #072a75;\">An dem Wettbewerb, an dem tausend junge T\u00e4nzer aus 120 staatlichen und privaten Schulen aus 38 L\u00e4ndern teilnahmen, wurden\u00a0in drei Tagen \u00fcber 700 T\u00e4nze in den Kategorien Klassisches Ballett, Moderner Tanz und Charaktertanz zur Wertung gestellt. Vertreten waren staatliche Schulen aus Berlin, Stuttgart, Lissabon, Moskau, Brasilien und Korea. Der <strong>Tanzolymp<\/strong> ist der renommierteste Jugendtanzwettbewerb der Welt.<\/span><\/p>\n<h2 style=\"text-align: left;\" align=\"center\"><span style=\"color: #072a75;\">2015<\/span><\/h2>\n<p><span style=\"color: #072a75;\">Das internationale Kinder- und Jugendfestival<strong>\u00a0\u201eMay Fantasy\u201c,\u00a0<\/strong><strong>Prag:\u00a0<\/strong><\/span><span style=\"color: #ff0000;\"><strong>\u00a0\u201eGRAND PRIX\u201c<\/strong><\/span><\/p>\n<h2 style=\"text-align: left;\" align=\"center\"><span style=\"color: #072a75;\">2014<\/span><\/h2>\n<p style=\"text-align: left;\" align=\"center\"><span style=\"color: #072a75;\"><strong>STERNE DES SPORTS 2014<br \/>\n<\/strong><\/span><\/p>\n<p align=\"center\"><img loading=\"lazy\" decoding=\"async\" class=\"aligncenter size-medium wp-image-3467\" src=\"https:\/\/tanz-bruecke.de\/ja\/wp-content\/uploads\/2014\/09\/Urkunde-300x199.jpg\" alt=\"\" width=\"300\" height=\"199\" srcset=\"https:\/\/tanz-bruecke.de\/ja\/wp-content\/uploads\/2014\/09\/Urkunde-300x199.jpg 300w, https:\/\/tanz-bruecke.de\/ja\/wp-content\/uploads\/2014\/09\/Urkunde.jpg 2048w\" sizes=\"auto, (max-width: 300px) 100vw, 300px\" \/><\/p>\n<p class=\"entry-title\"><span style=\"color: #072a75;\"><em>Tanzbr\u00fccke Hamburg<\/em> e. V. f\u00fcr das Projekt \u201e<strong>KULTURSPORTLICHE WOCHE<\/strong>\u201c mit dem <strong>silbernen Stern<\/strong> vom DOSB, HSB und der Hamburger Volksbank und somit mit dem 2. Platz f\u00fcr ein beispielhaftes gesellschaftliches Engagement in Hamburg gek\u00fcrt.<\/span><\/p>\n<p><span style=\"color: #072a75;\"><strong>Dance World Cup 2014, Portugal<\/strong><\/span><\/p>\n\n\t\t<style type=\"text\/css\">\n\t\t\t#gallery-1 {\n\t\t\t\tmargin: auto;\n\t\t\t}\n\t\t\t#gallery-1 .gallery-item {\n\t\t\t\tfloat: left;\n\t\t\t\tmargin-top: 10px;\n\t\t\t\ttext-align: center;\n\t\t\t\twidth: 33%;\n\t\t\t}\n\t\t\t#gallery-1 img {\n\t\t\t\tborder: 2px solid #cfcfcf;\n\t\t\t}\n\t\t\t#gallery-1 .gallery-caption {\n\t\t\t\tmargin-left: 0;\n\t\t\t}\n\t\t\t\/* see gallery_shortcode() in wp-includes\/media.php *\/\n\t\t<\/style>\n\t\t<div id='gallery-1' class='gallery galleryid-1350 gallery-columns-3 gallery-size-thumbnail'><dl class='gallery-item'>\n\t\t\t<dt class='gallery-icon landscape'>\n\t\t\t\t<a href='https:\/\/tanz-bruecke.de\/ja\/tanzpadagogische-ausbildung\/oliver-2\/'><img loading=\"lazy\" decoding=\"async\" width=\"150\" height=\"150\" src=\"https:\/\/tanz-bruecke.de\/ja\/wp-content\/uploads\/2012\/08\/Oliver-200x200.jpg\" class=\"attachment-thumbnail size-thumbnail\" alt=\"\" srcset=\"https:\/\/tanz-bruecke.de\/ja\/wp-content\/uploads\/2012\/08\/Oliver-200x200.jpg 200w, https:\/\/tanz-bruecke.de\/ja\/wp-content\/uploads\/2012\/08\/Oliver-120x120.jpg 120w, https:\/\/tanz-bruecke.de\/ja\/wp-content\/uploads\/2012\/08\/Oliver-80x80.jpg 80w\" sizes=\"auto, (max-width: 150px) 100vw, 150px\" \/><\/a>\n\t\t\t<\/dt><\/dl><dl class='gallery-item'>\n\t\t\t<dt class='gallery-icon landscape'>\n\t\t\t\t<a href='https:\/\/tanz-bruecke.de\/ja\/tanzpadagogische-ausbildung\/polzunec-2\/'><img loading=\"lazy\" decoding=\"async\" width=\"150\" height=\"150\" src=\"https:\/\/tanz-bruecke.de\/ja\/wp-content\/uploads\/2012\/08\/Polzunec-200x200.jpg\" class=\"attachment-thumbnail size-thumbnail\" alt=\"\" srcset=\"https:\/\/tanz-bruecke.de\/ja\/wp-content\/uploads\/2012\/08\/Polzunec-200x200.jpg 200w, https:\/\/tanz-bruecke.de\/ja\/wp-content\/uploads\/2012\/08\/Polzunec-120x120.jpg 120w, https:\/\/tanz-bruecke.de\/ja\/wp-content\/uploads\/2012\/08\/Polzunec-80x80.jpg 80w\" sizes=\"auto, (max-width: 150px) 100vw, 150px\" \/><\/a>\n\t\t\t<\/dt><\/dl><dl class='gallery-item'>\n\t\t\t<dt class='gallery-icon landscape'>\n\t\t\t\t<a href='https:\/\/tanz-bruecke.de\/ja\/dreifache-vizeweltmeisterinnen-2014\/spuren-2\/'><img loading=\"lazy\" decoding=\"async\" width=\"150\" height=\"150\" src=\"https:\/\/tanz-bruecke.de\/ja\/wp-content\/uploads\/2014\/07\/SPUREN-200x200.jpg\" class=\"attachment-thumbnail size-thumbnail\" alt=\"\" srcset=\"https:\/\/tanz-bruecke.de\/ja\/wp-content\/uploads\/2014\/07\/SPUREN-200x200.jpg 200w, https:\/\/tanz-bruecke.de\/ja\/wp-content\/uploads\/2014\/07\/SPUREN-120x120.jpg 120w, https:\/\/tanz-bruecke.de\/ja\/wp-content\/uploads\/2014\/07\/SPUREN-80x80.jpg 80w\" sizes=\"auto, (max-width: 150px) 100vw, 150px\" \/><\/a>\n\t\t\t<\/dt><\/dl><br style=\"clear: both\" \/>\n\t\t<\/div>\n\n<p><span style=\"color: #ff0000;\"><strong>Vizeweltmeister<\/strong><\/span> <span style=\"color: #072a75;\">Kategorie\u00a0<em>Modern Dance<\/em> (Altersgruppe: 17 J. u. j\u00fcnger)<\/span><\/p>\n<p><span style=\"color: #ff0000;\"><b>Vizeweltmeister<\/b><\/span> <span style=\"color: #072a75;\"><em>Nationaltanz<\/em> (Altersgruppe: 13 Jahre und j\u00fcnger)<\/span><br \/>\n<span style=\"color: #ff0000;\"><b>Vizeweltmeister<\/b><\/span> <span style=\"color: #072a75;\"><em>Nationaltanz<\/em> (offene Altersgruppe)<\/span><\/p>\n<p><span style=\"color: #072a75;\"><strong>3.<\/strong>\u00a0Platz, Kategorie\u00a0<em>Jazz, Show Dance<\/em> (Altersgruppe: 9 J. u. j\u00fcnger)<\/span><br \/>\n<span style=\"color: #072a75;\"><strong>4.<\/strong>\u00a0Platz, Kategorie\u00a0<em>Gesang und Tanz<\/em>\u00a0(Altersgruppe: 13 J. u. j\u00fcnger)<\/span><br \/>\n<span style=\"color: #072a75;\"><strong>4.<\/strong>\u00a0Platz,\u00a0Kategorie <i>Quartett Modern<\/i> &amp; <i>Contemporary Dance<\/i><\/span><\/p>\n<p><span style=\"color: #072a75;\"><strong>XVIII. Deutscher Ballettwettbewerb, M\u00fcnchen<\/strong><\/span><\/p>\n<p><span style=\"color: #ff0000;\"><strong>Deutscher Meister<\/strong> <\/span><span style=\"color: #072a75;\">Kategorie\u00a0<em>Jazz, Show Dance<\/em> (Altersgruppe: 9 J. u. j\u00fcnger)<\/span><br \/>\n<span style=\"color: #ff0000;\"><strong>2.<\/strong>\u00a0Platz<\/span> <span style=\"color: #072a75;\"><em>Nationaltanz<\/em> Altersgruppe: 13 J. u. j\u00fcnger)<\/span><br \/>\n<span style=\"color: #ff0000;\"><strong>2.<\/strong>\u00a0Platz<\/span> <span style=\"color: #072a75;\"><em>Nationaltanz<\/em> (offene Altersgruppe)<\/span><br \/>\n<span style=\"color: #ff0000;\"><strong>3.<\/strong>\u00a0Platz <\/span><span style=\"color: #072a75;\">Kategorie <em>Jazz, Show Dance<\/em> (Altersgruppe: 9 J. u. j\u00fcnger)<\/span><br \/>\n<span style=\"color: #ff0000;\"><strong>3.<\/strong>\u00a0Platz<\/span> <span style=\"color: #072a75;\">Kategorie <em>Modern Dance<\/em> (Altersgruppe: 17 J. u. j\u00fcnger)<\/span><br \/>\n<span style=\"color: #ff0000;\"><strong>3.<\/strong>\u00a0Platz<\/span> <span style=\"color: #072a75;\">Kategorie <em>Jazz, Show Dance<\/em>\u00a0(Altersgruppe: 17 J. u. j\u00fcnger)<\/span><br \/>\n<span style=\"color: #ff0000;\"><b>3. <\/b>Platz<b> <\/b><\/span><span style=\"color: #072a75;\">Kategorie\u00a0<em>Gesang und Tanz<\/em>\u00a0(Altersgruppe: 13 J. u. j\u00fcnger)<\/span><\/p>\n<h2><span style=\"color: #072a75;\">2013<\/span><\/h2>\n<p><span style=\"color: #072a75;\"><strong>10. <strong>Tanzolymp <\/strong>Internationaler Tanzwettbewerb,\u00a0<strong>Berlin<\/strong><\/strong><\/span><\/p>\n<p><span style=\"color: #ff0000;\"><strong>3.<\/strong> Platz<\/span> <span style=\"color: #072a75;\"><em>Kategorie\u00a0Modern Dance<\/em><\/span><\/p>\n<p><span style=\"color: #072a75;\"><em>Bei dem Wettbewerb nahmen \u00fcber 2.000 TeilnehmerInnen aus 40 L\u00e4ndern teil.<\/em><\/span><\/p>\n<p><span style=\"color: #072a75;\"><strong>Zu den Jurymitgliedern von TANZOLYMP- 2013 geh\u00f6rten:<\/strong><\/span><\/p>\n<p><span style=\"color: #072a75;\"><em>Vladimir Vasiliev,<\/em> ehemaliger Direktor des Bolshoi Theater in Moskau; <em>Vladimir Malakhov,<\/em> Intendant des Berliner Staatsballetts, Deutschland; <em>Prof. Jan Broeckx,<\/em> Leiter der Ballett-Akademie M\u00fcnchen; <em>Tadeusz<\/em> <em>Matacz,<\/em> Direktor der John Cranko-Schule Stuttgart; <em>Pedro Carneiro,<\/em> Leiter der Tanz-Konservatorium Lissabon; <em>Naoki Takagishi,<\/em> K\u00fcnstlerischer Leiter des Tokio Ballet, Japan; <em>Eric Vu An,<\/em> Leiter von Ballet Nice M\u00e9diterran\u00e9e, Frankreich; <em>Federic Olivieri,<\/em> Leiter der Ballettschule La Scala, Teatro di Milano;<em> Steffi Scherzer,<\/em> Leiterin der Hochschule f\u00fcr Tanz und Musik Z\u00fcrich, Schweiz.<\/span><\/p>\n<h2><span style=\"color: #072a75;\">2012<\/span><\/h2>\n<p><span style=\"color: #072a75;\"><strong>9. <strong>Tanzolymp <\/strong>Internationaler Tanzwettbewerb,\u00a0<strong>Berlin<\/strong><\/strong><\/span><\/p>\n<address><span style=\"color: #ff0000;\"><strong>GOLD<\/strong><\/span> <span style=\"color: #0e2a87;\">Kategorie\u00a0<em>Volks, Charakter und Poptanz<\/em><\/span><\/address>\n<address>\u00a0<\/address>\n<address><img loading=\"lazy\" decoding=\"async\" class=\"aligncenter size-medium wp-image-1446\" src=\"https:\/\/tanz-bruecke.de\/ja\/wp-content\/uploads\/2012\/11\/Urkunde-Tanzolymp-2012-2-212x300.jpg\" alt=\"\" width=\"212\" height=\"300\" srcset=\"https:\/\/tanz-bruecke.de\/ja\/wp-content\/uploads\/2012\/11\/Urkunde-Tanzolymp-2012-2-212x300.jpg 212w, https:\/\/tanz-bruecke.de\/ja\/wp-content\/uploads\/2012\/11\/Urkunde-Tanzolymp-2012-2.jpg 453w\" sizes=\"auto, (max-width: 212px) 100vw, 212px\" \/><\/address>\n<h2><span style=\"color: #072a75;\">2011<\/span><\/h2>\n<div align=\"center\">\n<p style=\"text-align: left;\"><span style=\"color: #072a75;\"><strong>Dance World Cup 2011, Paris<\/strong><\/span><br \/>\n<span style=\"color: #ff0000;\"><strong>Vizeweltmeister<\/strong><\/span> <span style=\"color: #072a75;\">Kategorie <em>Nationaltanz<\/em> (Altersgruppe: 13 Jahre und j\u00fcnger)<\/span><br \/>\n<span style=\"color: #ff0000;\"><strong>3.<\/strong>\u00a0Platz<\/span> <span style=\"color: #072a75;\"><em>Nationaltanz<\/em> (Altersgruppe: 9 Jahre und j\u00fcnger)<\/span><br \/>\n<span style=\"color: #072a75;\"><strong>4.<\/strong>\u00a0Platz, Kategorie <em>Solo Gesang und Tanz<\/em> (Altersgruppe: 13 Jahre und j\u00fcnger)<\/span><br \/>\n<span style=\"color: #072a75;\"><strong>8.<\/strong>\u00a0Platz, Kategorie <em>Modern Dance<\/em> (Altersgruppe: 13 Jahre und j\u00fcnger)<\/span><\/p>\n<p style=\"text-align: left;\"><span style=\"color: #072a75;\"><strong>XV. Deutscher Ballettwettbewerb, M\u00fcnchen<\/strong><\/span><br \/>\n<span style=\"color: #ff0000;\"><strong>Deutscher Meister<\/strong><\/span><span style=\"color: #072a75;\"> Kategorie <em>Nationaltanz<\/em> (Altersgruppe: 13 Jahre und j\u00fcnger)<\/span><br \/>\n<span style=\"color: #ff0000;\"><strong>2.<\/strong>\u00a0Platz<\/span> <span style=\"color: #072a75;\">Kategorie <em>Solo Gesang und Tanz<\/em> (Altersgruppe: 13 Jahre und j\u00fcnger)<\/span><br \/>\n<span style=\"color: #ff0000;\"><strong>2.<\/strong>\u00a0Platz<\/span> <span style=\"color: #072a75;\"><em>Nationaltanz<\/em> (Altersgruppe: 9 Jahre und j\u00fcnger)<\/span><br \/>\n<span style=\"color: #072a75;\"><strong>3.<\/strong>\u00a0Platz, Kategorie <em>Jazz, Show Dance<\/em> (Altersgruppe: 9 Jahre und j\u00fcnger)<\/span><br \/>\n<span style=\"color: #072a75;\"><strong>4.<\/strong>\u00a0Platz, Kategorie <em>Modern Dance<\/em> (Altersgruppe: 13 Jahre und j\u00fcnger)<\/span><br \/>\n<span style=\"color: #072a75;\"><strong>5.<\/strong>\u00a0Platz, Kategorie <em>Nationaltanz<\/em> (offene Altersgruppe)<\/span><\/p>\n<h2 style=\"text-align: left;\"><span style=\"color: #072a75;\">2010<\/span><\/h2>\n<p style=\"text-align: left;\"><span style=\"color: #072a75;\"><strong>Dance World Cup 2010, Sardinien<\/strong><\/span><br \/>\n<span style=\"color: #ff0000;\"><strong>Weltmeister<\/strong><\/span> <span style=\"color: #072a75;\">Kategorie Show und Modern, Alter unter 9 J.<\/span><br \/>\n<span style=\"color: #ff0000;\"><strong>Vizeweltmeister<\/strong><\/span> <span style=\"color: #072a75;\">Kategorie Nationaltanz, Alter unter 13 J.<\/span><br \/>\n<span style=\"color: #072a75;\"><strong>7.<\/strong>\u00a0Platz in der Kategorie Nationaltanz, offene Alterskategorie<\/span><\/p>\n<p style=\"text-align: left;\"><span style=\"color: #072a75;\"><strong>XIV. Deutscher Ballettwettbewerb, M\u00fcnchen<\/strong><\/span><br \/>\n<span style=\"color: #ff0000;\"><strong>Deutscher Meister<\/strong><\/span> <span style=\"color: #072a75;\">Kategorie Jazz, Show Dance (Altersstufe: 9 Jahre und j\u00fcnger)<\/span><br \/>\n<span style=\"color: #ff0000;\"><strong>Deutscher Meister<\/strong><\/span> <span style=\"color: #072a75;\">Kategorie Nationaltanz (Altersstufe: 13 Jahre und j\u00fcnger)<\/span><br \/>\n<span style=\"color: #ff0000;\"><strong>3.<\/strong>\u00a0Platz<\/span> <span style=\"color: #072a75;\">Kategorie Nationaltanz (offene Altersgruppe)<\/span><\/p>\n<h2 style=\"text-align: left;\"><span style=\"color: #072a75;\">2008<\/span><\/h2>\n<p style=\"text-align: left;\"><span style=\"color: #ff0000;\"><strong>1.<\/strong>\u00a0Platz<\/span> <span style=\"color: #072a75;\">Landeswettbewerb &#8222;Jugend tanzt&#8220;<\/span><br \/>\n<span style=\"color: #072a75;\">Alter 14-27 Jahre, Kategorie Modern<\/span><br \/>\n<span style=\"color: #ff0000;\"><strong>2.<\/strong>\u00a0Platz<\/span> <span style=\"color: #072a75;\">Landeswettbewerb &#8222;Jugend tanzt&#8220;<\/span><br \/>\n<span style=\"color: #072a75;\">Alter 10-14 Jahre, Kategorie Nationaltanz<\/span><\/p>\n<h2 style=\"text-align: left;\"><span style=\"color: #072a75;\">2007<\/span><\/h2>\n<p style=\"text-align: left;\"><span style=\"color: #ff0000;\"><strong>2.<\/strong>\u00a0Platz<\/span> &#8222;<span style=\"color: #072a75;\">Bundeswettbewerb &#8222;Jugend tanzt&#8220;<\/span><br \/>\n<span style=\"color: #072a75;\">Alter 10-14 Jahre, Kategorie Nationaltanz<\/span><br \/>\n<span style=\"color: #ff0000;\"><strong>2.<\/strong>\u00a0Platz<\/span> <span style=\"color: #072a75;\">Bundeswettbewerb &#8222;Jugend tanzt&#8220;<\/span><br \/>\n<span style=\"color: #072a75;\">Alter 14-27 Jahre, Kategorie Nationaltanz<\/span><\/p>\n<h2 style=\"text-align: left;\"><span style=\"color: #072a75;\">2006<\/span><\/h2>\n<p style=\"text-align: left;\"><span style=\"color: #ff0000;\"><strong>1.<\/strong>\u00a0Platz<\/span><span style=\"color: #072a75;\"> Landeswettbewerb &#8222;Jugend tanzt&#8220;<\/span><br \/>\n<span style=\"color: #072a75;\">Alter 10-14 Jahre, Kategorie Nationaltanz<\/span><br \/>\n<span style=\"color: #ff0000;\"><strong>1.<\/strong>\u00a0Platz<\/span> <span style=\"color: #072a75;\">Landeswettbewerb &#8222;Jugend tanzt&#8220;<\/span><br \/>\n<span style=\"color: #072a75;\">Alter 14-27 Jahre, Kategorie Nationaltanz<\/span><\/p>\n<h2 style=\"text-align: left;\"><span style=\"color: #072a75;\">2005<\/span><\/h2>\n<p style=\"text-align: left;\"><span style=\"color: #ff0000;\"><strong>3.<\/strong>\u00a0Platz<\/span> <span style=\"color: #072a75;\">Bundeswettbewerb &#8222;Jugend tanzt&#8220;<\/span><br \/>\n<span style=\"color: #072a75;\">Alter 14-27 Jahre, Kategorie Nationaltanz<\/span><\/p>\n<h2 style=\"text-align: left;\"><span style=\"color: #072a75;\">2004<\/span><\/h2>\n<p style=\"text-align: left;\"><span style=\"color: #ff0000;\"><strong>1.<\/strong>\u00a0Platz<\/span> <span style=\"color: #072a75;\">Landeswettbewerb &#8222;Jugend tanzt&#8220;<\/span><br \/>\n<span style=\"color: #072a75;\">Alter 14-27 Jahre, Kategorie Nationaltanz<\/span><\/p>\n<\/div>\n<div align=\"center\"><\/div>\n<div align=\"center\">\u00a0<a href=\"http:\/\/tanz-bruecke.de\/images\/ref\/urpbs.jpg\"><img loading=\"lazy\" decoding=\"async\" src=\"http:\/\/tanz-bruecke.de\/images\/ref\/urpbs_t.jpg\" alt=\"\" width=\"123\" height=\"200\" border=\"0\" \/><\/a>\u00a0<a href=\"http:\/\/tanz-bruecke.de\/images\/ref\/urstpbf.jpg\"><img loading=\"lazy\" decoding=\"async\" src=\"http:\/\/tanz-bruecke.de\/images\/ref\/urstpbf_t.jpg\" alt=\"\" width=\"123\" height=\"200\" border=\"0\" \/><\/a>\u00a0<a href=\"http:\/\/tanz-bruecke.de\/images\/ref\/urzel.jpg\"><img loading=\"lazy\" decoding=\"async\" src=\"http:\/\/tanz-bruecke.de\/images\/ref\/urzel_t.jpg\" alt=\"\" width=\"123\" height=\"200\" border=\"0\" \/><\/a><\/div>\n","protected":false},"excerpt":{"rendered":"<p>2023 XXV. DEUTSCHER BALLETTWETTBEWERB GOLD 5x , SILBER 3x &nbsp; REGIONALWETTBEWERB zum XXV. Deutschen Ballettwettbewerb GOLD 9x, SILBER 2x, BRONZE 3x 2022 MEDAILLE in Bronze f\u00fcr TREUE ARBEIT IM DIENSTE DES VOLKES Der B\u00fcrgermeister der Hansestadt Hamburg, Dr. Tschentscher, verleiht an Natalia Dergatcheva die Medaille f\u00fcr TREUE ARBEIT IM DIENSTE DES VOLKES in Bronze. 2021 [&hellip;]<\/p>\n","protected":false},"author":3,"featured_media":0,"parent":1400,"menu_order":3,"comment_status":"open","ping_status":"open","template":"","meta":{"footnotes":""},"class_list":["post-1350","page","type-page","status-publish","hentry","entry"],"_links":{"self":[{"href":"https:\/\/tanz-bruecke.de\/ja\/wp-json\/wp\/v2\/pages\/1350","targetHints":{"allow":["GET"]}}],"collection":[{"href":"https:\/\/tanz-bruecke.de\/ja\/wp-json\/wp\/v2\/pages"}],"about":[{"href":"https:\/\/tanz-bruecke.de\/ja\/wp-json\/wp\/v2\/types\/page"}],"author":[{"embeddable":true,"href":"https:\/\/tanz-bruecke.de\/ja\/wp-json\/wp\/v2\/users\/3"}],"replies":[{"embeddable":true,"href":"https:\/\/tanz-bruecke.de\/ja\/wp-json\/wp\/v2\/comments?post=1350"}],"version-history":[{"count":96,"href":"https:\/\/tanz-bruecke.de\/ja\/wp-json\/wp\/v2\/pages\/1350\/revisions"}],"predecessor-version":[{"id":12208,"href":"https:\/\/tanz-bruecke.de\/ja\/wp-json\/wp\/v2\/pages\/1350\/revisions\/12208"}],"up":[{"embeddable":true,"href":"https:\/\/tanz-bruecke.de\/ja\/wp-json\/wp\/v2\/pages\/1400"}],"wp:attachment":[{"href":"https:\/\/tanz-bruecke.de\/ja\/wp-json\/wp\/v2\/media?parent=1350"}],"curies":[{"name":"wp","href":"https:\/\/api.w.org\/{rel}","templated":true}]}}