{"id":13210,"date":"2025-01-20T16:25:06","date_gmt":"2025-01-20T16:25:06","guid":{"rendered":"https:\/\/tanz-bruecke.de\/ja\/?page_id=13210"},"modified":"2025-06-19T19:15:59","modified_gmt":"2025-06-19T19:15:59","slug":"richtlinien","status":"publish","type":"page","link":"https:\/\/tanz-bruecke.de\/ja\/richtlinien\/","title":{"rendered":"Richtlinien"},"content":{"rendered":"\n<p>Tanzbr\u00fccke Hamburg e.V. ist eine gemeinn\u00fctzige Organisation, die sich der F\u00f6rderung von Tanz und Bewegung als universelle Sprache zur \u00dcberbr\u00fcckung kultureller und sozialer Unterschiede verschrieben hat. Unser Ziel ist es, Menschen aller Altersgruppen und Herkunft durch Tanz und k\u00f6rperliche Aktivit\u00e4t zusammenzubringen, um Kultur, Bildung und sozialen Zusammenhalt zu f\u00f6rdern.<\/p>\n\n\n\n<p><strong>Satzung von Tanzbr\u00fccke Hamburg e.V.<\/strong><\/p>\n\n\n\n<p><a href=\"https:\/\/tanz-bruecke.de\/ja\/wp-content\/uploads\/2025\/01\/SATZUNG_TBHH.pdf\" target=\"_blank\" rel=\"noopener\">Die Satzung<\/a> unseres Vereins legt die rechtlichen und organisatorischen Rahmenbedingungen unserer Arbeit fest. Sie definiert die gemeinn\u00fctzigen Ziele, nach denen wir streben, und die Prinzipien, die unsere t\u00e4gliche Arbeit leiten. Unsere Satzung ist ein wesentliches Dokument, das die Grundlage f\u00fcr die Entscheidungsfindung und die Entwicklung von Strategien bildet. Durch diese Ma\u00dfnahmen und Richtlinien sichert Tanzbr\u00fccke Hamburg e.V. ein hohes Ma\u00df an Professionalit\u00e4t und f\u00f6rdert eine Kultur der Inklusion und des respektvollen Miteinanders.<\/p>\n\n\n\n<hr class=\"wp-block-separator has-alpha-channel-opacity\"\/>\n\n\n\n<p><strong>Umfang der Steuerbefreiung gem\u00e4\u00df Freistellungsbescheid<\/strong><\/p>\n\n\n\n<p>Die K\u00f6rperschaft ist nach $ 5 Abs.&nbsp; Nr. 9 KStG von der K\u00f6rperschaftssteuer befreit. Sie ist nach \u00a7 3 Nr. 6 GewStG von der Gewerbesteuer befreit.<\/p>\n\n\n\n<p><strong>Hinweise zu steuerbeg\u00fcnstigten Zwecken<\/strong><\/p>\n\n\n\n<p>Die K\u00f6rperschaft f\u00f6rdert im Sinne der $$ 51 ff. AO ausschlie\u00dflich und unmittelbar folgende gemeinn\u00fctzige Zwecke:<\/p>\n\n\n\n<ul class=\"wp-block-list\">\n<li>F\u00f6rderung von Kunst und Kultur (\u00a7 52 Abs. 2 Satz 1 Nr. 5 AO)<\/li>\n\n\n\n<li>F\u00f6rderung der Volks- und Berufsbildung einschlie\u00dflich der Studentenhilfe (\u00a7 52 Abs. 2 Satz 1 Nr. 7 AO)<\/li>\n\n\n\n<li>F\u00f6rderung internationaler Gesinnung, der Toleranz auf allen Gebieten der Kultur und des V\u00f6lkerverst\u00e4ndigungsgedankens (\u00a7 52 Abs.2 Satz 1 Nr. 13 AO)<\/li>\n\n\n\n<li>Forderung des Sports (S 52 ADS. 2 SATZ 1 Nr. 41 AU)<\/li>\n<\/ul>\n\n\n\n<p><strong>Hinweis zur Ausstellung von Zuwendungsbest\u00e4tigungen<\/strong><\/p>\n\n\n\n<p>Die K\u00f6rperschaft ist berechtigt, f\u00fcr Spenden, die ihr zur Verwendung f\u00fcr diese Zwecke zugewendet werden, Zuwendungsbest\u00e4tigungen nach amtlich vorgeschriebenem Vordruck (\u00a7 50 Abs. 1 EStDV) auszustellen. Die amtlichen Muster f\u00fcr die Ausstellung steuerlicher Zuwendungsbest\u00e4tigungen stehen im Internet unter https:\/\/www.formulare-bfinv.de als ausf\u00fcllbare Formulare zur Verf\u00fcgung.<\/p>\n\n\n\n<hr class=\"wp-block-separator has-alpha-channel-opacity\"\/>\n\n\n\n<p><strong>Kinderschutzkonzept<\/strong><\/p>\n\n\n\n<p>Der Schutz der uns anvertrauten Kinder und Jugendlichen hat h\u00f6chste Priorit\u00e4t. <a href=\"https:\/\/tanz-bruecke.de\/ja\/wp-content\/uploads\/2025\/01\/TBHH-Kinderschutzkonzept-2025.pdf\" target=\"_blank\" rel=\"noopener\">Unser Kinderschutzkonzept<\/a> umfasst Richtlinien und Verfahren, um eine sichere und f\u00f6rderliche Umgebung f\u00fcr alle jungen Teilnehmenden zu gew\u00e4hrleisten. Es dient dazu, deren Wohlbefinden zu sch\u00fctzen und zu f\u00f6rdern.<\/p>\n\n\n\n<p>In Zusammenarbeit mit dem Hamburger Sportbund (HSB) und der Hamburger Sportjugend (HSJ) setzen wir uns aktiv f\u00fcr die Pr\u00e4vention von sexualisierter Gewalt (PSG) an Kindern und Jugendlichen ein. Unser Ziel ist es, ein sicheres Umfeld im Sport zu schaffen, gegenseitigen Respekt zu f\u00f6rdern und Toleranz im Umgang miteinander zu st\u00e4rken.<\/p>\n\n\n\n<p>Zu diesem Zweck haben wir klare Verhaltensregeln f\u00fcr unsere Mitarbeiter:innen, Ehrenamtliche und Mitglieder formuliert und uns dem Ehrenkodex des DOSB verpflichtet. Der Umgang mit Verdachtsf\u00e4llen ist in einer transparenten Vorgehensweise geregelt.<\/p>\n\n\n\n<div class=\"wp-block-group is-layout-grid wp-container-coregroup-is-layout-9649a0d9 wp-block-group-is-layout-grid\">\n<figure class=\"wp-block-image size-large wp-container-content-69bc4bdf\"><img loading=\"lazy\" decoding=\"async\" width=\"802\" height=\"1024\" src=\"https:\/\/tanz-bruecke.de\/ja\/wp-content\/uploads\/2021\/10\/ELENA-3-802x1024.jpg\" alt=\"\" class=\"wp-image-11757\" srcset=\"https:\/\/tanz-bruecke.de\/ja\/wp-content\/uploads\/2021\/10\/ELENA-3-802x1024.jpg 802w, https:\/\/tanz-bruecke.de\/ja\/wp-content\/uploads\/2021\/10\/ELENA-3-235x300.jpg 235w, https:\/\/tanz-bruecke.de\/ja\/wp-content\/uploads\/2021\/10\/ELENA-3-768x980.jpg 768w, https:\/\/tanz-bruecke.de\/ja\/wp-content\/uploads\/2021\/10\/ELENA-3.jpg 1521w\" sizes=\"auto, (max-width: 802px) 100vw, 802px\" \/><\/figure>\n\n\n\n<p class=\"wp-container-content-e29552f7\"><strong>Kinderschutzbeauftragte<\/strong><br>Elena Dergatcheva<br>Mobil: +4915754723404<br>E-Mail: <a href=\"mailto:e.dergatcheva@tanzbruecke.de\">e.dergatcheva@tanzbruecke.de<\/a><\/p>\n<\/div>\n\n\n\n<hr class=\"wp-block-separator has-alpha-channel-opacity\"\/>\n\n\n\n<div class=\"wp-block-group is-layout-grid wp-container-coregroup-is-layout-9649a0d9 wp-block-group-is-layout-grid\">\n<figure class=\"wp-block-image size-large\"><img loading=\"lazy\" decoding=\"async\" width=\"572\" height=\"1024\" src=\"https:\/\/tanz-bruecke.de\/ja\/wp-content\/uploads\/2025\/06\/OksanaZiberi-572x1024.jpg\" alt=\"\" class=\"wp-image-13348\" srcset=\"https:\/\/tanz-bruecke.de\/ja\/wp-content\/uploads\/2025\/06\/OksanaZiberi-572x1024.jpg 572w, https:\/\/tanz-bruecke.de\/ja\/wp-content\/uploads\/2025\/06\/OksanaZiberi-168x300.jpg 168w, https:\/\/tanz-bruecke.de\/ja\/wp-content\/uploads\/2025\/06\/OksanaZiberi.jpg 643w\" sizes=\"auto, (max-width: 572px) 100vw, 572px\" \/><\/figure>\n\n\n\n<p class=\"wp-container-content-e29552f7\"><strong>Ansprechpartnerin f\u00fcr Pr\u00e4vention sexualisierter Gewalt<\/strong><br>Oksana Ziberi<br>Mobil: \u202a+49 162 8477770\u202c<br>E-Mail: <a href=\"mailto:o.ziberi@tanzbruecke.de\">o.ziberi@tanzbruecke.de<\/a><\/p>\n\n\n\n<p class=\"wp-container-content-e29552f7\"><\/p>\n<\/div>\n\n\n\n<hr class=\"wp-block-separator has-alpha-channel-opacity\"\/>\n\n\n\n<p><strong>Verhaltenskodex<\/strong><\/p>\n\n\n\n<p><a href=\"https:\/\/tanz-bruecke.de\/ja\/wp-content\/uploads\/2025\/01\/TBHH-Verhaltenskodex.pdf\" target=\"_blank\" rel=\"noopener\">Der Verhaltenskodex<\/a> von Tanzbr\u00fccke Hamburg e.V. definiert die ethischen Standards und Verhaltensregeln, die unsere Mitarbeiter:innen, Ehrenamtliche und Mitglieder beachten m\u00fcssen. Dieser Kodex ist die Grundlage f\u00fcr unser t\u00e4gliches Handeln und Zusammenarbeiten und unterst\u00fctzt uns dabei, unser Engagement f\u00fcr Integrit\u00e4t und Professionalit\u00e4t aufrechtzuerhalten.<\/p>\n\n\n\n<hr class=\"wp-block-separator has-alpha-channel-opacity\"\/>\n\n\n\n<p><strong>Antidiskriminierungsrichtlinien<\/strong> Tanzbr\u00fccke Hamburg e.V. verfolgt eine strikte Nulltoleranzpolitik gegen\u00fcber jeglicher Form von Diskriminierung und Mobbing. Unsere <a href=\"https:\/\/tanz-bruecke.de\/ja\/wp-content\/uploads\/2025\/01\/TBHH-Antidiskriminierungsrichtlinien.pdf\" target=\"_blank\" rel=\"noopener\">Antidiskriminierungsrichtlinien<\/a> f\u00f6rdern ein Umfeld der Akzeptanz und des Respekts, in dem alle Individuen gleichbehandelt werden und ihre kulturelle Vielfalt wertsch\u00e4tzen k\u00f6nnen.<\/p>\n\n\n\n<hr class=\"wp-block-separator has-alpha-channel-opacity\"\/>\n\n\n\n<p><strong>Beschwerdestelle<\/strong> <strong>f\u00fcr Anfragen und Bedenken<\/strong><\/p>\n\n\n\n<div class=\"wp-block-group is-layout-grid wp-container-coregroup-is-layout-9649a0d9 wp-block-group-is-layout-grid\">\n<figure class=\"wp-block-image size-full\"><img loading=\"lazy\" decoding=\"async\" width=\"168\" height=\"210\" src=\"https:\/\/tanz-bruecke.de\/ja\/wp-content\/uploads\/2025\/01\/NataliaDergatcheva.png\" alt=\"\" class=\"wp-image-13229\" \/><\/figure>\n\n\n\n<p class=\"wp-container-content-e29552f7\">Natalia Dergatcheva<br>Mobil: +49 163 4794766<br>E-Mail: <a href=\"mailto:n.dergatcheva@tanzbruecke.de\">n.dergatcheva@tanzbruecke.de<\/a><\/p>\n\n\n\n<p><\/p>\n\n\n\n<p class=\"wp-container-content-69bc4bdf\"><\/p>\n<\/div>\n\n\n\n<p><\/p>\n","protected":false},"excerpt":{"rendered":"<p>Tanzbr\u00fccke Hamburg e.V. ist eine gemeinn\u00fctzige Organisation, die sich der F\u00f6rderung von Tanz und Bewegung als universelle Sprache zur \u00dcberbr\u00fcckung kultureller und sozialer Unterschiede verschrieben hat. Unser Ziel ist es, Menschen aller Altersgruppen und Herkunft durch Tanz und k\u00f6rperliche Aktivit\u00e4t zusammenzubringen, um Kultur, Bildung und sozialen Zusammenhalt zu f\u00f6rdern. Satzung von Tanzbr\u00fccke Hamburg e.V. Die [&hellip;]<\/p>\n","protected":false},"author":2,"featured_media":0,"parent":0,"menu_order":0,"comment_status":"closed","ping_status":"closed","template":"","meta":{"footnotes":""},"class_list":["post-13210","page","type-page","status-publish","hentry","entry"],"_links":{"self":[{"href":"https:\/\/tanz-bruecke.de\/ja\/wp-json\/wp\/v2\/pages\/13210","targetHints":{"allow":["GET"]}}],"collection":[{"href":"https:\/\/tanz-bruecke.de\/ja\/wp-json\/wp\/v2\/pages"}],"about":[{"href":"https:\/\/tanz-bruecke.de\/ja\/wp-json\/wp\/v2\/types\/page"}],"author":[{"embeddable":true,"href":"https:\/\/tanz-bruecke.de\/ja\/wp-json\/wp\/v2\/users\/2"}],"replies":[{"embeddable":true,"href":"https:\/\/tanz-bruecke.de\/ja\/wp-json\/wp\/v2\/comments?post=13210"}],"version-history":[{"count":20,"href":"https:\/\/tanz-bruecke.de\/ja\/wp-json\/wp\/v2\/pages\/13210\/revisions"}],"predecessor-version":[{"id":13351,"href":"https:\/\/tanz-bruecke.de\/ja\/wp-json\/wp\/v2\/pages\/13210\/revisions\/13351"}],"wp:attachment":[{"href":"https:\/\/tanz-bruecke.de\/ja\/wp-json\/wp\/v2\/media?parent=13210"}],"curies":[{"name":"wp","href":"https:\/\/api.w.org\/{rel}","templated":true}]}}